{"id":4771,"date":"2025-06-30T17:54:24","date_gmt":"2025-06-30T15:54:24","guid":{"rendered":"https:\/\/travel-du.de\/reiseshop\/produkt\/revell-model-set-stranger-things-vw-t3-bus-surfer-boy\/"},"modified":"2025-06-30T18:21:09","modified_gmt":"2025-06-30T16:21:09","slug":"revell-model-set-stranger-things-vw-t3","status":"publish","type":"product","link":"https:\/\/travel-du.de\/reiseshop\/produkt\/revell-model-set-stranger-things-vw-t3\/","title":{"rendered":"Revell Automodel: Stranger Things VW T3 Bus Surfer Boy"},"content":{"rendered":"<p>KULTIGER VW BUS AUS STRANGER THINGS: Der VW T3 \u201eSurfer Boy\u201c Bus ist das Fahrzeug von Argyle in der vierten Staffel von Stranger Things und spielt eine wichtige Rolle bei den Abenteuern der Gruppe.<br \/>\nBEWEGLICHE SCHIEBET\u00dcR UND MEHRTEILIGER MOTOR: Der Bausatz verf\u00fcgt \u00fcber eine bewegliche Schiebet\u00fcr und einen mehrteiligen Motor, die das Modell besonders realistisch machen.<br \/>\nDETAILLIERTE BEMALUNGSHINWEISE UND ABZIEHBILDER: Mit den Bemalungshinweisen und Abziehbildern l\u00e4sst sich der VW T3 wie das Serienfahrzeug gestalten.<br \/>\nRE-INTRO UND NEUE TEILE: Der Bausatz wurde mit neuen Teilen ausgestattet, um die Details des Serienfahrzeugs genau nachzubilden.<br \/>\nUMFASSENDES ZUBEH\u00d6RSET: Das Set enth\u00e4lt Basisfarben, Kleber und Pinsel, um das Modell direkt bauen und bemalen zu k\u00f6nnen.<br \/>\n<div class=\"main-cross-sell\" data-asin=\"B0D2NY6S3G\">\n\n\t<div class=\"WooZone-cross-sell-loader\">\n\t\t<div>\n\t\t\t<div id=\"floatingBarsG\">\n\t\t\t\t<div class=\"blockG\" id=\"rotateG_01\"><\/div>\n\t\t\t\t<div class=\"blockG\" id=\"rotateG_02\"><\/div>\n\t\t\t\t<div class=\"blockG\" id=\"rotateG_03\"><\/div>\n\t\t\t\t<div class=\"blockG\" id=\"rotateG_04\"><\/div>\n\t\t\t\t<div class=\"blockG\" id=\"rotateG_05\"><\/div>\n\t\t\t\t<div class=\"blockG\" id=\"rotateG_06\"><\/div>\n\t\t\t\t<div class=\"blockG\" id=\"rotateG_07\"><\/div>\n\t\t\t\t<div class=\"blockG\" id=\"rotateG_08\"><\/div>\n\t\t\t<\/div>\n\t\t\t<div class=\"WooZone-cross-sell-loader-text\"><\/div>\n\t\t<\/div>\n\t<\/div>\n\n\t\t\n<\/div>\n<div style=\"clear:both;\"><\/div><\/p>\n","protected":false},"excerpt":{"rendered":"<p>KULTIGER VW BUS AUS STRANGER THINGS: Der VW T3 \u201eSurfer Boy\u201c Bus ist das Fahrzeug von Argyle in der vierten Staffel von Stranger Things und spielt eine wichtige Rolle bei den Abenteuern der Gruppe.<br \/>\nBEWEGLICHE SCHIEBET\u00dcR UND MEHRTEILIGER MOTOR: Der Bausatz verf\u00fcgt \u00fcber eine bewegliche Schiebet\u00fcr und einen mehrteiligen Motor, die das Modell besonders realistisch machen.<br \/>\nDETAILLIERTE BEMALUNGSHINWEISE UND ABZIEHBILDER: Mit den Bemalungshinweisen und Abziehbildern l\u00e4sst sich der VW T3 wie das Serienfahrzeug gestalten.<\/p>\n","protected":false},"featured_media":4772,"comment_status":"closed","ping_status":"closed","template":"","meta":[],"product_brand":[],"product_cat":[3860],"product_tag":[],"class_list":{"0":"post-4771","1":"product","2":"type-product","3":"status-publish","4":"has-post-thumbnail","6":"product_cat-t3-geschenke","8":"first","9":"instock","10":"sale","11":"shipping-taxable","12":"product-type-external"},"yoast_head":"<!-- This site is optimized with the Yoast SEO plugin v26.2 - https:\/\/yoast.com\/wordpress\/plugins\/seo\/ -->\n<title>Revell Automodel: Stranger Things VW T3 Bus Surfer Boy &#8211; Reiseshop Travel-du.de<\/title>\n<meta name=\"robots\" content=\"index, follow, max-snippet:-1, max-image-preview:large, max-video-preview:-1\" \/>\n<link rel=\"canonical\" href=\"https:\/\/travel-du.de\/reiseshop\/produkt\/revell-model-set-stranger-things-vw-t3\/\" \/>\n<meta property=\"og:locale\" content=\"de_DE\" \/>\n<meta property=\"og:type\" content=\"article\" \/>\n<meta property=\"og:title\" content=\"Revell Automodel: Stranger Things VW T3 Bus Surfer Boy &#8211; Reiseshop Travel-du.de\" \/>\n<meta property=\"og:description\" content=\"KULTIGER VW BUS AUS STRANGER THINGS: Der VW T3 \u201eSurfer Boy\u201c Bus ist das Fahrzeug von Argyle in der vierten Staffel von Stranger Things und spielt eine wichtige Rolle bei den Abenteuern der Gruppe. BEWEGLICHE SCHIEBET\u00dcR UND MEHRTEILIGER MOTOR: Der Bausatz verf\u00fcgt \u00fcber eine bewegliche Schiebet\u00fcr und einen mehrteiligen Motor, die das Modell besonders realistisch machen. DETAILLIERTE BEMALUNGSHINWEISE UND ABZIEHBILDER: Mit den Bemalungshinweisen und Abziehbildern l\u00e4sst sich der VW T3 wie das Serienfahrzeug gestalten.\" \/>\n<meta property=\"og:url\" content=\"https:\/\/travel-du.de\/reiseshop\/produkt\/revell-model-set-stranger-things-vw-t3\/\" \/>\n<meta property=\"og:site_name\" content=\"Reiseshop Travel-du.de\" \/>\n<meta property=\"article:modified_time\" content=\"2025-06-30T16:21:09+00:00\" \/>\n<meta property=\"og:image\" content=\"https:\/\/travel-du.de\/reiseshop\/wp-content\/uploads\/2025\/06\/Revell-Model-Set-Stranger-Things-VW-T3-Bus-Surfer-Boy-0.jpg\" \/>\n\t<meta property=\"og:image:width\" content=\"500\" \/>\n\t<meta property=\"og:image:height\" content=\"375\" \/>\n\t<meta property=\"og:image:type\" content=\"image\/jpeg\" \/>\n<meta name=\"twitter:card\" content=\"summary_large_image\" \/>\n<meta name=\"twitter:label1\" content=\"Gesch\u00e4tzte Lesezeit\" \/>\n\t<meta name=\"twitter:data1\" content=\"1\u00a0Minute\" \/>\n<script type=\"application\/ld+json\" class=\"yoast-schema-graph\">{\"@context\":\"https:\/\/schema.org\",\"@graph\":[{\"@type\":\"WebPage\",\"@id\":\"https:\/\/travel-du.de\/reiseshop\/produkt\/revell-model-set-stranger-things-vw-t3\/\",\"url\":\"https:\/\/travel-du.de\/reiseshop\/produkt\/revell-model-set-stranger-things-vw-t3\/\",\"name\":\"Revell Automodel: Stranger Things VW T3 Bus Surfer Boy &#8211; Reiseshop Travel-du.de\",\"isPartOf\":{\"@id\":\"https:\/\/travel-du.de\/reiseshop\/#website\"},\"primaryImageOfPage\":{\"@id\":\"https:\/\/travel-du.de\/reiseshop\/produkt\/revell-model-set-stranger-things-vw-t3\/#primaryimage\"},\"image\":{\"@id\":\"https:\/\/travel-du.de\/reiseshop\/produkt\/revell-model-set-stranger-things-vw-t3\/#primaryimage\"},\"thumbnailUrl\":\"https:\/\/travel-du.de\/reiseshop\/wp-content\/uploads\/2025\/06\/Revell-Model-Set-Stranger-Things-VW-T3-Bus-Surfer-Boy-0.jpg\",\"datePublished\":\"2025-06-30T15:54:24+00:00\",\"dateModified\":\"2025-06-30T16:21:09+00:00\",\"breadcrumb\":{\"@id\":\"https:\/\/travel-du.de\/reiseshop\/produkt\/revell-model-set-stranger-things-vw-t3\/#breadcrumb\"},\"inLanguage\":\"de\",\"potentialAction\":[{\"@type\":\"ReadAction\",\"target\":[\"https:\/\/travel-du.de\/reiseshop\/produkt\/revell-model-set-stranger-things-vw-t3\/\"]}]},{\"@type\":\"ImageObject\",\"inLanguage\":\"de\",\"@id\":\"https:\/\/travel-du.de\/reiseshop\/produkt\/revell-model-set-stranger-things-vw-t3\/#primaryimage\",\"url\":\"https:\/\/travel-du.de\/reiseshop\/wp-content\/uploads\/2025\/06\/Revell-Model-Set-Stranger-Things-VW-T3-Bus-Surfer-Boy-0.jpg\",\"contentUrl\":\"https:\/\/travel-du.de\/reiseshop\/wp-content\/uploads\/2025\/06\/Revell-Model-Set-Stranger-Things-VW-T3-Bus-Surfer-Boy-0.jpg\",\"width\":500,\"height\":375},{\"@type\":\"BreadcrumbList\",\"@id\":\"https:\/\/travel-du.de\/reiseshop\/produkt\/revell-model-set-stranger-things-vw-t3\/#breadcrumb\",\"itemListElement\":[{\"@type\":\"ListItem\",\"position\":1,\"name\":\"Startseite\",\"item\":\"https:\/\/travel-du.de\/reiseshop\/\"},{\"@type\":\"ListItem\",\"position\":2,\"name\":\"Shop\",\"item\":\"https:\/\/travel-du.de\/reiseshop\/shop\/\"},{\"@type\":\"ListItem\",\"position\":3,\"name\":\"Revell Automodel: Stranger Things VW T3 Bus Surfer Boy\"}]},{\"@type\":\"WebSite\",\"@id\":\"https:\/\/travel-du.de\/reiseshop\/#website\",\"url\":\"https:\/\/travel-du.de\/reiseshop\/\",\"name\":\"Reiseshop Travel-du.de\",\"description\":\"Der Shop f\u00fcr Reisende, Weltenbummler und Abenteurer\",\"potentialAction\":[{\"@type\":\"SearchAction\",\"target\":{\"@type\":\"EntryPoint\",\"urlTemplate\":\"https:\/\/travel-du.de\/reiseshop\/?s={search_term_string}\"},\"query-input\":{\"@type\":\"PropertyValueSpecification\",\"valueRequired\":true,\"valueName\":\"search_term_string\"}}],\"inLanguage\":\"de\"}]}<\/script>\n<!-- \/ Yoast SEO plugin. -->","yoast_head_json":{"title":"Revell Automodel: Stranger Things VW T3 Bus Surfer Boy &#8211; Reiseshop Travel-du.de","robots":{"index":"index","follow":"follow","max-snippet":"max-snippet:-1","max-image-preview":"max-image-preview:large","max-video-preview":"max-video-preview:-1"},"canonical":"https:\/\/travel-du.de\/reiseshop\/produkt\/revell-model-set-stranger-things-vw-t3\/","og_locale":"de_DE","og_type":"article","og_title":"Revell Automodel: Stranger Things VW T3 Bus Surfer Boy &#8211; Reiseshop Travel-du.de","og_description":"KULTIGER VW BUS AUS STRANGER THINGS: Der VW T3 \u201eSurfer Boy\u201c Bus ist das Fahrzeug von Argyle in der vierten Staffel von Stranger Things und spielt eine wichtige Rolle bei den Abenteuern der Gruppe. BEWEGLICHE SCHIEBET\u00dcR UND MEHRTEILIGER MOTOR: Der Bausatz verf\u00fcgt \u00fcber eine bewegliche Schiebet\u00fcr und einen mehrteiligen Motor, die das Modell besonders realistisch machen. DETAILLIERTE BEMALUNGSHINWEISE UND ABZIEHBILDER: Mit den Bemalungshinweisen und Abziehbildern l\u00e4sst sich der VW T3 wie das Serienfahrzeug gestalten.","og_url":"https:\/\/travel-du.de\/reiseshop\/produkt\/revell-model-set-stranger-things-vw-t3\/","og_site_name":"Reiseshop Travel-du.de","article_modified_time":"2025-06-30T16:21:09+00:00","og_image":[{"width":500,"height":375,"url":"https:\/\/travel-du.de\/reiseshop\/wp-content\/uploads\/2025\/06\/Revell-Model-Set-Stranger-Things-VW-T3-Bus-Surfer-Boy-0.jpg","type":"image\/jpeg"}],"twitter_card":"summary_large_image","twitter_misc":{"Gesch\u00e4tzte Lesezeit":"1\u00a0Minute"},"schema":{"@context":"https:\/\/schema.org","@graph":[{"@type":"WebPage","@id":"https:\/\/travel-du.de\/reiseshop\/produkt\/revell-model-set-stranger-things-vw-t3\/","url":"https:\/\/travel-du.de\/reiseshop\/produkt\/revell-model-set-stranger-things-vw-t3\/","name":"Revell Automodel: Stranger Things VW T3 Bus Surfer Boy &#8211; Reiseshop Travel-du.de","isPartOf":{"@id":"https:\/\/travel-du.de\/reiseshop\/#website"},"primaryImageOfPage":{"@id":"https:\/\/travel-du.de\/reiseshop\/produkt\/revell-model-set-stranger-things-vw-t3\/#primaryimage"},"image":{"@id":"https:\/\/travel-du.de\/reiseshop\/produkt\/revell-model-set-stranger-things-vw-t3\/#primaryimage"},"thumbnailUrl":"https:\/\/travel-du.de\/reiseshop\/wp-content\/uploads\/2025\/06\/Revell-Model-Set-Stranger-Things-VW-T3-Bus-Surfer-Boy-0.jpg","datePublished":"2025-06-30T15:54:24+00:00","dateModified":"2025-06-30T16:21:09+00:00","breadcrumb":{"@id":"https:\/\/travel-du.de\/reiseshop\/produkt\/revell-model-set-stranger-things-vw-t3\/#breadcrumb"},"inLanguage":"de","potentialAction":[{"@type":"ReadAction","target":["https:\/\/travel-du.de\/reiseshop\/produkt\/revell-model-set-stranger-things-vw-t3\/"]}]},{"@type":"ImageObject","inLanguage":"de","@id":"https:\/\/travel-du.de\/reiseshop\/produkt\/revell-model-set-stranger-things-vw-t3\/#primaryimage","url":"https:\/\/travel-du.de\/reiseshop\/wp-content\/uploads\/2025\/06\/Revell-Model-Set-Stranger-Things-VW-T3-Bus-Surfer-Boy-0.jpg","contentUrl":"https:\/\/travel-du.de\/reiseshop\/wp-content\/uploads\/2025\/06\/Revell-Model-Set-Stranger-Things-VW-T3-Bus-Surfer-Boy-0.jpg","width":500,"height":375},{"@type":"BreadcrumbList","@id":"https:\/\/travel-du.de\/reiseshop\/produkt\/revell-model-set-stranger-things-vw-t3\/#breadcrumb","itemListElement":[{"@type":"ListItem","position":1,"name":"Startseite","item":"https:\/\/travel-du.de\/reiseshop\/"},{"@type":"ListItem","position":2,"name":"Shop","item":"https:\/\/travel-du.de\/reiseshop\/shop\/"},{"@type":"ListItem","position":3,"name":"Revell Automodel: Stranger Things VW T3 Bus Surfer Boy"}]},{"@type":"WebSite","@id":"https:\/\/travel-du.de\/reiseshop\/#website","url":"https:\/\/travel-du.de\/reiseshop\/","name":"Reiseshop Travel-du.de","description":"Der Shop f\u00fcr Reisende, Weltenbummler und Abenteurer","potentialAction":[{"@type":"SearchAction","target":{"@type":"EntryPoint","urlTemplate":"https:\/\/travel-du.de\/reiseshop\/?s={search_term_string}"},"query-input":{"@type":"PropertyValueSpecification","valueRequired":true,"valueName":"search_term_string"}}],"inLanguage":"de"}]}},"_links":{"self":[{"href":"https:\/\/travel-du.de\/reiseshop\/wp-json\/wp\/v2\/product\/4771","targetHints":{"allow":["GET"]}}],"collection":[{"href":"https:\/\/travel-du.de\/reiseshop\/wp-json\/wp\/v2\/product"}],"about":[{"href":"https:\/\/travel-du.de\/reiseshop\/wp-json\/wp\/v2\/types\/product"}],"replies":[{"embeddable":true,"href":"https:\/\/travel-du.de\/reiseshop\/wp-json\/wp\/v2\/comments?post=4771"}],"wp:featuredmedia":[{"embeddable":true,"href":"https:\/\/travel-du.de\/reiseshop\/wp-json\/wp\/v2\/media\/4772"}],"wp:attachment":[{"href":"https:\/\/travel-du.de\/reiseshop\/wp-json\/wp\/v2\/media?parent=4771"}],"wp:term":[{"taxonomy":"product_brand","embeddable":true,"href":"https:\/\/travel-du.de\/reiseshop\/wp-json\/wp\/v2\/product_brand?post=4771"},{"taxonomy":"product_cat","embeddable":true,"href":"https:\/\/travel-du.de\/reiseshop\/wp-json\/wp\/v2\/product_cat?post=4771"},{"taxonomy":"product_tag","embeddable":true,"href":"https:\/\/travel-du.de\/reiseshop\/wp-json\/wp\/v2\/product_tag?post=4771"}],"curies":[{"name":"wp","href":"https:\/\/api.w.org\/{rel}","templated":true}]}}