{"id":465,"date":"2016-12-26T15:59:13","date_gmt":"2016-12-26T14:59:13","guid":{"rendered":"http:\/\/travel-du.de\/reiseshop\/produkt\/journeyman-1-mann-5-kontinente-und-jede-menge-jobs\/"},"modified":"2016-12-26T19:46:40","modified_gmt":"2016-12-26T18:46:40","slug":"journeyman-1-mann-5-kontinente-und-jede-menge-jobs","status":"publish","type":"product","link":"https:\/\/travel-du.de\/reiseshop\/produkt\/journeyman-1-mann-5-kontinente-und-jede-menge-jobs\/","title":{"rendered":"Journeyman: 1 Mann, 5 Kontinente und jede Menge Jobs"},"content":{"rendered":"<p>Autor Fabian Sixtus K\u00f6rner hat nur 255 Euro auf dem Konto. Genug um eine Weltreise zu starten. Dabei tauscht er seine F\u00e4higkeiten als Designer und Architekt f\u00fcr Kost und Logis ein. Raus kommt ein Buch voller spannender Begegnungen und Geschichten eines wahren Lebensk\u00fcnstlers und Globetrotters.<\/p>\n<p><strong>geeignet f\u00fcr:<\/strong><\/p>\n<ul>\n<li>Abenteurer, die sich inspirieren lassen wollen.<\/li>\n<\/ul>\n<p><strong>Daten:<\/strong><\/p>\n<ul>\n<li><b>Broschiert:<\/b> 288 Seiten<\/li>\n<li><b>Verlag:<\/b> Ullstein extra (11. November 2013)<\/li>\n<li><b>Sprache:<\/b> Deutsch<\/li>\n<li><b>ISBN-10:<\/b> 3864930146<\/li>\n<li><b>ISBN-13:<\/b> 978-3864930140<\/li>\n<li><b>Gr\u00f6\u00dfe und\/oder Gewicht: <\/b>13,5 x 4,1 x 20,7 cm<\/li>\n<\/ul>\n<div class=\"main-cross-sell\" data-asin=\"3864930146\">\n\n\t<div class=\"WooZone-cross-sell-loader\">\n\t\t<div>\n\t\t\t<div id=\"floatingBarsG\">\n\t\t\t\t<div class=\"blockG\" id=\"rotateG_01\"><\/div>\n\t\t\t\t<div class=\"blockG\" id=\"rotateG_02\"><\/div>\n\t\t\t\t<div class=\"blockG\" id=\"rotateG_03\"><\/div>\n\t\t\t\t<div class=\"blockG\" id=\"rotateG_04\"><\/div>\n\t\t\t\t<div class=\"blockG\" id=\"rotateG_05\"><\/div>\n\t\t\t\t<div class=\"blockG\" id=\"rotateG_06\"><\/div>\n\t\t\t\t<div class=\"blockG\" id=\"rotateG_07\"><\/div>\n\t\t\t\t<div class=\"blockG\" id=\"rotateG_08\"><\/div>\n\t\t\t<\/div>\n\t\t\t<div class=\"WooZone-cross-sell-loader-text\"><\/div>\n\t\t<\/div>\n\t<\/div>\n\n\t\t\n<\/div>\n<div style=\"clear:both;\"><\/div>\n","protected":false},"excerpt":{"rendered":"<p>Autor Fabian Sixtus K\u00f6rner hat nur 255 Euro auf dem Konto. Genug um eine Weltreise zu starten. Dabei tauscht er seine F\u00e4higkeiten als Designer und Architekt f\u00fcr Kost und Logis ein. Raus kommt ein Buch voller spannender Begegnungen und Geschichten eines wahren Lebensk\u00fcnstlers und Globetrotters.<\/p>\n<p><a target=\"_blank\" href=\"https:\/\/www.amazon.de\/Journeyman-Mann-Kontinente-jede-Menge\/dp\/3864930146\/ref=as_li_ss_tl?_encoding=UTF8&#038;psc=1&#038;refRID=MQP5FKJGHZ3Q3GX4RJBC&#038;linkCode=ll1&#038;tag=wwwtraveldude-21&#038;linkId=86b6a0cae82493b8350b462590e2b494\"><\/p>\n<div class=\"amazon-button\" style=\"text-align: center;\">\u21d2 Direkt bei Amazon bestellen.<\/div>\n<p><\/a><\/p>\n","protected":false},"featured_media":466,"comment_status":"open","ping_status":"closed","template":"","meta":[],"product_brand":[],"product_cat":[87,101],"product_tag":[],"class_list":{"0":"post-465","1":"product","2":"type-product","3":"status-publish","4":"has-post-thumbnail","6":"product_cat-zu-hause","7":"product_cat-reiseliteratur","9":"first","10":"instock","11":"shipping-taxable","12":"product-type-external"},"yoast_head":"<!-- This site is optimized with the Yoast SEO plugin v27.4 - https:\/\/yoast.com\/product\/yoast-seo-wordpress\/ -->\n<title>Journeyman: 1 Mann, 5 Kontinente und jede Menge Jobs &#8211; Reiseshop Travel-du.de<\/title>\n<meta name=\"robots\" content=\"index, follow, max-snippet:-1, max-image-preview:large, max-video-preview:-1\" \/>\n<link rel=\"canonical\" href=\"https:\/\/travel-du.de\/reiseshop\/produkt\/journeyman-1-mann-5-kontinente-und-jede-menge-jobs\/\" \/>\n<meta property=\"og:locale\" content=\"de_DE\" \/>\n<meta property=\"og:type\" content=\"article\" \/>\n<meta property=\"og:title\" content=\"Journeyman: 1 Mann, 5 Kontinente und jede Menge Jobs &#8211; Reiseshop Travel-du.de\" \/>\n<meta property=\"og:description\" content=\"Autor Fabian Sixtus K\u00f6rner hat nur 255 Euro auf dem Konto. Genug um eine Weltreise zu starten. Dabei tauscht er seine F\u00e4higkeiten als Designer und Architekt f\u00fcr Kost und Logis ein. Raus kommt ein Buch voller spannender Begegnungen und Geschichten eines wahren Lebensk\u00fcnstlers und Globetrotters.   \u21d2 Direkt bei Amazon bestellen.\" \/>\n<meta property=\"og:url\" content=\"https:\/\/travel-du.de\/reiseshop\/produkt\/journeyman-1-mann-5-kontinente-und-jede-menge-jobs\/\" \/>\n<meta property=\"og:site_name\" content=\"Reiseshop Travel-du.de\" \/>\n<meta property=\"article:modified_time\" content=\"2016-12-26T18:46:40+00:00\" \/>\n<meta property=\"og:image\" content=\"https:\/\/travel-du.de\/reiseshop\/wp-content\/uploads\/2016\/12\/Journeyman-1-Mann-5-Kontinente-und-jede-Menge-Jobs-0.jpg\" \/>\n\t<meta property=\"og:image:width\" content=\"331\" \/>\n\t<meta property=\"og:image:height\" content=\"500\" \/>\n\t<meta property=\"og:image:type\" content=\"image\/jpeg\" \/>\n<meta name=\"twitter:card\" content=\"summary_large_image\" \/>\n<script type=\"application\/ld+json\" class=\"yoast-schema-graph\">{\"@context\":\"https:\\\/\\\/schema.org\",\"@graph\":[{\"@type\":\"WebPage\",\"@id\":\"https:\\\/\\\/travel-du.de\\\/reiseshop\\\/produkt\\\/journeyman-1-mann-5-kontinente-und-jede-menge-jobs\\\/\",\"url\":\"https:\\\/\\\/travel-du.de\\\/reiseshop\\\/produkt\\\/journeyman-1-mann-5-kontinente-und-jede-menge-jobs\\\/\",\"name\":\"Journeyman: 1 Mann, 5 Kontinente und jede Menge Jobs &#8211; Reiseshop Travel-du.de\",\"isPartOf\":{\"@id\":\"https:\\\/\\\/travel-du.de\\\/reiseshop\\\/#website\"},\"primaryImageOfPage\":{\"@id\":\"https:\\\/\\\/travel-du.de\\\/reiseshop\\\/produkt\\\/journeyman-1-mann-5-kontinente-und-jede-menge-jobs\\\/#primaryimage\"},\"image\":{\"@id\":\"https:\\\/\\\/travel-du.de\\\/reiseshop\\\/produkt\\\/journeyman-1-mann-5-kontinente-und-jede-menge-jobs\\\/#primaryimage\"},\"thumbnailUrl\":\"https:\\\/\\\/travel-du.de\\\/reiseshop\\\/wp-content\\\/uploads\\\/2016\\\/12\\\/Journeyman-1-Mann-5-Kontinente-und-jede-Menge-Jobs-0.jpg\",\"datePublished\":\"2016-12-26T14:59:13+00:00\",\"dateModified\":\"2016-12-26T18:46:40+00:00\",\"breadcrumb\":{\"@id\":\"https:\\\/\\\/travel-du.de\\\/reiseshop\\\/produkt\\\/journeyman-1-mann-5-kontinente-und-jede-menge-jobs\\\/#breadcrumb\"},\"inLanguage\":\"de\",\"potentialAction\":[{\"@type\":\"ReadAction\",\"target\":[\"https:\\\/\\\/travel-du.de\\\/reiseshop\\\/produkt\\\/journeyman-1-mann-5-kontinente-und-jede-menge-jobs\\\/\"]}]},{\"@type\":\"ImageObject\",\"inLanguage\":\"de\",\"@id\":\"https:\\\/\\\/travel-du.de\\\/reiseshop\\\/produkt\\\/journeyman-1-mann-5-kontinente-und-jede-menge-jobs\\\/#primaryimage\",\"url\":\"https:\\\/\\\/travel-du.de\\\/reiseshop\\\/wp-content\\\/uploads\\\/2016\\\/12\\\/Journeyman-1-Mann-5-Kontinente-und-jede-Menge-Jobs-0.jpg\",\"contentUrl\":\"https:\\\/\\\/travel-du.de\\\/reiseshop\\\/wp-content\\\/uploads\\\/2016\\\/12\\\/Journeyman-1-Mann-5-Kontinente-und-jede-Menge-Jobs-0.jpg\",\"width\":331,\"height\":500},{\"@type\":\"BreadcrumbList\",\"@id\":\"https:\\\/\\\/travel-du.de\\\/reiseshop\\\/produkt\\\/journeyman-1-mann-5-kontinente-und-jede-menge-jobs\\\/#breadcrumb\",\"itemListElement\":[{\"@type\":\"ListItem\",\"position\":1,\"name\":\"Startseite\",\"item\":\"https:\\\/\\\/travel-du.de\\\/reiseshop\\\/\"},{\"@type\":\"ListItem\",\"position\":2,\"name\":\"Shop\",\"item\":\"https:\\\/\\\/travel-du.de\\\/reiseshop\\\/shop\\\/\"},{\"@type\":\"ListItem\",\"position\":3,\"name\":\"Journeyman: 1 Mann, 5 Kontinente und jede Menge Jobs\"}]},{\"@type\":\"WebSite\",\"@id\":\"https:\\\/\\\/travel-du.de\\\/reiseshop\\\/#website\",\"url\":\"https:\\\/\\\/travel-du.de\\\/reiseshop\\\/\",\"name\":\"Reiseshop Travel-du.de\",\"description\":\"Der Shop f\u00fcr Reisende, Weltenbummler und Abenteurer\",\"potentialAction\":[{\"@type\":\"SearchAction\",\"target\":{\"@type\":\"EntryPoint\",\"urlTemplate\":\"https:\\\/\\\/travel-du.de\\\/reiseshop\\\/?s={search_term_string}\"},\"query-input\":{\"@type\":\"PropertyValueSpecification\",\"valueRequired\":true,\"valueName\":\"search_term_string\"}}],\"inLanguage\":\"de\"}]}<\/script>\n<!-- \/ Yoast SEO plugin. -->","yoast_head_json":{"title":"Journeyman: 1 Mann, 5 Kontinente und jede Menge Jobs &#8211; Reiseshop Travel-du.de","robots":{"index":"index","follow":"follow","max-snippet":"max-snippet:-1","max-image-preview":"max-image-preview:large","max-video-preview":"max-video-preview:-1"},"canonical":"https:\/\/travel-du.de\/reiseshop\/produkt\/journeyman-1-mann-5-kontinente-und-jede-menge-jobs\/","og_locale":"de_DE","og_type":"article","og_title":"Journeyman: 1 Mann, 5 Kontinente und jede Menge Jobs &#8211; Reiseshop Travel-du.de","og_description":"Autor Fabian Sixtus K\u00f6rner hat nur 255 Euro auf dem Konto. Genug um eine Weltreise zu starten. Dabei tauscht er seine F\u00e4higkeiten als Designer und Architekt f\u00fcr Kost und Logis ein. Raus kommt ein Buch voller spannender Begegnungen und Geschichten eines wahren Lebensk\u00fcnstlers und Globetrotters.   \u21d2 Direkt bei Amazon bestellen.","og_url":"https:\/\/travel-du.de\/reiseshop\/produkt\/journeyman-1-mann-5-kontinente-und-jede-menge-jobs\/","og_site_name":"Reiseshop Travel-du.de","article_modified_time":"2016-12-26T18:46:40+00:00","og_image":[{"width":331,"height":500,"url":"https:\/\/travel-du.de\/reiseshop\/wp-content\/uploads\/2016\/12\/Journeyman-1-Mann-5-Kontinente-und-jede-Menge-Jobs-0.jpg","type":"image\/jpeg"}],"twitter_card":"summary_large_image","schema":{"@context":"https:\/\/schema.org","@graph":[{"@type":"WebPage","@id":"https:\/\/travel-du.de\/reiseshop\/produkt\/journeyman-1-mann-5-kontinente-und-jede-menge-jobs\/","url":"https:\/\/travel-du.de\/reiseshop\/produkt\/journeyman-1-mann-5-kontinente-und-jede-menge-jobs\/","name":"Journeyman: 1 Mann, 5 Kontinente und jede Menge Jobs &#8211; Reiseshop Travel-du.de","isPartOf":{"@id":"https:\/\/travel-du.de\/reiseshop\/#website"},"primaryImageOfPage":{"@id":"https:\/\/travel-du.de\/reiseshop\/produkt\/journeyman-1-mann-5-kontinente-und-jede-menge-jobs\/#primaryimage"},"image":{"@id":"https:\/\/travel-du.de\/reiseshop\/produkt\/journeyman-1-mann-5-kontinente-und-jede-menge-jobs\/#primaryimage"},"thumbnailUrl":"https:\/\/travel-du.de\/reiseshop\/wp-content\/uploads\/2016\/12\/Journeyman-1-Mann-5-Kontinente-und-jede-Menge-Jobs-0.jpg","datePublished":"2016-12-26T14:59:13+00:00","dateModified":"2016-12-26T18:46:40+00:00","breadcrumb":{"@id":"https:\/\/travel-du.de\/reiseshop\/produkt\/journeyman-1-mann-5-kontinente-und-jede-menge-jobs\/#breadcrumb"},"inLanguage":"de","potentialAction":[{"@type":"ReadAction","target":["https:\/\/travel-du.de\/reiseshop\/produkt\/journeyman-1-mann-5-kontinente-und-jede-menge-jobs\/"]}]},{"@type":"ImageObject","inLanguage":"de","@id":"https:\/\/travel-du.de\/reiseshop\/produkt\/journeyman-1-mann-5-kontinente-und-jede-menge-jobs\/#primaryimage","url":"https:\/\/travel-du.de\/reiseshop\/wp-content\/uploads\/2016\/12\/Journeyman-1-Mann-5-Kontinente-und-jede-Menge-Jobs-0.jpg","contentUrl":"https:\/\/travel-du.de\/reiseshop\/wp-content\/uploads\/2016\/12\/Journeyman-1-Mann-5-Kontinente-und-jede-Menge-Jobs-0.jpg","width":331,"height":500},{"@type":"BreadcrumbList","@id":"https:\/\/travel-du.de\/reiseshop\/produkt\/journeyman-1-mann-5-kontinente-und-jede-menge-jobs\/#breadcrumb","itemListElement":[{"@type":"ListItem","position":1,"name":"Startseite","item":"https:\/\/travel-du.de\/reiseshop\/"},{"@type":"ListItem","position":2,"name":"Shop","item":"https:\/\/travel-du.de\/reiseshop\/shop\/"},{"@type":"ListItem","position":3,"name":"Journeyman: 1 Mann, 5 Kontinente und jede Menge Jobs"}]},{"@type":"WebSite","@id":"https:\/\/travel-du.de\/reiseshop\/#website","url":"https:\/\/travel-du.de\/reiseshop\/","name":"Reiseshop Travel-du.de","description":"Der Shop f\u00fcr Reisende, Weltenbummler und Abenteurer","potentialAction":[{"@type":"SearchAction","target":{"@type":"EntryPoint","urlTemplate":"https:\/\/travel-du.de\/reiseshop\/?s={search_term_string}"},"query-input":{"@type":"PropertyValueSpecification","valueRequired":true,"valueName":"search_term_string"}}],"inLanguage":"de"}]}},"_links":{"self":[{"href":"https:\/\/travel-du.de\/reiseshop\/wp-json\/wp\/v2\/product\/465","targetHints":{"allow":["GET"]}}],"collection":[{"href":"https:\/\/travel-du.de\/reiseshop\/wp-json\/wp\/v2\/product"}],"about":[{"href":"https:\/\/travel-du.de\/reiseshop\/wp-json\/wp\/v2\/types\/product"}],"replies":[{"embeddable":true,"href":"https:\/\/travel-du.de\/reiseshop\/wp-json\/wp\/v2\/comments?post=465"}],"wp:featuredmedia":[{"embeddable":true,"href":"https:\/\/travel-du.de\/reiseshop\/wp-json\/wp\/v2\/media\/466"}],"wp:attachment":[{"href":"https:\/\/travel-du.de\/reiseshop\/wp-json\/wp\/v2\/media?parent=465"}],"wp:term":[{"taxonomy":"product_brand","embeddable":true,"href":"https:\/\/travel-du.de\/reiseshop\/wp-json\/wp\/v2\/product_brand?post=465"},{"taxonomy":"product_cat","embeddable":true,"href":"https:\/\/travel-du.de\/reiseshop\/wp-json\/wp\/v2\/product_cat?post=465"},{"taxonomy":"product_tag","embeddable":true,"href":"https:\/\/travel-du.de\/reiseshop\/wp-json\/wp\/v2\/product_tag?post=465"}],"curies":[{"name":"wp","href":"https:\/\/api.w.org\/{rel}","templated":true}]}}