{"id":43,"date":"2016-12-11T23:48:40","date_gmt":"2016-12-11T22:48:40","guid":{"rendered":"http:\/\/travel-du.de\/reiseshop\/produkt\/idena-569904-geografischer-globus-mit-licht-und-lupe-30-cm\/"},"modified":"2023-01-29T21:01:41","modified_gmt":"2023-01-29T20:01:41","slug":"idena-globus-licht-lupe","status":"publish","type":"product","link":"https:\/\/travel-du.de\/reiseshop\/produkt\/idena-globus-licht-lupe\/","title":{"rendered":"Idena Globus mit Licht und Lupe"},"content":{"rendered":"<p>Der Idena Leuchtglobus ist im antiken Stil gehalten und verspr\u00fcht ein abenteuerliches Flair. Du kannst ihn sowohl beleuchtet als auch unbeleuchtet betrachten und mit der zugeh\u00f6rigen Lupe deine n\u00e4chsten Reisepl\u00e4ne im Detail schmieden. Der Globus macht sich zudem hervorragend als Deko-Objekt in deiner Wohnung \u2013 da wird gleich jedem Gast klar, dass du ein Weltenbummler bist.<\/p>\n<p>Beleuchtet zeigt er die unterschiedlichen Staaten der Erde, farblich voneinander abgegrenzt, an &#8211; <b>politisches Kartenbild<\/b>. Unbeleuchtet zeigt der Globus ein <b>physisches Kartenbild <\/b>(mit\u00a0Landschaftsformen, Gebirgsregionen, Tiefenebenen, Hochland, W\u00fcsten und Meerestiefen).<\/p>\n<h2>Details<\/h2>\n<ul>\n<li>Grundfarbe: kr\u00e4ftiges Beige<\/li>\n<li>Gewicht: 750 g<\/li>\n<li>Gr\u00f6\u00dfe in mm (BxHxL): 300 x 315 x 305<\/li>\n<li>mit Licht und Lupe<\/li>\n<li>mit Netzteil<\/li>\n<\/ul>\n<div class=\"main-cross-sell\" data-asin=\"B001V9KPL8\">\n\n\t<div class=\"WooZone-cross-sell-loader\">\n\t\t<div>\n\t\t\t<div id=\"floatingBarsG\">\n\t\t\t\t<div class=\"blockG\" id=\"rotateG_01\"><\/div>\n\t\t\t\t<div class=\"blockG\" id=\"rotateG_02\"><\/div>\n\t\t\t\t<div class=\"blockG\" id=\"rotateG_03\"><\/div>\n\t\t\t\t<div class=\"blockG\" id=\"rotateG_04\"><\/div>\n\t\t\t\t<div class=\"blockG\" id=\"rotateG_05\"><\/div>\n\t\t\t\t<div class=\"blockG\" id=\"rotateG_06\"><\/div>\n\t\t\t\t<div class=\"blockG\" id=\"rotateG_07\"><\/div>\n\t\t\t\t<div class=\"blockG\" id=\"rotateG_08\"><\/div>\n\t\t\t<\/div>\n\t\t\t<div class=\"WooZone-cross-sell-loader-text\"><\/div>\n\t\t<\/div>\n\t<\/div>\n\n\t\t\n<\/div>\n<div style=\"clear:both;\"><\/div>\n","protected":false},"excerpt":{"rendered":"<p>Der Idena Leuchtglobus ist im antiken Stil gehalten und verspr\u00fcht ein abenteuerliches Flair. Du kannst ihn sowohl beleuchtet als auch unbeleuchtet betrachten und mit der zugeh\u00f6rigen Lupe deine n\u00e4chsten Reisepl\u00e4ne im Detail schmieden. Der Globus macht sich zudem hervorragend als Deko-Objekt in deiner Wohnung \u2013 da wird gleich jedem Gast klar, das du ein Weltenbummler bist.<\/p>\n<p>Beleuchtet zeigt er die unterschiedlichen Staaten der Erde, farblich voneinander abgegrenzt, an &#8211; politisches Kartenbild. Unbeleuchtet zeigt der Globus ein physisches Kartenbild (mit Landschaftsformen, Gebirgsregionen, Tiefenebenen, Hochland, W\u00fcsten und Meerestiefen).<br \/>\n<a href=\"https:\/\/www.amazon.de\/Idena-569904-Geografischer-Globus-Licht\/dp\/B001V9KPL8\/ref=as_li_ss_tl?s=videogames&#038;ie=UTF8&#038;qid=1485029284&#038;sr=8-1&#038;keywords=Idena+569904+-+Geografischer+Globus+mit+Licht+und+Lupe,+30+cm&#038;linkCode=ll1&#038;tag=wwwtraveldude-21&#038;linkId=d5dc7333c7549002563a5ad818316a61\" target=\"_blank\"><\/p>\n<div class=\"amazon-button\" style=\"text-align: center;\">\u21d2 Direkt bei Amazon bestellen.<\/div>\n<p><\/a><\/p>\n","protected":false},"featured_media":44,"comment_status":"open","ping_status":"closed","template":"","meta":[],"product_brand":[],"product_cat":[97],"product_tag":[],"class_list":{"0":"post-43","1":"product","2":"type-product","3":"status-publish","4":"has-post-thumbnail","6":"product_cat-dekoration","8":"first","9":"instock","10":"shipping-taxable","11":"product-type-external"},"yoast_head":"<!-- This site is optimized with the Yoast SEO plugin v27.4 - https:\/\/yoast.com\/product\/yoast-seo-wordpress\/ -->\n<title>Der perfekte Globus f\u00fcr die Wohnung: Idena Globus mit Licht und Lupe<\/title>\n<meta name=\"description\" content=\"Der Idena Leucht-Globus im antiken Stil macht sich hervorragend als Deko-Objekt \u2013 da wird gleich jedem klar, dass du ein Weltenbummler bist.\" \/>\n<meta name=\"robots\" content=\"index, follow, max-snippet:-1, max-image-preview:large, max-video-preview:-1\" \/>\n<link rel=\"canonical\" href=\"https:\/\/travel-du.de\/reiseshop\/produkt\/idena-globus-licht-lupe-geschenk\/\" \/>\n<meta property=\"og:locale\" content=\"de_DE\" \/>\n<meta property=\"og:type\" content=\"article\" \/>\n<meta property=\"og:title\" content=\"Der perfekte Globus f\u00fcr die Wohnung: Idena Globus mit Licht und Lupe\" \/>\n<meta property=\"og:description\" content=\"Der Idena Leucht-Globus im antiken Stil macht sich hervorragend als Deko-Objekt \u2013 da wird gleich jedem klar, dass du ein Weltenbummler bist.\" \/>\n<meta property=\"og:url\" content=\"https:\/\/travel-du.de\/reiseshop\/produkt\/idena-globus-licht-lupe-geschenk\/\" \/>\n<meta property=\"og:site_name\" content=\"Reiseshop Travel-du.de\" \/>\n<meta property=\"article:modified_time\" content=\"2023-01-29T20:01:41+00:00\" \/>\n<meta property=\"og:image\" content=\"https:\/\/images-na.ssl-images-amazon.com\/images\/I\/51%2BUheLH48L.jpg\" \/>\n\t<meta property=\"og:image:width\" content=\"498\" \/>\n\t<meta property=\"og:image:height\" content=\"500\" \/>\n\t<meta property=\"og:image:type\" content=\"image\/jpeg\" \/>\n<meta name=\"twitter:card\" content=\"summary_large_image\" \/>\n<meta name=\"twitter:label1\" content=\"Gesch\u00e4tzte Lesezeit\" \/>\n\t<meta name=\"twitter:data1\" content=\"1\u00a0Minute\" \/>\n<script type=\"application\/ld+json\" class=\"yoast-schema-graph\">{\"@context\":\"https:\\\/\\\/schema.org\",\"@graph\":[{\"@type\":\"WebPage\",\"@id\":\"https:\\\/\\\/travel-du.de\\\/reiseshop\\\/produkt\\\/idena-globus-licht-lupe\\\/\",\"url\":\"https:\\\/\\\/travel-du.de\\\/reiseshop\\\/produkt\\\/idena-globus-licht-lupe-geschenk\\\/\",\"name\":\"Der perfekte Globus f\u00fcr die Wohnung: Idena Globus mit Licht und Lupe\",\"isPartOf\":{\"@id\":\"https:\\\/\\\/travel-du.de\\\/reiseshop\\\/#website\"},\"primaryImageOfPage\":{\"@id\":\"https:\\\/\\\/travel-du.de\\\/reiseshop\\\/produkt\\\/idena-globus-licht-lupe-geschenk\\\/#primaryimage\"},\"image\":{\"@id\":\"https:\\\/\\\/travel-du.de\\\/reiseshop\\\/produkt\\\/idena-globus-licht-lupe-geschenk\\\/#primaryimage\"},\"thumbnailUrl\":\"https:\\\/\\\/images-na.ssl-images-amazon.com\\\/images\\\/I\\\/51%2BUheLH48L.jpg\",\"datePublished\":\"2016-12-11T22:48:40+00:00\",\"dateModified\":\"2023-01-29T20:01:41+00:00\",\"description\":\"Der Idena Leucht-Globus im antiken Stil macht sich hervorragend als Deko-Objekt \u2013 da wird gleich jedem klar, dass du ein Weltenbummler bist.\",\"breadcrumb\":{\"@id\":\"https:\\\/\\\/travel-du.de\\\/reiseshop\\\/produkt\\\/idena-globus-licht-lupe-geschenk\\\/#breadcrumb\"},\"inLanguage\":\"de\",\"potentialAction\":[{\"@type\":\"ReadAction\",\"target\":[\"https:\\\/\\\/travel-du.de\\\/reiseshop\\\/produkt\\\/idena-globus-licht-lupe-geschenk\\\/\"]}]},{\"@type\":\"ImageObject\",\"inLanguage\":\"de\",\"@id\":\"https:\\\/\\\/travel-du.de\\\/reiseshop\\\/produkt\\\/idena-globus-licht-lupe-geschenk\\\/#primaryimage\",\"url\":\"https:\\\/\\\/images-na.ssl-images-amazon.com\\\/images\\\/I\\\/51%2BUheLH48L.jpg\",\"contentUrl\":\"https:\\\/\\\/images-na.ssl-images-amazon.com\\\/images\\\/I\\\/51%2BUheLH48L.jpg\",\"width\":498,\"height\":500},{\"@type\":\"BreadcrumbList\",\"@id\":\"https:\\\/\\\/travel-du.de\\\/reiseshop\\\/produkt\\\/idena-globus-licht-lupe-geschenk\\\/#breadcrumb\",\"itemListElement\":[{\"@type\":\"ListItem\",\"position\":1,\"name\":\"Startseite\",\"item\":\"https:\\\/\\\/travel-du.de\\\/reiseshop\\\/\"},{\"@type\":\"ListItem\",\"position\":2,\"name\":\"Shop\",\"item\":\"https:\\\/\\\/travel-du.de\\\/reiseshop\\\/shop\\\/\"},{\"@type\":\"ListItem\",\"position\":3,\"name\":\"Idena Globus mit Licht und Lupe\"}]},{\"@type\":\"WebSite\",\"@id\":\"https:\\\/\\\/travel-du.de\\\/reiseshop\\\/#website\",\"url\":\"https:\\\/\\\/travel-du.de\\\/reiseshop\\\/\",\"name\":\"Reiseshop Travel-du.de\",\"description\":\"Der Shop f\u00fcr Reisende, Weltenbummler und Abenteurer\",\"potentialAction\":[{\"@type\":\"SearchAction\",\"target\":{\"@type\":\"EntryPoint\",\"urlTemplate\":\"https:\\\/\\\/travel-du.de\\\/reiseshop\\\/?s={search_term_string}\"},\"query-input\":{\"@type\":\"PropertyValueSpecification\",\"valueRequired\":true,\"valueName\":\"search_term_string\"}}],\"inLanguage\":\"de\"}]}<\/script>\n<!-- \/ Yoast SEO plugin. -->","yoast_head_json":{"title":"Der perfekte Globus f\u00fcr die Wohnung: Idena Globus mit Licht und Lupe","description":"Der Idena Leucht-Globus im antiken Stil macht sich hervorragend als Deko-Objekt \u2013 da wird gleich jedem klar, dass du ein Weltenbummler bist.","robots":{"index":"index","follow":"follow","max-snippet":"max-snippet:-1","max-image-preview":"max-image-preview:large","max-video-preview":"max-video-preview:-1"},"canonical":"https:\/\/travel-du.de\/reiseshop\/produkt\/idena-globus-licht-lupe-geschenk\/","og_locale":"de_DE","og_type":"article","og_title":"Der perfekte Globus f\u00fcr die Wohnung: Idena Globus mit Licht und Lupe","og_description":"Der Idena Leucht-Globus im antiken Stil macht sich hervorragend als Deko-Objekt \u2013 da wird gleich jedem klar, dass du ein Weltenbummler bist.","og_url":"https:\/\/travel-du.de\/reiseshop\/produkt\/idena-globus-licht-lupe-geschenk\/","og_site_name":"Reiseshop Travel-du.de","article_modified_time":"2023-01-29T20:01:41+00:00","og_image":[{"width":498,"height":500,"url":"https:\/\/images-na.ssl-images-amazon.com\/images\/I\/51%2BUheLH48L.jpg","type":"image\/jpeg"}],"twitter_card":"summary_large_image","twitter_misc":{"Gesch\u00e4tzte Lesezeit":"1\u00a0Minute"},"schema":{"@context":"https:\/\/schema.org","@graph":[{"@type":"WebPage","@id":"https:\/\/travel-du.de\/reiseshop\/produkt\/idena-globus-licht-lupe\/","url":"https:\/\/travel-du.de\/reiseshop\/produkt\/idena-globus-licht-lupe-geschenk\/","name":"Der perfekte Globus f\u00fcr die Wohnung: Idena Globus mit Licht und Lupe","isPartOf":{"@id":"https:\/\/travel-du.de\/reiseshop\/#website"},"primaryImageOfPage":{"@id":"https:\/\/travel-du.de\/reiseshop\/produkt\/idena-globus-licht-lupe-geschenk\/#primaryimage"},"image":{"@id":"https:\/\/travel-du.de\/reiseshop\/produkt\/idena-globus-licht-lupe-geschenk\/#primaryimage"},"thumbnailUrl":"https:\/\/images-na.ssl-images-amazon.com\/images\/I\/51%2BUheLH48L.jpg","datePublished":"2016-12-11T22:48:40+00:00","dateModified":"2023-01-29T20:01:41+00:00","description":"Der Idena Leucht-Globus im antiken Stil macht sich hervorragend als Deko-Objekt \u2013 da wird gleich jedem klar, dass du ein Weltenbummler bist.","breadcrumb":{"@id":"https:\/\/travel-du.de\/reiseshop\/produkt\/idena-globus-licht-lupe-geschenk\/#breadcrumb"},"inLanguage":"de","potentialAction":[{"@type":"ReadAction","target":["https:\/\/travel-du.de\/reiseshop\/produkt\/idena-globus-licht-lupe-geschenk\/"]}]},{"@type":"ImageObject","inLanguage":"de","@id":"https:\/\/travel-du.de\/reiseshop\/produkt\/idena-globus-licht-lupe-geschenk\/#primaryimage","url":"https:\/\/images-na.ssl-images-amazon.com\/images\/I\/51%2BUheLH48L.jpg","contentUrl":"https:\/\/images-na.ssl-images-amazon.com\/images\/I\/51%2BUheLH48L.jpg","width":498,"height":500},{"@type":"BreadcrumbList","@id":"https:\/\/travel-du.de\/reiseshop\/produkt\/idena-globus-licht-lupe-geschenk\/#breadcrumb","itemListElement":[{"@type":"ListItem","position":1,"name":"Startseite","item":"https:\/\/travel-du.de\/reiseshop\/"},{"@type":"ListItem","position":2,"name":"Shop","item":"https:\/\/travel-du.de\/reiseshop\/shop\/"},{"@type":"ListItem","position":3,"name":"Idena Globus mit Licht und Lupe"}]},{"@type":"WebSite","@id":"https:\/\/travel-du.de\/reiseshop\/#website","url":"https:\/\/travel-du.de\/reiseshop\/","name":"Reiseshop Travel-du.de","description":"Der Shop f\u00fcr Reisende, Weltenbummler und Abenteurer","potentialAction":[{"@type":"SearchAction","target":{"@type":"EntryPoint","urlTemplate":"https:\/\/travel-du.de\/reiseshop\/?s={search_term_string}"},"query-input":{"@type":"PropertyValueSpecification","valueRequired":true,"valueName":"search_term_string"}}],"inLanguage":"de"}]}},"_links":{"self":[{"href":"https:\/\/travel-du.de\/reiseshop\/wp-json\/wp\/v2\/product\/43","targetHints":{"allow":["GET"]}}],"collection":[{"href":"https:\/\/travel-du.de\/reiseshop\/wp-json\/wp\/v2\/product"}],"about":[{"href":"https:\/\/travel-du.de\/reiseshop\/wp-json\/wp\/v2\/types\/product"}],"replies":[{"embeddable":true,"href":"https:\/\/travel-du.de\/reiseshop\/wp-json\/wp\/v2\/comments?post=43"}],"wp:featuredmedia":[{"embeddable":true,"href":"https:\/\/travel-du.de\/reiseshop\/wp-json\/wp\/v2\/media\/44"}],"wp:attachment":[{"href":"https:\/\/travel-du.de\/reiseshop\/wp-json\/wp\/v2\/media?parent=43"}],"wp:term":[{"taxonomy":"product_brand","embeddable":true,"href":"https:\/\/travel-du.de\/reiseshop\/wp-json\/wp\/v2\/product_brand?post=43"},{"taxonomy":"product_cat","embeddable":true,"href":"https:\/\/travel-du.de\/reiseshop\/wp-json\/wp\/v2\/product_cat?post=43"},{"taxonomy":"product_tag","embeddable":true,"href":"https:\/\/travel-du.de\/reiseshop\/wp-json\/wp\/v2\/product_tag?post=43"}],"curies":[{"name":"wp","href":"https:\/\/api.w.org\/{rel}","templated":true}]}}