{"id":4034,"date":"2023-07-23T12:52:09","date_gmt":"2023-07-23T10:52:09","guid":{"rendered":"https:\/\/travel-du.de\/reiseshop\/produkt\/venta-del-baron-preisgekroentes-premium-natives-olivenoel-extra-vergine-aus-cordoba-gewinner-der-weltmeisterschaft\/"},"modified":"2023-07-23T12:52:14","modified_gmt":"2023-07-23T10:52:14","slug":"venta-del-baron-preisgekroentes-premium-natives-olivenoel-extra-vergine-aus-cordoba-gewinner-der-weltmeisterschaft","status":"publish","type":"product","link":"https:\/\/travel-du.de\/reiseshop\/produkt\/venta-del-baron-preisgekroentes-premium-natives-olivenoel-extra-vergine-aus-cordoba-gewinner-der-weltmeisterschaft\/","title":{"rendered":"Venta del Bar\u00f3n &#8211; Preisgekr\u00f6ntes Premium Natives Oliven\u00f6l Extra Vergine aus C\u00f3rdoba (Gewinner der Weltmeisterschaft)"},"content":{"rendered":"<p>\u2705 Serviervorschlag: Probieren Sie das Venta del Bar\u00f3n auf rustikalen Brot, Vorspeisen, Salaten, gegrilltem Fisch oder Gem\u00fcse. Verleihen Sie Ihren Gerichten einen au\u00dfergew\u00f6hnlichen Hauch in dem sie einfach ein bisschen Venta del Bar\u00f3n dar\u00fcber tr\u00e4ufeln. POLYPHENOLE (MG \/ KG) 617<br \/>\n\u2705 Geschmack und Aussehen: Dieses Gourmet Oliven\u00f6l wird aus der ersten Presse hergestellt und besteht aus den Sorten Picuda und Hojiblanca. Nach dem Pressen wird das native Oliven\u00f6l f\u00fcr 15 Tage dekantiert und dann in Glasflaschen abgef\u00fcllt. Venta del Bar\u00f3n verf\u00fcgt \u00fcber eine gr\u00fcne strahlende Farbe, hat ein intensives und fruchtiges Aroma. Kr\u00e4uternoten, Pfefferminze, Mandelschalen, Banane und Apfel lassen sich erahnen.<br \/>\n\u2705 Herkunft: Das PDO Priego de C\u00f3rdoba befindet sich im Herzen von Andalusien. Aufgrund des einzigartigen Mikroklimas, werden hier international anerkannte Oliven\u00f6le von au\u00dfergew\u00f6hnlicher Qualit\u00e4t produziert<br \/>\n\u2705 Es handelt sich um eines der auserlesensten Oliven\u00f6le, die es gibt. Eine Mischung aus den Sorten Hojiblanca und Picudo, mit einem fruchtig-intensiven Aroma, das s\u00fc\u00df am Gaumen schmeckt mit einer leicht bitteren und progressiven Sch\u00e4rfe. Es ist ein sehr komplexes, ausgewogenes und harmonisches \u00d6l, das Sie absolut begesitern wird.<br \/>\n\u2705 Dieses \u00d6l besitzt au\u00dferordenliche kulinarische und n\u00e4hrende Eigenschaften, und das macht ihn so attraktiv f\u00fcr die Gourmetk\u00fcche. Es ist so beliebt, dass es von hoch angesehenen K\u00f6chen und in mit Michellinsternen ausgezeichneten Restaurants verwendet wird. Einen kleinen Schuss von Venta del Bar\u00f3n auf rustikalem Brot&#8230; Das ist Genu\u00df pur!!!!<br \/>\n<div class=\"main-cross-sell\" data-asin=\"B09P8SJBBV\">\n\n\t<div class=\"WooZone-cross-sell-loader\">\n\t\t<div>\n\t\t\t<div id=\"floatingBarsG\">\n\t\t\t\t<div class=\"blockG\" id=\"rotateG_01\"><\/div>\n\t\t\t\t<div class=\"blockG\" id=\"rotateG_02\"><\/div>\n\t\t\t\t<div class=\"blockG\" id=\"rotateG_03\"><\/div>\n\t\t\t\t<div class=\"blockG\" id=\"rotateG_04\"><\/div>\n\t\t\t\t<div class=\"blockG\" id=\"rotateG_05\"><\/div>\n\t\t\t\t<div class=\"blockG\" id=\"rotateG_06\"><\/div>\n\t\t\t\t<div class=\"blockG\" id=\"rotateG_07\"><\/div>\n\t\t\t\t<div class=\"blockG\" id=\"rotateG_08\"><\/div>\n\t\t\t<\/div>\n\t\t\t<div class=\"WooZone-cross-sell-loader-text\"><\/div>\n\t\t<\/div>\n\t<\/div>\n\n\t\t\n<\/div>\n<div style=\"clear:both;\"><\/div><\/p>\n","protected":false},"excerpt":{"rendered":"<p>\u2705 Serviervorschlag: Probieren Sie das Venta del Bar\u00f3n auf rustikalen Brot, Vorspeisen, Salaten, gegrilltem Fisch oder Gem\u00fcse. Verleihen Sie Ihren Gerichten einen au\u00dfergew\u00f6hnlichen Hauch in dem sie einfach ein bisschen Venta del Bar\u00f3n dar\u00fcber tr\u00e4ufeln. POLYPHENOLE (MG \/ KG) 617<br \/>\n\u2705 Geschmack und Aussehen: Dieses Gourmet Oliven\u00f6l wird aus der ersten Presse hergestellt und besteht aus den Sorten Picuda und Hojiblanca. Nach dem Pressen wird das native Oliven\u00f6l f\u00fcr 15 Tage dekantiert und dann in Glasflaschen abgef\u00fcllt. Venta del Bar\u00f3n verf\u00fcgt \u00fcber eine gr\u00fcne strahlende Farbe, hat ein intensives und fruchtiges Aroma. Kr\u00e4uternoten, Pfefferminze, Mandelschalen, Banane und Apfel lassen sich erahnen.<br \/>\n\u2705 Herkunft: Das PDO Priego de C\u00f3rdoba befindet sich im Herzen von Andalusien. Aufgrund des einzigartigen Mikroklimas, werden hier international anerkannte Oliven\u00f6le von au\u00dfergew\u00f6hnlicher Qualit\u00e4t produziert<\/p>\n","protected":false},"featured_media":4039,"comment_status":"open","ping_status":"closed","template":"","meta":[],"product_brand":[],"product_cat":[120,3840],"product_tag":[],"class_list":{"0":"post-4034","1":"product","2":"type-product","3":"status-publish","4":"has-post-thumbnail","6":"product_cat-reise-geschenke","7":"product_cat-andalusien-geschenke","9":"first","10":"instock","11":"shipping-taxable","12":"product-type-external"},"yoast_head":"<!-- This site is optimized with the Yoast SEO plugin v26.2 - https:\/\/yoast.com\/wordpress\/plugins\/seo\/ -->\n<title>Venta del Bar\u00f3n - Preisgekr\u00f6ntes Premium Natives Oliven\u00f6l Extra Vergine aus C\u00f3rdoba (Gewinner der Weltmeisterschaft) &#8211; Reiseshop Travel-du.de<\/title>\n<meta name=\"robots\" content=\"index, follow, max-snippet:-1, max-image-preview:large, max-video-preview:-1\" \/>\n<link rel=\"canonical\" href=\"https:\/\/travel-du.de\/reiseshop\/produkt\/venta-del-baron-preisgekroentes-premium-natives-olivenoel-extra-vergine-aus-cordoba-gewinner-der-weltmeisterschaft\/\" \/>\n<meta property=\"og:locale\" content=\"de_DE\" \/>\n<meta property=\"og:type\" content=\"article\" \/>\n<meta property=\"og:title\" content=\"Venta del Bar\u00f3n - Preisgekr\u00f6ntes Premium Natives Oliven\u00f6l Extra Vergine aus C\u00f3rdoba (Gewinner der Weltmeisterschaft) &#8211; Reiseshop Travel-du.de\" \/>\n<meta property=\"og:description\" content=\"\u2705 Serviervorschlag: Probieren Sie das Venta del Bar\u00f3n auf rustikalen Brot, Vorspeisen, Salaten, gegrilltem Fisch oder Gem\u00fcse. Verleihen Sie Ihren Gerichten einen au\u00dfergew\u00f6hnlichen Hauch in dem sie einfach ein bisschen Venta del Bar\u00f3n dar\u00fcber tr\u00e4ufeln. POLYPHENOLE (MG \/ KG) 617 \u2705 Geschmack und Aussehen: Dieses Gourmet Oliven\u00f6l wird aus der ersten Presse hergestellt und besteht aus den Sorten Picuda und Hojiblanca. Nach dem Pressen wird das native Oliven\u00f6l f\u00fcr 15 Tage dekantiert und dann in Glasflaschen abgef\u00fcllt. Venta del Bar\u00f3n verf\u00fcgt \u00fcber eine gr\u00fcne strahlende Farbe, hat ein intensives und fruchtiges Aroma. Kr\u00e4uternoten, Pfefferminze, Mandelschalen, Banane und Apfel lassen sich erahnen. \u2705 Herkunft: Das PDO Priego de C\u00f3rdoba befindet sich im Herzen von Andalusien. Aufgrund des einzigartigen Mikroklimas, werden hier international anerkannte Oliven\u00f6le von au\u00dfergew\u00f6hnlicher Qualit\u00e4t produziert\" \/>\n<meta property=\"og:url\" content=\"https:\/\/travel-du.de\/reiseshop\/produkt\/venta-del-baron-preisgekroentes-premium-natives-olivenoel-extra-vergine-aus-cordoba-gewinner-der-weltmeisterschaft\/\" \/>\n<meta property=\"og:site_name\" content=\"Reiseshop Travel-du.de\" \/>\n<meta property=\"article:modified_time\" content=\"2023-07-23T10:52:14+00:00\" \/>\n<meta name=\"twitter:card\" content=\"summary_large_image\" \/>\n<meta name=\"twitter:label1\" content=\"Gesch\u00e4tzte Lesezeit\" \/>\n\t<meta name=\"twitter:data1\" content=\"1\u00a0Minute\" \/>\n<script type=\"application\/ld+json\" class=\"yoast-schema-graph\">{\"@context\":\"https:\/\/schema.org\",\"@graph\":[{\"@type\":\"WebPage\",\"@id\":\"https:\/\/travel-du.de\/reiseshop\/produkt\/venta-del-baron-preisgekroentes-premium-natives-olivenoel-extra-vergine-aus-cordoba-gewinner-der-weltmeisterschaft\/\",\"url\":\"https:\/\/travel-du.de\/reiseshop\/produkt\/venta-del-baron-preisgekroentes-premium-natives-olivenoel-extra-vergine-aus-cordoba-gewinner-der-weltmeisterschaft\/\",\"name\":\"Venta del Bar\u00f3n - Preisgekr\u00f6ntes Premium Natives Oliven\u00f6l Extra Vergine aus C\u00f3rdoba (Gewinner der Weltmeisterschaft) &#8211; Reiseshop Travel-du.de\",\"isPartOf\":{\"@id\":\"https:\/\/travel-du.de\/reiseshop\/#website\"},\"primaryImageOfPage\":{\"@id\":\"https:\/\/travel-du.de\/reiseshop\/produkt\/venta-del-baron-preisgekroentes-premium-natives-olivenoel-extra-vergine-aus-cordoba-gewinner-der-weltmeisterschaft\/#primaryimage\"},\"image\":{\"@id\":\"https:\/\/travel-du.de\/reiseshop\/produkt\/venta-del-baron-preisgekroentes-premium-natives-olivenoel-extra-vergine-aus-cordoba-gewinner-der-weltmeisterschaft\/#primaryimage\"},\"thumbnailUrl\":\"https:\/\/travel-du.de\/reiseshop\/wp-content\/uploads\/2023\/07\/Venta-del-Baron-Preisgekroentes-Premium-Natives-Olivenoel-Extra-Vergine-aus-Cordoba-Gewinner-der-Weltmeisterschaft-0.jpg\",\"datePublished\":\"2023-07-23T10:52:09+00:00\",\"dateModified\":\"2023-07-23T10:52:14+00:00\",\"breadcrumb\":{\"@id\":\"https:\/\/travel-du.de\/reiseshop\/produkt\/venta-del-baron-preisgekroentes-premium-natives-olivenoel-extra-vergine-aus-cordoba-gewinner-der-weltmeisterschaft\/#breadcrumb\"},\"inLanguage\":\"de\",\"potentialAction\":[{\"@type\":\"ReadAction\",\"target\":[\"https:\/\/travel-du.de\/reiseshop\/produkt\/venta-del-baron-preisgekroentes-premium-natives-olivenoel-extra-vergine-aus-cordoba-gewinner-der-weltmeisterschaft\/\"]}]},{\"@type\":\"ImageObject\",\"inLanguage\":\"de\",\"@id\":\"https:\/\/travel-du.de\/reiseshop\/produkt\/venta-del-baron-preisgekroentes-premium-natives-olivenoel-extra-vergine-aus-cordoba-gewinner-der-weltmeisterschaft\/#primaryimage\",\"url\":\"https:\/\/travel-du.de\/reiseshop\/wp-content\/uploads\/2023\/07\/Venta-del-Baron-Preisgekroentes-Premium-Natives-Olivenoel-Extra-Vergine-aus-Cordoba-Gewinner-der-Weltmeisterschaft-0.jpg\",\"contentUrl\":\"https:\/\/travel-du.de\/reiseshop\/wp-content\/uploads\/2023\/07\/Venta-del-Baron-Preisgekroentes-Premium-Natives-Olivenoel-Extra-Vergine-aus-Cordoba-Gewinner-der-Weltmeisterschaft-0.jpg\",\"width\":375,\"height\":500},{\"@type\":\"BreadcrumbList\",\"@id\":\"https:\/\/travel-du.de\/reiseshop\/produkt\/venta-del-baron-preisgekroentes-premium-natives-olivenoel-extra-vergine-aus-cordoba-gewinner-der-weltmeisterschaft\/#breadcrumb\",\"itemListElement\":[{\"@type\":\"ListItem\",\"position\":1,\"name\":\"Startseite\",\"item\":\"https:\/\/travel-du.de\/reiseshop\/\"},{\"@type\":\"ListItem\",\"position\":2,\"name\":\"Shop\",\"item\":\"https:\/\/travel-du.de\/reiseshop\/shop\/\"},{\"@type\":\"ListItem\",\"position\":3,\"name\":\"Venta del Bar\u00f3n &#8211; Preisgekr\u00f6ntes Premium Natives Oliven\u00f6l Extra Vergine aus C\u00f3rdoba (Gewinner der Weltmeisterschaft)\"}]},{\"@type\":\"WebSite\",\"@id\":\"https:\/\/travel-du.de\/reiseshop\/#website\",\"url\":\"https:\/\/travel-du.de\/reiseshop\/\",\"name\":\"Reiseshop Travel-du.de\",\"description\":\"Der Shop f\u00fcr Reisende, Weltenbummler und Abenteurer\",\"potentialAction\":[{\"@type\":\"SearchAction\",\"target\":{\"@type\":\"EntryPoint\",\"urlTemplate\":\"https:\/\/travel-du.de\/reiseshop\/?s={search_term_string}\"},\"query-input\":{\"@type\":\"PropertyValueSpecification\",\"valueRequired\":true,\"valueName\":\"search_term_string\"}}],\"inLanguage\":\"de\"}]}<\/script>\n<!-- \/ Yoast SEO plugin. -->","yoast_head_json":{"title":"Venta del Bar\u00f3n - Preisgekr\u00f6ntes Premium Natives Oliven\u00f6l Extra Vergine aus C\u00f3rdoba (Gewinner der Weltmeisterschaft) &#8211; Reiseshop Travel-du.de","robots":{"index":"index","follow":"follow","max-snippet":"max-snippet:-1","max-image-preview":"max-image-preview:large","max-video-preview":"max-video-preview:-1"},"canonical":"https:\/\/travel-du.de\/reiseshop\/produkt\/venta-del-baron-preisgekroentes-premium-natives-olivenoel-extra-vergine-aus-cordoba-gewinner-der-weltmeisterschaft\/","og_locale":"de_DE","og_type":"article","og_title":"Venta del Bar\u00f3n - Preisgekr\u00f6ntes Premium Natives Oliven\u00f6l Extra Vergine aus C\u00f3rdoba (Gewinner der Weltmeisterschaft) &#8211; Reiseshop Travel-du.de","og_description":"\u2705 Serviervorschlag: Probieren Sie das Venta del Bar\u00f3n auf rustikalen Brot, Vorspeisen, Salaten, gegrilltem Fisch oder Gem\u00fcse. Verleihen Sie Ihren Gerichten einen au\u00dfergew\u00f6hnlichen Hauch in dem sie einfach ein bisschen Venta del Bar\u00f3n dar\u00fcber tr\u00e4ufeln. POLYPHENOLE (MG \/ KG) 617 \u2705 Geschmack und Aussehen: Dieses Gourmet Oliven\u00f6l wird aus der ersten Presse hergestellt und besteht aus den Sorten Picuda und Hojiblanca. Nach dem Pressen wird das native Oliven\u00f6l f\u00fcr 15 Tage dekantiert und dann in Glasflaschen abgef\u00fcllt. Venta del Bar\u00f3n verf\u00fcgt \u00fcber eine gr\u00fcne strahlende Farbe, hat ein intensives und fruchtiges Aroma. Kr\u00e4uternoten, Pfefferminze, Mandelschalen, Banane und Apfel lassen sich erahnen. \u2705 Herkunft: Das PDO Priego de C\u00f3rdoba befindet sich im Herzen von Andalusien. Aufgrund des einzigartigen Mikroklimas, werden hier international anerkannte Oliven\u00f6le von au\u00dfergew\u00f6hnlicher Qualit\u00e4t produziert","og_url":"https:\/\/travel-du.de\/reiseshop\/produkt\/venta-del-baron-preisgekroentes-premium-natives-olivenoel-extra-vergine-aus-cordoba-gewinner-der-weltmeisterschaft\/","og_site_name":"Reiseshop Travel-du.de","article_modified_time":"2023-07-23T10:52:14+00:00","twitter_card":"summary_large_image","twitter_misc":{"Gesch\u00e4tzte Lesezeit":"1\u00a0Minute"},"schema":{"@context":"https:\/\/schema.org","@graph":[{"@type":"WebPage","@id":"https:\/\/travel-du.de\/reiseshop\/produkt\/venta-del-baron-preisgekroentes-premium-natives-olivenoel-extra-vergine-aus-cordoba-gewinner-der-weltmeisterschaft\/","url":"https:\/\/travel-du.de\/reiseshop\/produkt\/venta-del-baron-preisgekroentes-premium-natives-olivenoel-extra-vergine-aus-cordoba-gewinner-der-weltmeisterschaft\/","name":"Venta del Bar\u00f3n - Preisgekr\u00f6ntes Premium Natives Oliven\u00f6l Extra Vergine aus C\u00f3rdoba (Gewinner der Weltmeisterschaft) &#8211; Reiseshop Travel-du.de","isPartOf":{"@id":"https:\/\/travel-du.de\/reiseshop\/#website"},"primaryImageOfPage":{"@id":"https:\/\/travel-du.de\/reiseshop\/produkt\/venta-del-baron-preisgekroentes-premium-natives-olivenoel-extra-vergine-aus-cordoba-gewinner-der-weltmeisterschaft\/#primaryimage"},"image":{"@id":"https:\/\/travel-du.de\/reiseshop\/produkt\/venta-del-baron-preisgekroentes-premium-natives-olivenoel-extra-vergine-aus-cordoba-gewinner-der-weltmeisterschaft\/#primaryimage"},"thumbnailUrl":"https:\/\/travel-du.de\/reiseshop\/wp-content\/uploads\/2023\/07\/Venta-del-Baron-Preisgekroentes-Premium-Natives-Olivenoel-Extra-Vergine-aus-Cordoba-Gewinner-der-Weltmeisterschaft-0.jpg","datePublished":"2023-07-23T10:52:09+00:00","dateModified":"2023-07-23T10:52:14+00:00","breadcrumb":{"@id":"https:\/\/travel-du.de\/reiseshop\/produkt\/venta-del-baron-preisgekroentes-premium-natives-olivenoel-extra-vergine-aus-cordoba-gewinner-der-weltmeisterschaft\/#breadcrumb"},"inLanguage":"de","potentialAction":[{"@type":"ReadAction","target":["https:\/\/travel-du.de\/reiseshop\/produkt\/venta-del-baron-preisgekroentes-premium-natives-olivenoel-extra-vergine-aus-cordoba-gewinner-der-weltmeisterschaft\/"]}]},{"@type":"ImageObject","inLanguage":"de","@id":"https:\/\/travel-du.de\/reiseshop\/produkt\/venta-del-baron-preisgekroentes-premium-natives-olivenoel-extra-vergine-aus-cordoba-gewinner-der-weltmeisterschaft\/#primaryimage","url":"https:\/\/travel-du.de\/reiseshop\/wp-content\/uploads\/2023\/07\/Venta-del-Baron-Preisgekroentes-Premium-Natives-Olivenoel-Extra-Vergine-aus-Cordoba-Gewinner-der-Weltmeisterschaft-0.jpg","contentUrl":"https:\/\/travel-du.de\/reiseshop\/wp-content\/uploads\/2023\/07\/Venta-del-Baron-Preisgekroentes-Premium-Natives-Olivenoel-Extra-Vergine-aus-Cordoba-Gewinner-der-Weltmeisterschaft-0.jpg","width":375,"height":500},{"@type":"BreadcrumbList","@id":"https:\/\/travel-du.de\/reiseshop\/produkt\/venta-del-baron-preisgekroentes-premium-natives-olivenoel-extra-vergine-aus-cordoba-gewinner-der-weltmeisterschaft\/#breadcrumb","itemListElement":[{"@type":"ListItem","position":1,"name":"Startseite","item":"https:\/\/travel-du.de\/reiseshop\/"},{"@type":"ListItem","position":2,"name":"Shop","item":"https:\/\/travel-du.de\/reiseshop\/shop\/"},{"@type":"ListItem","position":3,"name":"Venta del Bar\u00f3n &#8211; Preisgekr\u00f6ntes Premium Natives Oliven\u00f6l Extra Vergine aus C\u00f3rdoba (Gewinner der Weltmeisterschaft)"}]},{"@type":"WebSite","@id":"https:\/\/travel-du.de\/reiseshop\/#website","url":"https:\/\/travel-du.de\/reiseshop\/","name":"Reiseshop Travel-du.de","description":"Der Shop f\u00fcr Reisende, Weltenbummler und Abenteurer","potentialAction":[{"@type":"SearchAction","target":{"@type":"EntryPoint","urlTemplate":"https:\/\/travel-du.de\/reiseshop\/?s={search_term_string}"},"query-input":{"@type":"PropertyValueSpecification","valueRequired":true,"valueName":"search_term_string"}}],"inLanguage":"de"}]}},"_links":{"self":[{"href":"https:\/\/travel-du.de\/reiseshop\/wp-json\/wp\/v2\/product\/4034","targetHints":{"allow":["GET"]}}],"collection":[{"href":"https:\/\/travel-du.de\/reiseshop\/wp-json\/wp\/v2\/product"}],"about":[{"href":"https:\/\/travel-du.de\/reiseshop\/wp-json\/wp\/v2\/types\/product"}],"replies":[{"embeddable":true,"href":"https:\/\/travel-du.de\/reiseshop\/wp-json\/wp\/v2\/comments?post=4034"}],"wp:featuredmedia":[{"embeddable":true,"href":"https:\/\/travel-du.de\/reiseshop\/wp-json\/wp\/v2\/media\/4039"}],"wp:attachment":[{"href":"https:\/\/travel-du.de\/reiseshop\/wp-json\/wp\/v2\/media?parent=4034"}],"wp:term":[{"taxonomy":"product_brand","embeddable":true,"href":"https:\/\/travel-du.de\/reiseshop\/wp-json\/wp\/v2\/product_brand?post=4034"},{"taxonomy":"product_cat","embeddable":true,"href":"https:\/\/travel-du.de\/reiseshop\/wp-json\/wp\/v2\/product_cat?post=4034"},{"taxonomy":"product_tag","embeddable":true,"href":"https:\/\/travel-du.de\/reiseshop\/wp-json\/wp\/v2\/product_tag?post=4034"}],"curies":[{"name":"wp","href":"https:\/\/api.w.org\/{rel}","templated":true}]}}