{"id":372,"date":"2016-12-25T20:39:38","date_gmt":"2016-12-25T19:39:38","guid":{"rendered":"http:\/\/travel-du.de\/reiseshop\/produkt\/rollei-teleskopstange-ausziehbare-armverlaengerung-fuer-gopro\/"},"modified":"2017-01-08T13:19:19","modified_gmt":"2017-01-08T12:19:19","slug":"teleskopstange-ausziehbar-actioncam","status":"publish","type":"product","link":"https:\/\/travel-du.de\/reiseshop\/produkt\/teleskopstange-ausziehbar-actioncam\/","title":{"rendered":"ausziehbare Teleskopstange f\u00fcr Actioncams (von Rollei)"},"content":{"rendered":"<p>Oft als Deppenzepter verschrien, sind Selfie-Sticks eigentlich super praktisch. Vor allem bei sportlichen Aktivit\u00e4ten wie Snowboarden, Wasserski oder \u00e4hnlichem gelingen dir damit richtig coole Aufnahmen. Wenn du eine Go pro hast, geh\u00f6rt eine solche Teleskopstange eigentlich zur Pflichtausr\u00fcstung.<\/p>\n<p>Du kannst die Kamera in verschiedenen Gr\u00f6\u00dfen (S, M und L) bestellen.<\/p>\n<ul>\n<li>Auch im Sand, Salzwasser und zum Tauchen geeignet &#8211; nach Gebrauch einfach mit S\u00fc\u00dfwasser reinigen und gut trocknen lassen.<\/li>\n<li>L\u00e4nge: 20,5 &#8211; 58,5 cm, Gewicht: 104 g<\/li>\n<li>Ausziehbare Armverl\u00e4ngerung f\u00fcr GoPro Kameras und Rollei Actioncams der 200er, 300er, 400er und 500er Serie<\/li>\n<li>Lieferumfang: Teleskopstange; Handschlaufe<\/li>\n<\/ul>\n<div class=\"main-cross-sell\" data-asin=\"B00XACMX6E\">\n\n\t<div class=\"WooZone-cross-sell-loader\">\n\t\t<div>\n\t\t\t<div id=\"floatingBarsG\">\n\t\t\t\t<div class=\"blockG\" id=\"rotateG_01\"><\/div>\n\t\t\t\t<div class=\"blockG\" id=\"rotateG_02\"><\/div>\n\t\t\t\t<div class=\"blockG\" id=\"rotateG_03\"><\/div>\n\t\t\t\t<div class=\"blockG\" id=\"rotateG_04\"><\/div>\n\t\t\t\t<div class=\"blockG\" id=\"rotateG_05\"><\/div>\n\t\t\t\t<div class=\"blockG\" id=\"rotateG_06\"><\/div>\n\t\t\t\t<div class=\"blockG\" id=\"rotateG_07\"><\/div>\n\t\t\t\t<div class=\"blockG\" id=\"rotateG_08\"><\/div>\n\t\t\t<\/div>\n\t\t\t<div class=\"WooZone-cross-sell-loader-text\"><\/div>\n\t\t<\/div>\n\t<\/div>\n\n\t\t\n<\/div>\n<div style=\"clear:both;\"><\/div>\n","protected":false},"excerpt":{"rendered":"<p>Oft als Deppenzepter verschrien, sind Selfie-Sticks eigentlich super praktisch. Vor allem bei sportlichen Aktivit\u00e4ten wie Snowboarden, Wasserski oder \u00e4hnlichem gelingen dir damit richtig coole Aufnahmen. Wenn du eine Go pro hast, geh\u00f6rt eine solche Teleskopstange eigentlich zur Pflichtausr\u00fcstung.<\/p>\n<p>Du kannst die Kamera in verschiedenen Gr\u00f6\u00dfen (S, M und L) bestellen.<br \/>\n<a href=\"https:\/\/www.amazon.de\/Rollei-Teleskopstange-Ausziehbare-Armverl%C3%A4ngerung-GoPro\/dp\/B00T6GQYIG\/ref=as_li_ss_tl?s=ce-de&#038;ie=UTF8&#038;qid=1482951101&#038;sr=1-2&#038;keywords=rollei+teleskopstange&#038;linkCode=ll1&#038;tag=wwwtraveldude-21&#038;linkId=a74168ef048c42095159e4050444efa2\" target=\"_blank\"><\/p>\n<div class=\"amazon-button\" style=\"text-align: center;\">\u21d2 Direkt bei Amazon bestellen.<\/div>\n<p><\/a><\/p>\n","protected":false},"featured_media":376,"comment_status":"open","ping_status":"closed","template":"","meta":[],"product_brand":[],"product_cat":[86],"product_tag":[],"class_list":{"0":"post-372","1":"product","2":"type-product","3":"status-publish","4":"has-post-thumbnail","6":"product_cat-unterwegs","8":"first","9":"instock","10":"shipping-taxable","11":"product-type-external"},"yoast_head":"<!-- This site is optimized with the Yoast SEO plugin v26.2 - https:\/\/yoast.com\/wordpress\/plugins\/seo\/ -->\n<title>ausziehbare Teleskopstange f\u00fcr Actioncams (von Rollei) &#8211; Reiseshop Travel-du.de<\/title>\n<meta name=\"robots\" content=\"index, follow, max-snippet:-1, max-image-preview:large, max-video-preview:-1\" \/>\n<link rel=\"canonical\" href=\"https:\/\/travel-du.de\/reiseshop\/produkt\/teleskopstange-ausziehbar-actioncam\/\" \/>\n<meta property=\"og:locale\" content=\"de_DE\" \/>\n<meta property=\"og:type\" content=\"article\" \/>\n<meta property=\"og:title\" content=\"ausziehbare Teleskopstange f\u00fcr Actioncams (von Rollei) &#8211; Reiseshop Travel-du.de\" \/>\n<meta property=\"og:description\" content=\"Oft als Deppenzepter verschrien, sind Selfie-Sticks eigentlich super praktisch. Vor allem bei sportlichen Aktivit\u00e4ten wie Snowboarden, Wasserski oder \u00e4hnlichem gelingen dir damit richtig coole Aufnahmen. Wenn du eine Go pro hast, geh\u00f6rt eine solche Teleskopstange eigentlich zur Pflichtausr\u00fcstung.  Du kannst die Kamera in verschiedenen Gr\u00f6\u00dfen (S, M und L) bestellen.  \u21d2 Direkt bei Amazon bestellen.\" \/>\n<meta property=\"og:url\" content=\"https:\/\/travel-du.de\/reiseshop\/produkt\/teleskopstange-ausziehbar-actioncam\/\" \/>\n<meta property=\"og:site_name\" content=\"Reiseshop Travel-du.de\" \/>\n<meta property=\"article:modified_time\" content=\"2017-01-08T12:19:19+00:00\" \/>\n<meta property=\"og:image\" content=\"https:\/\/travel-du.de\/reiseshop\/wp-content\/uploads\/2016\/12\/Rollei-Teleskopstange-Ausziehbare-Armverlngerung-fr-GoPro-0.jpg\" \/>\n\t<meta property=\"og:image:width\" content=\"255\" \/>\n\t<meta property=\"og:image:height\" content=\"500\" \/>\n\t<meta property=\"og:image:type\" content=\"image\/jpeg\" \/>\n<meta name=\"twitter:card\" content=\"summary_large_image\" \/>\n<meta name=\"twitter:label1\" content=\"Gesch\u00e4tzte Lesezeit\" \/>\n\t<meta name=\"twitter:data1\" content=\"1\u00a0Minute\" \/>\n<script type=\"application\/ld+json\" class=\"yoast-schema-graph\">{\"@context\":\"https:\/\/schema.org\",\"@graph\":[{\"@type\":\"WebPage\",\"@id\":\"https:\/\/travel-du.de\/reiseshop\/produkt\/teleskopstange-ausziehbar-actioncam\/\",\"url\":\"https:\/\/travel-du.de\/reiseshop\/produkt\/teleskopstange-ausziehbar-actioncam\/\",\"name\":\"ausziehbare Teleskopstange f\u00fcr Actioncams (von Rollei) &#8211; Reiseshop Travel-du.de\",\"isPartOf\":{\"@id\":\"https:\/\/travel-du.de\/reiseshop\/#website\"},\"primaryImageOfPage\":{\"@id\":\"https:\/\/travel-du.de\/reiseshop\/produkt\/teleskopstange-ausziehbar-actioncam\/#primaryimage\"},\"image\":{\"@id\":\"https:\/\/travel-du.de\/reiseshop\/produkt\/teleskopstange-ausziehbar-actioncam\/#primaryimage\"},\"thumbnailUrl\":\"https:\/\/travel-du.de\/reiseshop\/wp-content\/uploads\/2016\/12\/Rollei-Teleskopstange-Ausziehbare-Armverlngerung-fr-GoPro-0.jpg\",\"datePublished\":\"2016-12-25T19:39:38+00:00\",\"dateModified\":\"2017-01-08T12:19:19+00:00\",\"breadcrumb\":{\"@id\":\"https:\/\/travel-du.de\/reiseshop\/produkt\/teleskopstange-ausziehbar-actioncam\/#breadcrumb\"},\"inLanguage\":\"de\",\"potentialAction\":[{\"@type\":\"ReadAction\",\"target\":[\"https:\/\/travel-du.de\/reiseshop\/produkt\/teleskopstange-ausziehbar-actioncam\/\"]}]},{\"@type\":\"ImageObject\",\"inLanguage\":\"de\",\"@id\":\"https:\/\/travel-du.de\/reiseshop\/produkt\/teleskopstange-ausziehbar-actioncam\/#primaryimage\",\"url\":\"https:\/\/travel-du.de\/reiseshop\/wp-content\/uploads\/2016\/12\/Rollei-Teleskopstange-Ausziehbare-Armverlngerung-fr-GoPro-0.jpg\",\"contentUrl\":\"https:\/\/travel-du.de\/reiseshop\/wp-content\/uploads\/2016\/12\/Rollei-Teleskopstange-Ausziehbare-Armverlngerung-fr-GoPro-0.jpg\",\"width\":255,\"height\":500},{\"@type\":\"BreadcrumbList\",\"@id\":\"https:\/\/travel-du.de\/reiseshop\/produkt\/teleskopstange-ausziehbar-actioncam\/#breadcrumb\",\"itemListElement\":[{\"@type\":\"ListItem\",\"position\":1,\"name\":\"Startseite\",\"item\":\"https:\/\/travel-du.de\/reiseshop\/\"},{\"@type\":\"ListItem\",\"position\":2,\"name\":\"Shop\",\"item\":\"https:\/\/travel-du.de\/reiseshop\/shop\/\"},{\"@type\":\"ListItem\",\"position\":3,\"name\":\"ausziehbare Teleskopstange f\u00fcr Actioncams (von Rollei)\"}]},{\"@type\":\"WebSite\",\"@id\":\"https:\/\/travel-du.de\/reiseshop\/#website\",\"url\":\"https:\/\/travel-du.de\/reiseshop\/\",\"name\":\"Reiseshop Travel-du.de\",\"description\":\"Der Shop f\u00fcr Reisende, Weltenbummler und Abenteurer\",\"potentialAction\":[{\"@type\":\"SearchAction\",\"target\":{\"@type\":\"EntryPoint\",\"urlTemplate\":\"https:\/\/travel-du.de\/reiseshop\/?s={search_term_string}\"},\"query-input\":{\"@type\":\"PropertyValueSpecification\",\"valueRequired\":true,\"valueName\":\"search_term_string\"}}],\"inLanguage\":\"de\"}]}<\/script>\n<!-- \/ Yoast SEO plugin. -->","yoast_head_json":{"title":"ausziehbare Teleskopstange f\u00fcr Actioncams (von Rollei) &#8211; Reiseshop Travel-du.de","robots":{"index":"index","follow":"follow","max-snippet":"max-snippet:-1","max-image-preview":"max-image-preview:large","max-video-preview":"max-video-preview:-1"},"canonical":"https:\/\/travel-du.de\/reiseshop\/produkt\/teleskopstange-ausziehbar-actioncam\/","og_locale":"de_DE","og_type":"article","og_title":"ausziehbare Teleskopstange f\u00fcr Actioncams (von Rollei) &#8211; Reiseshop Travel-du.de","og_description":"Oft als Deppenzepter verschrien, sind Selfie-Sticks eigentlich super praktisch. Vor allem bei sportlichen Aktivit\u00e4ten wie Snowboarden, Wasserski oder \u00e4hnlichem gelingen dir damit richtig coole Aufnahmen. Wenn du eine Go pro hast, geh\u00f6rt eine solche Teleskopstange eigentlich zur Pflichtausr\u00fcstung.  Du kannst die Kamera in verschiedenen Gr\u00f6\u00dfen (S, M und L) bestellen.  \u21d2 Direkt bei Amazon bestellen.","og_url":"https:\/\/travel-du.de\/reiseshop\/produkt\/teleskopstange-ausziehbar-actioncam\/","og_site_name":"Reiseshop Travel-du.de","article_modified_time":"2017-01-08T12:19:19+00:00","og_image":[{"width":255,"height":500,"url":"https:\/\/travel-du.de\/reiseshop\/wp-content\/uploads\/2016\/12\/Rollei-Teleskopstange-Ausziehbare-Armverlngerung-fr-GoPro-0.jpg","type":"image\/jpeg"}],"twitter_card":"summary_large_image","twitter_misc":{"Gesch\u00e4tzte Lesezeit":"1\u00a0Minute"},"schema":{"@context":"https:\/\/schema.org","@graph":[{"@type":"WebPage","@id":"https:\/\/travel-du.de\/reiseshop\/produkt\/teleskopstange-ausziehbar-actioncam\/","url":"https:\/\/travel-du.de\/reiseshop\/produkt\/teleskopstange-ausziehbar-actioncam\/","name":"ausziehbare Teleskopstange f\u00fcr Actioncams (von Rollei) &#8211; Reiseshop Travel-du.de","isPartOf":{"@id":"https:\/\/travel-du.de\/reiseshop\/#website"},"primaryImageOfPage":{"@id":"https:\/\/travel-du.de\/reiseshop\/produkt\/teleskopstange-ausziehbar-actioncam\/#primaryimage"},"image":{"@id":"https:\/\/travel-du.de\/reiseshop\/produkt\/teleskopstange-ausziehbar-actioncam\/#primaryimage"},"thumbnailUrl":"https:\/\/travel-du.de\/reiseshop\/wp-content\/uploads\/2016\/12\/Rollei-Teleskopstange-Ausziehbare-Armverlngerung-fr-GoPro-0.jpg","datePublished":"2016-12-25T19:39:38+00:00","dateModified":"2017-01-08T12:19:19+00:00","breadcrumb":{"@id":"https:\/\/travel-du.de\/reiseshop\/produkt\/teleskopstange-ausziehbar-actioncam\/#breadcrumb"},"inLanguage":"de","potentialAction":[{"@type":"ReadAction","target":["https:\/\/travel-du.de\/reiseshop\/produkt\/teleskopstange-ausziehbar-actioncam\/"]}]},{"@type":"ImageObject","inLanguage":"de","@id":"https:\/\/travel-du.de\/reiseshop\/produkt\/teleskopstange-ausziehbar-actioncam\/#primaryimage","url":"https:\/\/travel-du.de\/reiseshop\/wp-content\/uploads\/2016\/12\/Rollei-Teleskopstange-Ausziehbare-Armverlngerung-fr-GoPro-0.jpg","contentUrl":"https:\/\/travel-du.de\/reiseshop\/wp-content\/uploads\/2016\/12\/Rollei-Teleskopstange-Ausziehbare-Armverlngerung-fr-GoPro-0.jpg","width":255,"height":500},{"@type":"BreadcrumbList","@id":"https:\/\/travel-du.de\/reiseshop\/produkt\/teleskopstange-ausziehbar-actioncam\/#breadcrumb","itemListElement":[{"@type":"ListItem","position":1,"name":"Startseite","item":"https:\/\/travel-du.de\/reiseshop\/"},{"@type":"ListItem","position":2,"name":"Shop","item":"https:\/\/travel-du.de\/reiseshop\/shop\/"},{"@type":"ListItem","position":3,"name":"ausziehbare Teleskopstange f\u00fcr Actioncams (von Rollei)"}]},{"@type":"WebSite","@id":"https:\/\/travel-du.de\/reiseshop\/#website","url":"https:\/\/travel-du.de\/reiseshop\/","name":"Reiseshop Travel-du.de","description":"Der Shop f\u00fcr Reisende, Weltenbummler und Abenteurer","potentialAction":[{"@type":"SearchAction","target":{"@type":"EntryPoint","urlTemplate":"https:\/\/travel-du.de\/reiseshop\/?s={search_term_string}"},"query-input":{"@type":"PropertyValueSpecification","valueRequired":true,"valueName":"search_term_string"}}],"inLanguage":"de"}]}},"_links":{"self":[{"href":"https:\/\/travel-du.de\/reiseshop\/wp-json\/wp\/v2\/product\/372","targetHints":{"allow":["GET"]}}],"collection":[{"href":"https:\/\/travel-du.de\/reiseshop\/wp-json\/wp\/v2\/product"}],"about":[{"href":"https:\/\/travel-du.de\/reiseshop\/wp-json\/wp\/v2\/types\/product"}],"replies":[{"embeddable":true,"href":"https:\/\/travel-du.de\/reiseshop\/wp-json\/wp\/v2\/comments?post=372"}],"wp:featuredmedia":[{"embeddable":true,"href":"https:\/\/travel-du.de\/reiseshop\/wp-json\/wp\/v2\/media\/376"}],"wp:attachment":[{"href":"https:\/\/travel-du.de\/reiseshop\/wp-json\/wp\/v2\/media?parent=372"}],"wp:term":[{"taxonomy":"product_brand","embeddable":true,"href":"https:\/\/travel-du.de\/reiseshop\/wp-json\/wp\/v2\/product_brand?post=372"},{"taxonomy":"product_cat","embeddable":true,"href":"https:\/\/travel-du.de\/reiseshop\/wp-json\/wp\/v2\/product_cat?post=372"},{"taxonomy":"product_tag","embeddable":true,"href":"https:\/\/travel-du.de\/reiseshop\/wp-json\/wp\/v2\/product_tag?post=372"}],"curies":[{"name":"wp","href":"https:\/\/api.w.org\/{rel}","templated":true}]}}