{"id":3546,"date":"2020-12-12T15:33:19","date_gmt":"2020-12-12T14:33:19","guid":{"rendered":"https:\/\/travel-du.de\/reiseshop\/produkt\/puzzle-strasse-zum-aoraki-mount-cook-bei-daemmerungsrosa-himmel-in-new-zealand-klassische-puzzle-1000-200-2000-teile-edle-motiv-schachtel-fotopuzzle-kollektion-berge-landschaften\/"},"modified":"2020-12-12T16:38:01","modified_gmt":"2020-12-12T15:38:01","slug":"neuseeland-puzzle-mount-cook","status":"publish","type":"product","link":"https:\/\/travel-du.de\/reiseshop\/produkt\/neuseeland-puzzle-mount-cook\/","title":{"rendered":"Neuseeland Puzzle: Stra\u00dfe zum Mount Cook (Aoraki )"},"content":{"rendered":"<p>Der Mount Cook ist nicht nur der bekannteste Berg Neuseelands, sondern macht sich auch hervorragend als Puzzlemotiv.<\/p>\n<p>Puzzle erh\u00e4ltlich als:<\/p>\n<ul>\n<li>1000 Teile (64 x 48cm),<\/li>\n<li>200 Teile (48 x 36cm)<\/li>\n<li>und 2000 Teile (90 x 67cm)<\/li>\n<\/ul>\n<div class=\"main-cross-sell\" data-asin=\"B083ZBWM3G\">\n\n\t<div class=\"WooZone-cross-sell-loader\">\n\t\t<div>\n\t\t\t<div id=\"floatingBarsG\">\n\t\t\t\t<div class=\"blockG\" id=\"rotateG_01\"><\/div>\n\t\t\t\t<div class=\"blockG\" id=\"rotateG_02\"><\/div>\n\t\t\t\t<div class=\"blockG\" id=\"rotateG_03\"><\/div>\n\t\t\t\t<div class=\"blockG\" id=\"rotateG_04\"><\/div>\n\t\t\t\t<div class=\"blockG\" id=\"rotateG_05\"><\/div>\n\t\t\t\t<div class=\"blockG\" id=\"rotateG_06\"><\/div>\n\t\t\t\t<div class=\"blockG\" id=\"rotateG_07\"><\/div>\n\t\t\t\t<div class=\"blockG\" id=\"rotateG_08\"><\/div>\n\t\t\t<\/div>\n\t\t\t<div class=\"WooZone-cross-sell-loader-text\"><\/div>\n\t\t<\/div>\n\t<\/div>\n\n\t\t\n<\/div>\n<div style=\"clear:both;\"><\/div>\n","protected":false},"excerpt":{"rendered":"<p>Puzzle erh\u00e4ltlich als:<\/p>\n<ul>\n<li>1000 Teile (64 x 48cm),<\/li>\n<li>200 Teile (48 x 36cm)<\/li>\n<li>und 2000 Teile (90 x 67cm)<\/li>\n<\/ul>\n<p>F\u00fchlbare Wertigkeit: Premium-Pappe 2,25 mm, traditionelle Pr\u00e4zisions-Stanzung &amp; beste Druck-Qualit\u00e4t f\u00fcr maximalen Puzzlespa\u00df.<\/p>\n","protected":false},"featured_media":3550,"comment_status":"open","ping_status":"closed","template":"","meta":[],"product_brand":[],"product_cat":[120,122],"product_tag":[],"class_list":{"0":"post-3546","1":"product","2":"type-product","3":"status-publish","4":"has-post-thumbnail","6":"product_cat-reise-geschenke","7":"product_cat-geschenk-neuseeland","9":"first","10":"instock","11":"shipping-taxable","12":"product-type-external"},"yoast_head":"<!-- This site is optimized with the Yoast SEO plugin v26.2 - https:\/\/yoast.com\/wordpress\/plugins\/seo\/ -->\n<title>Neuseeland Puzzle: Stra\u00dfe zum Mount Cook (Aoraki ) &#8211; Reiseshop Travel-du.de<\/title>\n<meta name=\"description\" content=\"Geniales Puzzlemotiv: Eine Stra\u00dfe zum sch\u00f6nsten Berg Neuseelands: Mount Cook, auch Aoraki genannt. In mehreren Teile-Variationen erh\u00e4ltlich.\" \/>\n<meta name=\"robots\" content=\"index, follow, max-snippet:-1, max-image-preview:large, max-video-preview:-1\" \/>\n<link rel=\"canonical\" href=\"https:\/\/travel-du.de\/reiseshop\/produkt\/neuseeland-puzzle-mount-cook\/\" \/>\n<meta property=\"og:locale\" content=\"de_DE\" \/>\n<meta property=\"og:type\" content=\"article\" \/>\n<meta property=\"og:title\" content=\"Neuseeland Puzzle: Stra\u00dfe zum Mount Cook (Aoraki ) &#8211; Reiseshop Travel-du.de\" \/>\n<meta property=\"og:description\" content=\"Geniales Puzzlemotiv: Eine Stra\u00dfe zum sch\u00f6nsten Berg Neuseelands: Mount Cook, auch Aoraki genannt. In mehreren Teile-Variationen erh\u00e4ltlich.\" \/>\n<meta property=\"og:url\" content=\"https:\/\/travel-du.de\/reiseshop\/produkt\/neuseeland-puzzle-mount-cook\/\" \/>\n<meta property=\"og:site_name\" content=\"Reiseshop Travel-du.de\" \/>\n<meta property=\"article:modified_time\" content=\"2020-12-12T15:38:01+00:00\" \/>\n<meta property=\"og:image\" content=\"https:\/\/travel-du.de\/reiseshop\/wp-content\/uploads\/2020\/12\/Puzzle-Strasse-zum-Aoraki-Mount-Cook-bei-daemmerungsrosa-Himmel-in-New-Zealand-Klassische-Puzzle-1000-200-2000-Teile-edle-Motiv-Schachtel-Fotopuzzle-Kollektion-Berge-Landschaften-0.jpg\" \/>\n\t<meta property=\"og:image:width\" content=\"500\" \/>\n\t<meta property=\"og:image:height\" content=\"385\" \/>\n\t<meta property=\"og:image:type\" content=\"image\/jpeg\" \/>\n<meta name=\"twitter:card\" content=\"summary_large_image\" \/>\n<script type=\"application\/ld+json\" class=\"yoast-schema-graph\">{\"@context\":\"https:\/\/schema.org\",\"@graph\":[{\"@type\":\"WebPage\",\"@id\":\"https:\/\/travel-du.de\/reiseshop\/produkt\/neuseeland-puzzle-mount-cook\/\",\"url\":\"https:\/\/travel-du.de\/reiseshop\/produkt\/neuseeland-puzzle-mount-cook\/\",\"name\":\"Neuseeland Puzzle: Stra\u00dfe zum Mount Cook (Aoraki ) &#8211; Reiseshop Travel-du.de\",\"isPartOf\":{\"@id\":\"https:\/\/travel-du.de\/reiseshop\/#website\"},\"primaryImageOfPage\":{\"@id\":\"https:\/\/travel-du.de\/reiseshop\/produkt\/neuseeland-puzzle-mount-cook\/#primaryimage\"},\"image\":{\"@id\":\"https:\/\/travel-du.de\/reiseshop\/produkt\/neuseeland-puzzle-mount-cook\/#primaryimage\"},\"thumbnailUrl\":\"https:\/\/travel-du.de\/reiseshop\/wp-content\/uploads\/2020\/12\/Puzzle-Strasse-zum-Aoraki-Mount-Cook-bei-daemmerungsrosa-Himmel-in-New-Zealand-Klassische-Puzzle-1000-200-2000-Teile-edle-Motiv-Schachtel-Fotopuzzle-Kollektion-Berge-Landschaften-0.jpg\",\"datePublished\":\"2020-12-12T14:33:19+00:00\",\"dateModified\":\"2020-12-12T15:38:01+00:00\",\"description\":\"Geniales Puzzlemotiv: Eine Stra\u00dfe zum sch\u00f6nsten Berg Neuseelands: Mount Cook, auch Aoraki genannt. In mehreren Teile-Variationen erh\u00e4ltlich.\",\"breadcrumb\":{\"@id\":\"https:\/\/travel-du.de\/reiseshop\/produkt\/neuseeland-puzzle-mount-cook\/#breadcrumb\"},\"inLanguage\":\"de\",\"potentialAction\":[{\"@type\":\"ReadAction\",\"target\":[\"https:\/\/travel-du.de\/reiseshop\/produkt\/neuseeland-puzzle-mount-cook\/\"]}]},{\"@type\":\"ImageObject\",\"inLanguage\":\"de\",\"@id\":\"https:\/\/travel-du.de\/reiseshop\/produkt\/neuseeland-puzzle-mount-cook\/#primaryimage\",\"url\":\"https:\/\/travel-du.de\/reiseshop\/wp-content\/uploads\/2020\/12\/Puzzle-Strasse-zum-Aoraki-Mount-Cook-bei-daemmerungsrosa-Himmel-in-New-Zealand-Klassische-Puzzle-1000-200-2000-Teile-edle-Motiv-Schachtel-Fotopuzzle-Kollektion-Berge-Landschaften-0.jpg\",\"contentUrl\":\"https:\/\/travel-du.de\/reiseshop\/wp-content\/uploads\/2020\/12\/Puzzle-Strasse-zum-Aoraki-Mount-Cook-bei-daemmerungsrosa-Himmel-in-New-Zealand-Klassische-Puzzle-1000-200-2000-Teile-edle-Motiv-Schachtel-Fotopuzzle-Kollektion-Berge-Landschaften-0.jpg\",\"width\":500,\"height\":385},{\"@type\":\"BreadcrumbList\",\"@id\":\"https:\/\/travel-du.de\/reiseshop\/produkt\/neuseeland-puzzle-mount-cook\/#breadcrumb\",\"itemListElement\":[{\"@type\":\"ListItem\",\"position\":1,\"name\":\"Startseite\",\"item\":\"https:\/\/travel-du.de\/reiseshop\/\"},{\"@type\":\"ListItem\",\"position\":2,\"name\":\"Shop\",\"item\":\"https:\/\/travel-du.de\/reiseshop\/shop\/\"},{\"@type\":\"ListItem\",\"position\":3,\"name\":\"Neuseeland Puzzle: Stra\u00dfe zum Mount Cook (Aoraki )\"}]},{\"@type\":\"WebSite\",\"@id\":\"https:\/\/travel-du.de\/reiseshop\/#website\",\"url\":\"https:\/\/travel-du.de\/reiseshop\/\",\"name\":\"Reiseshop Travel-du.de\",\"description\":\"Der Shop f\u00fcr Reisende, Weltenbummler und Abenteurer\",\"potentialAction\":[{\"@type\":\"SearchAction\",\"target\":{\"@type\":\"EntryPoint\",\"urlTemplate\":\"https:\/\/travel-du.de\/reiseshop\/?s={search_term_string}\"},\"query-input\":{\"@type\":\"PropertyValueSpecification\",\"valueRequired\":true,\"valueName\":\"search_term_string\"}}],\"inLanguage\":\"de\"}]}<\/script>\n<!-- \/ Yoast SEO plugin. -->","yoast_head_json":{"title":"Neuseeland Puzzle: Stra\u00dfe zum Mount Cook (Aoraki ) &#8211; Reiseshop Travel-du.de","description":"Geniales Puzzlemotiv: Eine Stra\u00dfe zum sch\u00f6nsten Berg Neuseelands: Mount Cook, auch Aoraki genannt. In mehreren Teile-Variationen erh\u00e4ltlich.","robots":{"index":"index","follow":"follow","max-snippet":"max-snippet:-1","max-image-preview":"max-image-preview:large","max-video-preview":"max-video-preview:-1"},"canonical":"https:\/\/travel-du.de\/reiseshop\/produkt\/neuseeland-puzzle-mount-cook\/","og_locale":"de_DE","og_type":"article","og_title":"Neuseeland Puzzle: Stra\u00dfe zum Mount Cook (Aoraki ) &#8211; Reiseshop Travel-du.de","og_description":"Geniales Puzzlemotiv: Eine Stra\u00dfe zum sch\u00f6nsten Berg Neuseelands: Mount Cook, auch Aoraki genannt. In mehreren Teile-Variationen erh\u00e4ltlich.","og_url":"https:\/\/travel-du.de\/reiseshop\/produkt\/neuseeland-puzzle-mount-cook\/","og_site_name":"Reiseshop Travel-du.de","article_modified_time":"2020-12-12T15:38:01+00:00","og_image":[{"width":500,"height":385,"url":"https:\/\/travel-du.de\/reiseshop\/wp-content\/uploads\/2020\/12\/Puzzle-Strasse-zum-Aoraki-Mount-Cook-bei-daemmerungsrosa-Himmel-in-New-Zealand-Klassische-Puzzle-1000-200-2000-Teile-edle-Motiv-Schachtel-Fotopuzzle-Kollektion-Berge-Landschaften-0.jpg","type":"image\/jpeg"}],"twitter_card":"summary_large_image","schema":{"@context":"https:\/\/schema.org","@graph":[{"@type":"WebPage","@id":"https:\/\/travel-du.de\/reiseshop\/produkt\/neuseeland-puzzle-mount-cook\/","url":"https:\/\/travel-du.de\/reiseshop\/produkt\/neuseeland-puzzle-mount-cook\/","name":"Neuseeland Puzzle: Stra\u00dfe zum Mount Cook (Aoraki ) &#8211; Reiseshop Travel-du.de","isPartOf":{"@id":"https:\/\/travel-du.de\/reiseshop\/#website"},"primaryImageOfPage":{"@id":"https:\/\/travel-du.de\/reiseshop\/produkt\/neuseeland-puzzle-mount-cook\/#primaryimage"},"image":{"@id":"https:\/\/travel-du.de\/reiseshop\/produkt\/neuseeland-puzzle-mount-cook\/#primaryimage"},"thumbnailUrl":"https:\/\/travel-du.de\/reiseshop\/wp-content\/uploads\/2020\/12\/Puzzle-Strasse-zum-Aoraki-Mount-Cook-bei-daemmerungsrosa-Himmel-in-New-Zealand-Klassische-Puzzle-1000-200-2000-Teile-edle-Motiv-Schachtel-Fotopuzzle-Kollektion-Berge-Landschaften-0.jpg","datePublished":"2020-12-12T14:33:19+00:00","dateModified":"2020-12-12T15:38:01+00:00","description":"Geniales Puzzlemotiv: Eine Stra\u00dfe zum sch\u00f6nsten Berg Neuseelands: Mount Cook, auch Aoraki genannt. In mehreren Teile-Variationen erh\u00e4ltlich.","breadcrumb":{"@id":"https:\/\/travel-du.de\/reiseshop\/produkt\/neuseeland-puzzle-mount-cook\/#breadcrumb"},"inLanguage":"de","potentialAction":[{"@type":"ReadAction","target":["https:\/\/travel-du.de\/reiseshop\/produkt\/neuseeland-puzzle-mount-cook\/"]}]},{"@type":"ImageObject","inLanguage":"de","@id":"https:\/\/travel-du.de\/reiseshop\/produkt\/neuseeland-puzzle-mount-cook\/#primaryimage","url":"https:\/\/travel-du.de\/reiseshop\/wp-content\/uploads\/2020\/12\/Puzzle-Strasse-zum-Aoraki-Mount-Cook-bei-daemmerungsrosa-Himmel-in-New-Zealand-Klassische-Puzzle-1000-200-2000-Teile-edle-Motiv-Schachtel-Fotopuzzle-Kollektion-Berge-Landschaften-0.jpg","contentUrl":"https:\/\/travel-du.de\/reiseshop\/wp-content\/uploads\/2020\/12\/Puzzle-Strasse-zum-Aoraki-Mount-Cook-bei-daemmerungsrosa-Himmel-in-New-Zealand-Klassische-Puzzle-1000-200-2000-Teile-edle-Motiv-Schachtel-Fotopuzzle-Kollektion-Berge-Landschaften-0.jpg","width":500,"height":385},{"@type":"BreadcrumbList","@id":"https:\/\/travel-du.de\/reiseshop\/produkt\/neuseeland-puzzle-mount-cook\/#breadcrumb","itemListElement":[{"@type":"ListItem","position":1,"name":"Startseite","item":"https:\/\/travel-du.de\/reiseshop\/"},{"@type":"ListItem","position":2,"name":"Shop","item":"https:\/\/travel-du.de\/reiseshop\/shop\/"},{"@type":"ListItem","position":3,"name":"Neuseeland Puzzle: Stra\u00dfe zum Mount Cook (Aoraki )"}]},{"@type":"WebSite","@id":"https:\/\/travel-du.de\/reiseshop\/#website","url":"https:\/\/travel-du.de\/reiseshop\/","name":"Reiseshop Travel-du.de","description":"Der Shop f\u00fcr Reisende, Weltenbummler und Abenteurer","potentialAction":[{"@type":"SearchAction","target":{"@type":"EntryPoint","urlTemplate":"https:\/\/travel-du.de\/reiseshop\/?s={search_term_string}"},"query-input":{"@type":"PropertyValueSpecification","valueRequired":true,"valueName":"search_term_string"}}],"inLanguage":"de"}]}},"_links":{"self":[{"href":"https:\/\/travel-du.de\/reiseshop\/wp-json\/wp\/v2\/product\/3546","targetHints":{"allow":["GET"]}}],"collection":[{"href":"https:\/\/travel-du.de\/reiseshop\/wp-json\/wp\/v2\/product"}],"about":[{"href":"https:\/\/travel-du.de\/reiseshop\/wp-json\/wp\/v2\/types\/product"}],"replies":[{"embeddable":true,"href":"https:\/\/travel-du.de\/reiseshop\/wp-json\/wp\/v2\/comments?post=3546"}],"wp:featuredmedia":[{"embeddable":true,"href":"https:\/\/travel-du.de\/reiseshop\/wp-json\/wp\/v2\/media\/3550"}],"wp:attachment":[{"href":"https:\/\/travel-du.de\/reiseshop\/wp-json\/wp\/v2\/media?parent=3546"}],"wp:term":[{"taxonomy":"product_brand","embeddable":true,"href":"https:\/\/travel-du.de\/reiseshop\/wp-json\/wp\/v2\/product_brand?post=3546"},{"taxonomy":"product_cat","embeddable":true,"href":"https:\/\/travel-du.de\/reiseshop\/wp-json\/wp\/v2\/product_cat?post=3546"},{"taxonomy":"product_tag","embeddable":true,"href":"https:\/\/travel-du.de\/reiseshop\/wp-json\/wp\/v2\/product_tag?post=3546"}],"curies":[{"name":"wp","href":"https:\/\/api.w.org\/{rel}","templated":true}]}}