{"id":237,"date":"2016-12-24T17:21:34","date_gmt":"2016-12-24T16:21:34","guid":{"rendered":"http:\/\/travel-du.de\/reiseshop\/produkt\/kette-wanderlust-mit-vergoldetem-hochwertigem-wanderlust-schriftzug-von-glowybox-laenge-45-cm\/"},"modified":"2016-12-24T17:21:34","modified_gmt":"2016-12-24T16:21:34","slug":"kette-wanderlust-mit-vergoldetem-hochwertigem-wanderlust-schriftzug-von-glowybox-laenge-45-cm","status":"publish","type":"product","link":"https:\/\/travel-du.de\/reiseshop\/produkt\/kette-wanderlust-mit-vergoldetem-hochwertigem-wanderlust-schriftzug-von-glowybox-laenge-45-cm\/","title":{"rendered":"Kette Wanderlust mit vergoldetem, hochwertigem Wanderlust Schriftzug von GLOWYBOX L\u00e4nge 45 cm"},"content":{"rendered":"<p>Kette im Hipsterstyle mit Wanderlust Schriftzug.<br \/>\nWundersch\u00f6ner handgefertigter Schmuck der Manufaktur GLOWYBOX. Das Produkt wurde in Deutschland mit Liebe zum Detail hergestellt. GLOWYBOX ist Gewinner des New Faces Award 2012.<br \/>\nKette Wanderlust mit Schriftzug Anh\u00e4nger vergoldet<br \/>\nKomplett vergoldet kein Abrieb oder Verf\u00e4rbungen am Hals. Qualit\u00e4t und handmade Fertigung aus Deutschland.<br \/>\nL\u00e4nge Kette: 45 cm<br \/>\n<div class=\"main-cross-sell\" data-asin=\"B01FUBA986\">\n\n\t<div class=\"WooZone-cross-sell-loader\">\n\t\t<div>\n\t\t\t<div id=\"floatingBarsG\">\n\t\t\t\t<div class=\"blockG\" id=\"rotateG_01\"><\/div>\n\t\t\t\t<div class=\"blockG\" id=\"rotateG_02\"><\/div>\n\t\t\t\t<div class=\"blockG\" id=\"rotateG_03\"><\/div>\n\t\t\t\t<div class=\"blockG\" id=\"rotateG_04\"><\/div>\n\t\t\t\t<div class=\"blockG\" id=\"rotateG_05\"><\/div>\n\t\t\t\t<div class=\"blockG\" id=\"rotateG_06\"><\/div>\n\t\t\t\t<div class=\"blockG\" id=\"rotateG_07\"><\/div>\n\t\t\t\t<div class=\"blockG\" id=\"rotateG_08\"><\/div>\n\t\t\t<\/div>\n\t\t\t<div class=\"WooZone-cross-sell-loader-text\"><\/div>\n\t\t<\/div>\n\t<\/div>\n\n\t\t\n<\/div>\n<div style=\"clear:both;\"><\/div><\/p>\n","protected":false},"excerpt":{"rendered":"<p>Wundersch\u00f6ner handgefertigter Schmuck der Manufaktur GLOWYBOX. Das Produkt wurde in Deutschland mit Liebe zum Detail hergestellt. GLOWYBOX ist Gewinner des New Faces Award 2012.<br \/>\nKette Wanderlust mit Schriftzug Anh\u00e4nger vergoldet<br \/>\nKomplett vergoldet kein Abrieb oder Verf\u00e4rbungen am Hals. Qualit\u00e4t und handmade Fertigung aus Deutschland.<\/p>\n","protected":false},"featured_media":238,"comment_status":"open","ping_status":"closed","template":"","meta":[],"product_brand":[],"product_cat":[87,99],"product_tag":[],"class_list":{"0":"post-237","1":"product","2":"type-product","3":"status-publish","4":"has-post-thumbnail","6":"product_cat-zu-hause","7":"product_cat-schmuck","9":"first","10":"instock","11":"shipping-taxable","12":"product-type-external"},"yoast_head":"<!-- This site is optimized with the Yoast SEO plugin v26.2 - https:\/\/yoast.com\/wordpress\/plugins\/seo\/ -->\n<title>Kette Wanderlust mit vergoldetem, hochwertigem Wanderlust Schriftzug von GLOWYBOX L\u00e4nge 45 cm &#8211; Reiseshop Travel-du.de<\/title>\n<meta name=\"robots\" content=\"index, follow, max-snippet:-1, max-image-preview:large, max-video-preview:-1\" \/>\n<link rel=\"canonical\" href=\"https:\/\/travel-du.de\/reiseshop\/produkt\/kette-wanderlust-mit-vergoldetem-hochwertigem-wanderlust-schriftzug-von-glowybox-laenge-45-cm\/\" \/>\n<meta property=\"og:locale\" content=\"de_DE\" \/>\n<meta property=\"og:type\" content=\"article\" \/>\n<meta property=\"og:title\" content=\"Kette Wanderlust mit vergoldetem, hochwertigem Wanderlust Schriftzug von GLOWYBOX L\u00e4nge 45 cm &#8211; Reiseshop Travel-du.de\" \/>\n<meta property=\"og:description\" content=\"Wundersch\u00f6ner handgefertigter Schmuck der Manufaktur GLOWYBOX. Das Produkt wurde in Deutschland mit Liebe zum Detail hergestellt. GLOWYBOX ist Gewinner des New Faces Award 2012. Kette Wanderlust mit Schriftzug Anh\u00e4nger vergoldet Komplett vergoldet kein Abrieb oder Verf\u00e4rbungen am Hals. Qualit\u00e4t und handmade Fertigung aus Deutschland.\" \/>\n<meta property=\"og:url\" content=\"https:\/\/travel-du.de\/reiseshop\/produkt\/kette-wanderlust-mit-vergoldetem-hochwertigem-wanderlust-schriftzug-von-glowybox-laenge-45-cm\/\" \/>\n<meta property=\"og:site_name\" content=\"Reiseshop Travel-du.de\" \/>\n<meta property=\"og:image\" content=\"https:\/\/travel-du.de\/reiseshop\/wp-content\/uploads\/2016\/12\/Kette-Wanderlust-mit-vergoldetem-hochwertigem-Wanderlust-Schriftzug-von-GLOWYBOX-Lnge-45-cm-0.jpg\" \/>\n\t<meta property=\"og:image:width\" content=\"375\" \/>\n\t<meta property=\"og:image:height\" content=\"500\" \/>\n\t<meta property=\"og:image:type\" content=\"image\/jpeg\" \/>\n<meta name=\"twitter:card\" content=\"summary_large_image\" \/>\n<script type=\"application\/ld+json\" class=\"yoast-schema-graph\">{\"@context\":\"https:\/\/schema.org\",\"@graph\":[{\"@type\":\"WebPage\",\"@id\":\"https:\/\/travel-du.de\/reiseshop\/produkt\/kette-wanderlust-mit-vergoldetem-hochwertigem-wanderlust-schriftzug-von-glowybox-laenge-45-cm\/\",\"url\":\"https:\/\/travel-du.de\/reiseshop\/produkt\/kette-wanderlust-mit-vergoldetem-hochwertigem-wanderlust-schriftzug-von-glowybox-laenge-45-cm\/\",\"name\":\"Kette Wanderlust mit vergoldetem, hochwertigem Wanderlust Schriftzug von GLOWYBOX L\u00e4nge 45 cm &#8211; Reiseshop Travel-du.de\",\"isPartOf\":{\"@id\":\"https:\/\/travel-du.de\/reiseshop\/#website\"},\"primaryImageOfPage\":{\"@id\":\"https:\/\/travel-du.de\/reiseshop\/produkt\/kette-wanderlust-mit-vergoldetem-hochwertigem-wanderlust-schriftzug-von-glowybox-laenge-45-cm\/#primaryimage\"},\"image\":{\"@id\":\"https:\/\/travel-du.de\/reiseshop\/produkt\/kette-wanderlust-mit-vergoldetem-hochwertigem-wanderlust-schriftzug-von-glowybox-laenge-45-cm\/#primaryimage\"},\"thumbnailUrl\":\"https:\/\/travel-du.de\/reiseshop\/wp-content\/uploads\/2016\/12\/Kette-Wanderlust-mit-vergoldetem-hochwertigem-Wanderlust-Schriftzug-von-GLOWYBOX-Lnge-45-cm-0.jpg\",\"datePublished\":\"2016-12-24T16:21:34+00:00\",\"breadcrumb\":{\"@id\":\"https:\/\/travel-du.de\/reiseshop\/produkt\/kette-wanderlust-mit-vergoldetem-hochwertigem-wanderlust-schriftzug-von-glowybox-laenge-45-cm\/#breadcrumb\"},\"inLanguage\":\"de\",\"potentialAction\":[{\"@type\":\"ReadAction\",\"target\":[\"https:\/\/travel-du.de\/reiseshop\/produkt\/kette-wanderlust-mit-vergoldetem-hochwertigem-wanderlust-schriftzug-von-glowybox-laenge-45-cm\/\"]}]},{\"@type\":\"ImageObject\",\"inLanguage\":\"de\",\"@id\":\"https:\/\/travel-du.de\/reiseshop\/produkt\/kette-wanderlust-mit-vergoldetem-hochwertigem-wanderlust-schriftzug-von-glowybox-laenge-45-cm\/#primaryimage\",\"url\":\"https:\/\/travel-du.de\/reiseshop\/wp-content\/uploads\/2016\/12\/Kette-Wanderlust-mit-vergoldetem-hochwertigem-Wanderlust-Schriftzug-von-GLOWYBOX-Lnge-45-cm-0.jpg\",\"contentUrl\":\"https:\/\/travel-du.de\/reiseshop\/wp-content\/uploads\/2016\/12\/Kette-Wanderlust-mit-vergoldetem-hochwertigem-Wanderlust-Schriftzug-von-GLOWYBOX-Lnge-45-cm-0.jpg\",\"width\":375,\"height\":500},{\"@type\":\"BreadcrumbList\",\"@id\":\"https:\/\/travel-du.de\/reiseshop\/produkt\/kette-wanderlust-mit-vergoldetem-hochwertigem-wanderlust-schriftzug-von-glowybox-laenge-45-cm\/#breadcrumb\",\"itemListElement\":[{\"@type\":\"ListItem\",\"position\":1,\"name\":\"Startseite\",\"item\":\"https:\/\/travel-du.de\/reiseshop\/\"},{\"@type\":\"ListItem\",\"position\":2,\"name\":\"Shop\",\"item\":\"https:\/\/travel-du.de\/reiseshop\/shop\/\"},{\"@type\":\"ListItem\",\"position\":3,\"name\":\"Kette Wanderlust mit vergoldetem, hochwertigem Wanderlust Schriftzug von GLOWYBOX L\u00e4nge 45 cm\"}]},{\"@type\":\"WebSite\",\"@id\":\"https:\/\/travel-du.de\/reiseshop\/#website\",\"url\":\"https:\/\/travel-du.de\/reiseshop\/\",\"name\":\"Reiseshop Travel-du.de\",\"description\":\"Der Shop f\u00fcr Reisende, Weltenbummler und Abenteurer\",\"potentialAction\":[{\"@type\":\"SearchAction\",\"target\":{\"@type\":\"EntryPoint\",\"urlTemplate\":\"https:\/\/travel-du.de\/reiseshop\/?s={search_term_string}\"},\"query-input\":{\"@type\":\"PropertyValueSpecification\",\"valueRequired\":true,\"valueName\":\"search_term_string\"}}],\"inLanguage\":\"de\"}]}<\/script>\n<!-- \/ Yoast SEO plugin. -->","yoast_head_json":{"title":"Kette Wanderlust mit vergoldetem, hochwertigem Wanderlust Schriftzug von GLOWYBOX L\u00e4nge 45 cm &#8211; Reiseshop Travel-du.de","robots":{"index":"index","follow":"follow","max-snippet":"max-snippet:-1","max-image-preview":"max-image-preview:large","max-video-preview":"max-video-preview:-1"},"canonical":"https:\/\/travel-du.de\/reiseshop\/produkt\/kette-wanderlust-mit-vergoldetem-hochwertigem-wanderlust-schriftzug-von-glowybox-laenge-45-cm\/","og_locale":"de_DE","og_type":"article","og_title":"Kette Wanderlust mit vergoldetem, hochwertigem Wanderlust Schriftzug von GLOWYBOX L\u00e4nge 45 cm &#8211; Reiseshop Travel-du.de","og_description":"Wundersch\u00f6ner handgefertigter Schmuck der Manufaktur GLOWYBOX. Das Produkt wurde in Deutschland mit Liebe zum Detail hergestellt. GLOWYBOX ist Gewinner des New Faces Award 2012. Kette Wanderlust mit Schriftzug Anh\u00e4nger vergoldet Komplett vergoldet kein Abrieb oder Verf\u00e4rbungen am Hals. Qualit\u00e4t und handmade Fertigung aus Deutschland.","og_url":"https:\/\/travel-du.de\/reiseshop\/produkt\/kette-wanderlust-mit-vergoldetem-hochwertigem-wanderlust-schriftzug-von-glowybox-laenge-45-cm\/","og_site_name":"Reiseshop Travel-du.de","og_image":[{"width":375,"height":500,"url":"https:\/\/travel-du.de\/reiseshop\/wp-content\/uploads\/2016\/12\/Kette-Wanderlust-mit-vergoldetem-hochwertigem-Wanderlust-Schriftzug-von-GLOWYBOX-Lnge-45-cm-0.jpg","type":"image\/jpeg"}],"twitter_card":"summary_large_image","schema":{"@context":"https:\/\/schema.org","@graph":[{"@type":"WebPage","@id":"https:\/\/travel-du.de\/reiseshop\/produkt\/kette-wanderlust-mit-vergoldetem-hochwertigem-wanderlust-schriftzug-von-glowybox-laenge-45-cm\/","url":"https:\/\/travel-du.de\/reiseshop\/produkt\/kette-wanderlust-mit-vergoldetem-hochwertigem-wanderlust-schriftzug-von-glowybox-laenge-45-cm\/","name":"Kette Wanderlust mit vergoldetem, hochwertigem Wanderlust Schriftzug von GLOWYBOX L\u00e4nge 45 cm &#8211; Reiseshop Travel-du.de","isPartOf":{"@id":"https:\/\/travel-du.de\/reiseshop\/#website"},"primaryImageOfPage":{"@id":"https:\/\/travel-du.de\/reiseshop\/produkt\/kette-wanderlust-mit-vergoldetem-hochwertigem-wanderlust-schriftzug-von-glowybox-laenge-45-cm\/#primaryimage"},"image":{"@id":"https:\/\/travel-du.de\/reiseshop\/produkt\/kette-wanderlust-mit-vergoldetem-hochwertigem-wanderlust-schriftzug-von-glowybox-laenge-45-cm\/#primaryimage"},"thumbnailUrl":"https:\/\/travel-du.de\/reiseshop\/wp-content\/uploads\/2016\/12\/Kette-Wanderlust-mit-vergoldetem-hochwertigem-Wanderlust-Schriftzug-von-GLOWYBOX-Lnge-45-cm-0.jpg","datePublished":"2016-12-24T16:21:34+00:00","breadcrumb":{"@id":"https:\/\/travel-du.de\/reiseshop\/produkt\/kette-wanderlust-mit-vergoldetem-hochwertigem-wanderlust-schriftzug-von-glowybox-laenge-45-cm\/#breadcrumb"},"inLanguage":"de","potentialAction":[{"@type":"ReadAction","target":["https:\/\/travel-du.de\/reiseshop\/produkt\/kette-wanderlust-mit-vergoldetem-hochwertigem-wanderlust-schriftzug-von-glowybox-laenge-45-cm\/"]}]},{"@type":"ImageObject","inLanguage":"de","@id":"https:\/\/travel-du.de\/reiseshop\/produkt\/kette-wanderlust-mit-vergoldetem-hochwertigem-wanderlust-schriftzug-von-glowybox-laenge-45-cm\/#primaryimage","url":"https:\/\/travel-du.de\/reiseshop\/wp-content\/uploads\/2016\/12\/Kette-Wanderlust-mit-vergoldetem-hochwertigem-Wanderlust-Schriftzug-von-GLOWYBOX-Lnge-45-cm-0.jpg","contentUrl":"https:\/\/travel-du.de\/reiseshop\/wp-content\/uploads\/2016\/12\/Kette-Wanderlust-mit-vergoldetem-hochwertigem-Wanderlust-Schriftzug-von-GLOWYBOX-Lnge-45-cm-0.jpg","width":375,"height":500},{"@type":"BreadcrumbList","@id":"https:\/\/travel-du.de\/reiseshop\/produkt\/kette-wanderlust-mit-vergoldetem-hochwertigem-wanderlust-schriftzug-von-glowybox-laenge-45-cm\/#breadcrumb","itemListElement":[{"@type":"ListItem","position":1,"name":"Startseite","item":"https:\/\/travel-du.de\/reiseshop\/"},{"@type":"ListItem","position":2,"name":"Shop","item":"https:\/\/travel-du.de\/reiseshop\/shop\/"},{"@type":"ListItem","position":3,"name":"Kette Wanderlust mit vergoldetem, hochwertigem Wanderlust Schriftzug von GLOWYBOX L\u00e4nge 45 cm"}]},{"@type":"WebSite","@id":"https:\/\/travel-du.de\/reiseshop\/#website","url":"https:\/\/travel-du.de\/reiseshop\/","name":"Reiseshop Travel-du.de","description":"Der Shop f\u00fcr Reisende, Weltenbummler und Abenteurer","potentialAction":[{"@type":"SearchAction","target":{"@type":"EntryPoint","urlTemplate":"https:\/\/travel-du.de\/reiseshop\/?s={search_term_string}"},"query-input":{"@type":"PropertyValueSpecification","valueRequired":true,"valueName":"search_term_string"}}],"inLanguage":"de"}]}},"_links":{"self":[{"href":"https:\/\/travel-du.de\/reiseshop\/wp-json\/wp\/v2\/product\/237","targetHints":{"allow":["GET"]}}],"collection":[{"href":"https:\/\/travel-du.de\/reiseshop\/wp-json\/wp\/v2\/product"}],"about":[{"href":"https:\/\/travel-du.de\/reiseshop\/wp-json\/wp\/v2\/types\/product"}],"replies":[{"embeddable":true,"href":"https:\/\/travel-du.de\/reiseshop\/wp-json\/wp\/v2\/comments?post=237"}],"wp:featuredmedia":[{"embeddable":true,"href":"https:\/\/travel-du.de\/reiseshop\/wp-json\/wp\/v2\/media\/238"}],"wp:attachment":[{"href":"https:\/\/travel-du.de\/reiseshop\/wp-json\/wp\/v2\/media?parent=237"}],"wp:term":[{"taxonomy":"product_brand","embeddable":true,"href":"https:\/\/travel-du.de\/reiseshop\/wp-json\/wp\/v2\/product_brand?post=237"},{"taxonomy":"product_cat","embeddable":true,"href":"https:\/\/travel-du.de\/reiseshop\/wp-json\/wp\/v2\/product_cat?post=237"},{"taxonomy":"product_tag","embeddable":true,"href":"https:\/\/travel-du.de\/reiseshop\/wp-json\/wp\/v2\/product_tag?post=237"}],"curies":[{"name":"wp","href":"https:\/\/api.w.org\/{rel}","templated":true}]}}