{"id":222,"date":"2016-12-24T17:12:41","date_gmt":"2016-12-24T16:12:41","guid":{"rendered":"http:\/\/travel-du.de\/reiseshop\/produkt\/wave-culture-faszination-surfen-das-handbuch-der-wellenreiter\/"},"modified":"2016-12-25T22:39:08","modified_gmt":"2016-12-25T21:39:08","slug":"wave-culture-faszination-surfen-das-handbuch-der-wellenreiter","status":"publish","type":"product","link":"https:\/\/travel-du.de\/reiseshop\/produkt\/wave-culture-faszination-surfen-das-handbuch-der-wellenreiter\/","title":{"rendered":"WAVE CULTURE &#8211; Faszination Surfen: Das Handbuch der Wellenreiter"},"content":{"rendered":"<p>Dieses \u00e4u\u00dferst umfangreiche Buch ist ein <strong>absolutes Muss<\/strong> f\u00fcr alle Surf-Fans, die das Wellenreiten lernen oder sich intensiver mit dem Thema besch\u00e4ftigen m\u00f6chten. Es werden\u00a0nicht nur zahlreiche Surftechniken erkl\u00e4rt, sondern du findest auch jede Menge Infos zu Surflocations auf der ganzen Welt, wie du dein Surfboard ausw\u00e4hlst und pflegst sowie theoretische Grundlagen zum Wetter und wie du Wellen liest.<\/p>\n<ul>\n<li>informative Texte und anschauliche Bildern und Grafiken<\/li>\n<li>Hervorragend geeignet als Lernhilfe und Nachschlagewerk<\/li>\n<li>viele atemberaubende Bilder und kleine Geschichten von Surfern<\/li>\n<li>F\u00fcr Einsteiger: Schritt f\u00fcr Schritt werden die einzelnen Herausforderungen des Surfens erl\u00e4utert<\/li>\n<li>F\u00fcr Fortgeschrittene: tieferer Einblick in die hohe Schule des Surfens und das Wettkampfsurfen<\/li>\n<li>theoretische Grundlagen der Wetter- und Wellenkunde<\/li>\n<li>detaillierte Einf\u00fchrung in das Surfmaterial (Wie werden Surfbretter repariert und gebaut)<\/li>\n<li>Auflistung der besten Surflocations in Europa mit genauen Beschreibungen<\/li>\n<li>Alles zur Geschichte des Surfens<\/li>\n<\/ul>\n<p>&nbsp;<\/p>\n<ul>\n<li>Sprache: Deutsch<\/li>\n<li>Seiten: 190<\/li>\n<li>Bindung: Taschenbuch<\/li>\n<li>Format: 23cm x 28cm<\/li>\n<\/ul>\n<div class=\"main-cross-sell\" data-asin=\"3000190732\">\n\n\t<div class=\"WooZone-cross-sell-loader\">\n\t\t<div>\n\t\t\t<div id=\"floatingBarsG\">\n\t\t\t\t<div class=\"blockG\" id=\"rotateG_01\"><\/div>\n\t\t\t\t<div class=\"blockG\" id=\"rotateG_02\"><\/div>\n\t\t\t\t<div class=\"blockG\" id=\"rotateG_03\"><\/div>\n\t\t\t\t<div class=\"blockG\" id=\"rotateG_04\"><\/div>\n\t\t\t\t<div class=\"blockG\" id=\"rotateG_05\"><\/div>\n\t\t\t\t<div class=\"blockG\" id=\"rotateG_06\"><\/div>\n\t\t\t\t<div class=\"blockG\" id=\"rotateG_07\"><\/div>\n\t\t\t\t<div class=\"blockG\" id=\"rotateG_08\"><\/div>\n\t\t\t<\/div>\n\t\t\t<div class=\"WooZone-cross-sell-loader-text\"><\/div>\n\t\t<\/div>\n\t<\/div>\n\n\t\t\n<\/div>\n<div style=\"clear:both;\"><\/div>\n","protected":false},"excerpt":{"rendered":"<p>Dieses \u00e4u\u00dferst umfangreiche Buch ist ein <strong>absolutes Muss<\/strong> f\u00fcr alle Surf-Fans, die das Wellenreiten lernen oder sich intensiver mit dem Thema besch\u00e4ftigen m\u00f6chten. Es werden\u00a0nicht nur zahlreiche Surftechniken erkl\u00e4rt, sondern du findest auch jede Menge Infos zu Surflocations auf der ganzen Welt, wie du dein Surfboard ausw\u00e4hlst und pflegst sowie theoretische Grundlagen zum Wetter und wie du Wellen liest.<br \/>\n<a target=\"_blank\" href=\"https:\/\/www.amazon.de\/WAVE-CULTURE-Faszination-Handbuch-Wellenreiter\/dp\/3000190732\/ref=as_li_ss_tl?s=ce-de&#038;ie=UTF8&#038;qid=1482701440&#038;sr=8-1&#038;keywords=WAVE+CULTURE+%E2%80%93+FASZINATION+SURFEN:+DAS+HANDBUCH+DER+WELLENREITER&#038;linkCode=ll1&#038;tag=wwwtraveldude-21&#038;linkId=a5df59e13dbeadb3f91be92cc03dd9b1\"><\/p>\n<div class=\"amazon-button\" style=\"text-align: center;\">\u21d2 Direkt bei Amazon bestellen.<\/div>\n<p><\/a><\/p>\n","protected":false},"featured_media":223,"comment_status":"open","ping_status":"closed","template":"","meta":[],"product_brand":[],"product_cat":[87,101],"product_tag":[],"class_list":{"0":"post-222","1":"product","2":"type-product","3":"status-publish","4":"has-post-thumbnail","6":"product_cat-zu-hause","7":"product_cat-reiseliteratur","9":"first","10":"instock","11":"shipping-taxable","12":"product-type-external"},"yoast_head":"<!-- This site is optimized with the Yoast SEO plugin v26.2 - https:\/\/yoast.com\/wordpress\/plugins\/seo\/ -->\n<title>WAVE CULTURE - Faszination Surfen: Das Handbuch der Wellenreiter &#8211; Reiseshop Travel-du.de<\/title>\n<meta name=\"robots\" content=\"index, follow, max-snippet:-1, max-image-preview:large, max-video-preview:-1\" \/>\n<link rel=\"canonical\" href=\"https:\/\/travel-du.de\/reiseshop\/produkt\/wave-culture-faszination-surfen-das-handbuch-der-wellenreiter\/\" \/>\n<meta property=\"og:locale\" content=\"de_DE\" \/>\n<meta property=\"og:type\" content=\"article\" \/>\n<meta property=\"og:title\" content=\"WAVE CULTURE - Faszination Surfen: Das Handbuch der Wellenreiter &#8211; Reiseshop Travel-du.de\" \/>\n<meta property=\"og:description\" content=\"Dieses \u00e4u\u00dferst umfangreiche Buch ist ein absolutes Muss f\u00fcr alle Surf-Fans, die das Wellenreiten lernen oder sich intensiver mit dem Thema besch\u00e4ftigen m\u00f6chten. Es werden\u00a0nicht nur zahlreiche Surftechniken erkl\u00e4rt, sondern du findest auch jede Menge Infos zu Surflocations auf der ganzen Welt, wie du dein Surfboard ausw\u00e4hlst und pflegst sowie theoretische Grundlagen zum Wetter und wie du Wellen liest. \u21d2 Direkt bei Amazon bestellen.\" \/>\n<meta property=\"og:url\" content=\"https:\/\/travel-du.de\/reiseshop\/produkt\/wave-culture-faszination-surfen-das-handbuch-der-wellenreiter\/\" \/>\n<meta property=\"og:site_name\" content=\"Reiseshop Travel-du.de\" \/>\n<meta property=\"article:modified_time\" content=\"2016-12-25T21:39:08+00:00\" \/>\n<meta property=\"og:image\" content=\"https:\/\/travel-du.de\/reiseshop\/wp-content\/uploads\/2016\/12\/WAVE-CULTURE-Faszination-Surfen-Das-Handbuch-der-Wellenreiter-0.jpg\" \/>\n\t<meta property=\"og:image:width\" content=\"403\" \/>\n\t<meta property=\"og:image:height\" content=\"500\" \/>\n\t<meta property=\"og:image:type\" content=\"image\/jpeg\" \/>\n<meta name=\"twitter:card\" content=\"summary_large_image\" \/>\n<meta name=\"twitter:label1\" content=\"Gesch\u00e4tzte Lesezeit\" \/>\n\t<meta name=\"twitter:data1\" content=\"1\u00a0Minute\" \/>\n<script type=\"application\/ld+json\" class=\"yoast-schema-graph\">{\"@context\":\"https:\/\/schema.org\",\"@graph\":[{\"@type\":\"WebPage\",\"@id\":\"https:\/\/travel-du.de\/reiseshop\/produkt\/wave-culture-faszination-surfen-das-handbuch-der-wellenreiter\/\",\"url\":\"https:\/\/travel-du.de\/reiseshop\/produkt\/wave-culture-faszination-surfen-das-handbuch-der-wellenreiter\/\",\"name\":\"WAVE CULTURE - Faszination Surfen: Das Handbuch der Wellenreiter &#8211; Reiseshop Travel-du.de\",\"isPartOf\":{\"@id\":\"https:\/\/travel-du.de\/reiseshop\/#website\"},\"primaryImageOfPage\":{\"@id\":\"https:\/\/travel-du.de\/reiseshop\/produkt\/wave-culture-faszination-surfen-das-handbuch-der-wellenreiter\/#primaryimage\"},\"image\":{\"@id\":\"https:\/\/travel-du.de\/reiseshop\/produkt\/wave-culture-faszination-surfen-das-handbuch-der-wellenreiter\/#primaryimage\"},\"thumbnailUrl\":\"https:\/\/travel-du.de\/reiseshop\/wp-content\/uploads\/2016\/12\/WAVE-CULTURE-Faszination-Surfen-Das-Handbuch-der-Wellenreiter-0.jpg\",\"datePublished\":\"2016-12-24T16:12:41+00:00\",\"dateModified\":\"2016-12-25T21:39:08+00:00\",\"breadcrumb\":{\"@id\":\"https:\/\/travel-du.de\/reiseshop\/produkt\/wave-culture-faszination-surfen-das-handbuch-der-wellenreiter\/#breadcrumb\"},\"inLanguage\":\"de\",\"potentialAction\":[{\"@type\":\"ReadAction\",\"target\":[\"https:\/\/travel-du.de\/reiseshop\/produkt\/wave-culture-faszination-surfen-das-handbuch-der-wellenreiter\/\"]}]},{\"@type\":\"ImageObject\",\"inLanguage\":\"de\",\"@id\":\"https:\/\/travel-du.de\/reiseshop\/produkt\/wave-culture-faszination-surfen-das-handbuch-der-wellenreiter\/#primaryimage\",\"url\":\"https:\/\/travel-du.de\/reiseshop\/wp-content\/uploads\/2016\/12\/WAVE-CULTURE-Faszination-Surfen-Das-Handbuch-der-Wellenreiter-0.jpg\",\"contentUrl\":\"https:\/\/travel-du.de\/reiseshop\/wp-content\/uploads\/2016\/12\/WAVE-CULTURE-Faszination-Surfen-Das-Handbuch-der-Wellenreiter-0.jpg\",\"width\":403,\"height\":500},{\"@type\":\"BreadcrumbList\",\"@id\":\"https:\/\/travel-du.de\/reiseshop\/produkt\/wave-culture-faszination-surfen-das-handbuch-der-wellenreiter\/#breadcrumb\",\"itemListElement\":[{\"@type\":\"ListItem\",\"position\":1,\"name\":\"Startseite\",\"item\":\"https:\/\/travel-du.de\/reiseshop\/\"},{\"@type\":\"ListItem\",\"position\":2,\"name\":\"Shop\",\"item\":\"https:\/\/travel-du.de\/reiseshop\/shop\/\"},{\"@type\":\"ListItem\",\"position\":3,\"name\":\"WAVE CULTURE &#8211; Faszination Surfen: Das Handbuch der Wellenreiter\"}]},{\"@type\":\"WebSite\",\"@id\":\"https:\/\/travel-du.de\/reiseshop\/#website\",\"url\":\"https:\/\/travel-du.de\/reiseshop\/\",\"name\":\"Reiseshop Travel-du.de\",\"description\":\"Der Shop f\u00fcr Reisende, Weltenbummler und Abenteurer\",\"potentialAction\":[{\"@type\":\"SearchAction\",\"target\":{\"@type\":\"EntryPoint\",\"urlTemplate\":\"https:\/\/travel-du.de\/reiseshop\/?s={search_term_string}\"},\"query-input\":{\"@type\":\"PropertyValueSpecification\",\"valueRequired\":true,\"valueName\":\"search_term_string\"}}],\"inLanguage\":\"de\"}]}<\/script>\n<!-- \/ Yoast SEO plugin. -->","yoast_head_json":{"title":"WAVE CULTURE - Faszination Surfen: Das Handbuch der Wellenreiter &#8211; Reiseshop Travel-du.de","robots":{"index":"index","follow":"follow","max-snippet":"max-snippet:-1","max-image-preview":"max-image-preview:large","max-video-preview":"max-video-preview:-1"},"canonical":"https:\/\/travel-du.de\/reiseshop\/produkt\/wave-culture-faszination-surfen-das-handbuch-der-wellenreiter\/","og_locale":"de_DE","og_type":"article","og_title":"WAVE CULTURE - Faszination Surfen: Das Handbuch der Wellenreiter &#8211; Reiseshop Travel-du.de","og_description":"Dieses \u00e4u\u00dferst umfangreiche Buch ist ein absolutes Muss f\u00fcr alle Surf-Fans, die das Wellenreiten lernen oder sich intensiver mit dem Thema besch\u00e4ftigen m\u00f6chten. Es werden\u00a0nicht nur zahlreiche Surftechniken erkl\u00e4rt, sondern du findest auch jede Menge Infos zu Surflocations auf der ganzen Welt, wie du dein Surfboard ausw\u00e4hlst und pflegst sowie theoretische Grundlagen zum Wetter und wie du Wellen liest. \u21d2 Direkt bei Amazon bestellen.","og_url":"https:\/\/travel-du.de\/reiseshop\/produkt\/wave-culture-faszination-surfen-das-handbuch-der-wellenreiter\/","og_site_name":"Reiseshop Travel-du.de","article_modified_time":"2016-12-25T21:39:08+00:00","og_image":[{"width":403,"height":500,"url":"https:\/\/travel-du.de\/reiseshop\/wp-content\/uploads\/2016\/12\/WAVE-CULTURE-Faszination-Surfen-Das-Handbuch-der-Wellenreiter-0.jpg","type":"image\/jpeg"}],"twitter_card":"summary_large_image","twitter_misc":{"Gesch\u00e4tzte Lesezeit":"1\u00a0Minute"},"schema":{"@context":"https:\/\/schema.org","@graph":[{"@type":"WebPage","@id":"https:\/\/travel-du.de\/reiseshop\/produkt\/wave-culture-faszination-surfen-das-handbuch-der-wellenreiter\/","url":"https:\/\/travel-du.de\/reiseshop\/produkt\/wave-culture-faszination-surfen-das-handbuch-der-wellenreiter\/","name":"WAVE CULTURE - Faszination Surfen: Das Handbuch der Wellenreiter &#8211; Reiseshop Travel-du.de","isPartOf":{"@id":"https:\/\/travel-du.de\/reiseshop\/#website"},"primaryImageOfPage":{"@id":"https:\/\/travel-du.de\/reiseshop\/produkt\/wave-culture-faszination-surfen-das-handbuch-der-wellenreiter\/#primaryimage"},"image":{"@id":"https:\/\/travel-du.de\/reiseshop\/produkt\/wave-culture-faszination-surfen-das-handbuch-der-wellenreiter\/#primaryimage"},"thumbnailUrl":"https:\/\/travel-du.de\/reiseshop\/wp-content\/uploads\/2016\/12\/WAVE-CULTURE-Faszination-Surfen-Das-Handbuch-der-Wellenreiter-0.jpg","datePublished":"2016-12-24T16:12:41+00:00","dateModified":"2016-12-25T21:39:08+00:00","breadcrumb":{"@id":"https:\/\/travel-du.de\/reiseshop\/produkt\/wave-culture-faszination-surfen-das-handbuch-der-wellenreiter\/#breadcrumb"},"inLanguage":"de","potentialAction":[{"@type":"ReadAction","target":["https:\/\/travel-du.de\/reiseshop\/produkt\/wave-culture-faszination-surfen-das-handbuch-der-wellenreiter\/"]}]},{"@type":"ImageObject","inLanguage":"de","@id":"https:\/\/travel-du.de\/reiseshop\/produkt\/wave-culture-faszination-surfen-das-handbuch-der-wellenreiter\/#primaryimage","url":"https:\/\/travel-du.de\/reiseshop\/wp-content\/uploads\/2016\/12\/WAVE-CULTURE-Faszination-Surfen-Das-Handbuch-der-Wellenreiter-0.jpg","contentUrl":"https:\/\/travel-du.de\/reiseshop\/wp-content\/uploads\/2016\/12\/WAVE-CULTURE-Faszination-Surfen-Das-Handbuch-der-Wellenreiter-0.jpg","width":403,"height":500},{"@type":"BreadcrumbList","@id":"https:\/\/travel-du.de\/reiseshop\/produkt\/wave-culture-faszination-surfen-das-handbuch-der-wellenreiter\/#breadcrumb","itemListElement":[{"@type":"ListItem","position":1,"name":"Startseite","item":"https:\/\/travel-du.de\/reiseshop\/"},{"@type":"ListItem","position":2,"name":"Shop","item":"https:\/\/travel-du.de\/reiseshop\/shop\/"},{"@type":"ListItem","position":3,"name":"WAVE CULTURE &#8211; Faszination Surfen: Das Handbuch der Wellenreiter"}]},{"@type":"WebSite","@id":"https:\/\/travel-du.de\/reiseshop\/#website","url":"https:\/\/travel-du.de\/reiseshop\/","name":"Reiseshop Travel-du.de","description":"Der Shop f\u00fcr Reisende, Weltenbummler und Abenteurer","potentialAction":[{"@type":"SearchAction","target":{"@type":"EntryPoint","urlTemplate":"https:\/\/travel-du.de\/reiseshop\/?s={search_term_string}"},"query-input":{"@type":"PropertyValueSpecification","valueRequired":true,"valueName":"search_term_string"}}],"inLanguage":"de"}]}},"_links":{"self":[{"href":"https:\/\/travel-du.de\/reiseshop\/wp-json\/wp\/v2\/product\/222","targetHints":{"allow":["GET"]}}],"collection":[{"href":"https:\/\/travel-du.de\/reiseshop\/wp-json\/wp\/v2\/product"}],"about":[{"href":"https:\/\/travel-du.de\/reiseshop\/wp-json\/wp\/v2\/types\/product"}],"replies":[{"embeddable":true,"href":"https:\/\/travel-du.de\/reiseshop\/wp-json\/wp\/v2\/comments?post=222"}],"wp:featuredmedia":[{"embeddable":true,"href":"https:\/\/travel-du.de\/reiseshop\/wp-json\/wp\/v2\/media\/223"}],"wp:attachment":[{"href":"https:\/\/travel-du.de\/reiseshop\/wp-json\/wp\/v2\/media?parent=222"}],"wp:term":[{"taxonomy":"product_brand","embeddable":true,"href":"https:\/\/travel-du.de\/reiseshop\/wp-json\/wp\/v2\/product_brand?post=222"},{"taxonomy":"product_cat","embeddable":true,"href":"https:\/\/travel-du.de\/reiseshop\/wp-json\/wp\/v2\/product_cat?post=222"},{"taxonomy":"product_tag","embeddable":true,"href":"https:\/\/travel-du.de\/reiseshop\/wp-json\/wp\/v2\/product_tag?post=222"}],"curies":[{"name":"wp","href":"https:\/\/api.w.org\/{rel}","templated":true}]}}