{"id":217,"date":"2016-12-24T17:12:36","date_gmt":"2016-12-24T16:12:36","guid":{"rendered":"http:\/\/travel-du.de\/reiseshop\/produkt\/boarderlines\/"},"modified":"2024-07-07T22:45:42","modified_gmt":"2024-07-07T20:45:42","slug":"boarderlines","status":"publish","type":"product","link":"https:\/\/travel-du.de\/reiseshop\/produkt\/boarderlines\/","title":{"rendered":"Boarderlines"},"content":{"rendered":"<p>Der geb\u00fcrtige K\u00f6lner Andreas Brendt ist leidenschaftlicher Surfer und Weltenbummler. Im\u00a0auto-biografischen Buch\u00a0\u201e<em>Boarderlines\u201c<\/em> berichtet er von seinem nicht ganz geradlinigem Leben und von 10 Jahren Reisen in der ganzen Welt. Dabei erlebt er viele kuriose Abenteuer, begegnet faszinierenden Menschen und ger\u00e4t auch hin und wieder in nicht ganz ungef\u00e4hrliche Situationen. <strong>Das Lesen l\u00f6st garantiert Fernweh aus.<\/strong><\/p>\n<p><strong>geeignet f\u00fcr:\u00a0<\/strong><\/p>\n<ul>\n<li>Reisende mit einer Leidenschaft f\u00fcrs Surfen.<\/li>\n<li>Leute, die alles stehen und liegen lassen wollen, um sich den Traum von einer gro\u00dfen Reise zu erf\u00fcllen.<\/li>\n<\/ul>\n<p><strong>Daten:<\/strong><\/p>\n<ul>\n<li><b>Taschenbuch:<\/b> 416 Seiten<\/li>\n<li><b>Verlag:<\/b> Conbook Medien; Auflage: 6 (1. November 2016)<\/li>\n<li><b>Sprache:<\/b> Deutsch<\/li>\n<li><b>ISBN-10:<\/b> 3943176991<\/li>\n<li><b>ISBN-13:<\/b> 978-3943176995<\/li>\n<li><b>Gr\u00f6\u00dfe und\/oder Gewicht: <\/b>12,6 x 3,2 x 18,9 cm<\/li>\n<\/ul>\n<div class=\"main-cross-sell\" data-asin=\"3943176991\">\n\n\t<div class=\"WooZone-cross-sell-loader\">\n\t\t<div>\n\t\t\t<div id=\"floatingBarsG\">\n\t\t\t\t<div class=\"blockG\" id=\"rotateG_01\"><\/div>\n\t\t\t\t<div class=\"blockG\" id=\"rotateG_02\"><\/div>\n\t\t\t\t<div class=\"blockG\" id=\"rotateG_03\"><\/div>\n\t\t\t\t<div class=\"blockG\" id=\"rotateG_04\"><\/div>\n\t\t\t\t<div class=\"blockG\" id=\"rotateG_05\"><\/div>\n\t\t\t\t<div class=\"blockG\" id=\"rotateG_06\"><\/div>\n\t\t\t\t<div class=\"blockG\" id=\"rotateG_07\"><\/div>\n\t\t\t\t<div class=\"blockG\" id=\"rotateG_08\"><\/div>\n\t\t\t<\/div>\n\t\t\t<div class=\"WooZone-cross-sell-loader-text\"><\/div>\n\t\t<\/div>\n\t<\/div>\n\n\t\t\n<\/div>\n<div style=\"clear:both;\"><\/div>\n","protected":false},"excerpt":{"rendered":"<p>Der geb\u00fcrtige K\u00f6lner Andreas Brendt ist leidenschaftlicher Surfer und Weltenbummler. Im\u00a0auto-biografischen Buch\u00a0\u201e<em>Boarderlines\u201c<\/em> berichtet er von seinem nicht ganz geradlinigem Leben und von 10 Jahren Reisen in der ganzen Welt. Dabei erlebt er viele kuriose Abenteuer, begegnet faszinierenden Menschen und ger\u00e4t auch hin und wieder in nicht ganz ungef\u00e4hrliche Situationen.<br \/>\n&nbsp;<br \/>\n<strong>Das Lesen l\u00f6st garantiert Fernweh aus.<\/strong><br \/>\n<a target=\"_blank\" href=\"https:\/\/www.amazon.de\/Boarderlines-Andreas-Brendt\/dp\/3943176991\/ref=as_li_ss_tl?s=books&#038;ie=UTF8&#038;qid=1482774925&#038;sr=1-1&#038;keywords=boarderlines&#038;linkCode=ll1&#038;tag=wwwtraveldude-21&#038;linkId=f1b8e2fde6261f779e4022d5e7dec9f3\"><\/p>\n<div class=\"amazon-button\" style=\"text-align: center;\">\u21d2 Direkt bei Amazon bestellen.<\/div>\n<p><\/a><\/p>\n","protected":false},"featured_media":218,"comment_status":"open","ping_status":"closed","template":"","meta":[],"product_brand":[],"product_cat":[87,101],"product_tag":[],"class_list":{"0":"post-217","1":"product","2":"type-product","3":"status-publish","4":"has-post-thumbnail","6":"product_cat-zu-hause","7":"product_cat-reiseliteratur","9":"first","10":"instock","11":"shipping-taxable","12":"product-type-external"},"yoast_head":"<!-- This site is optimized with the Yoast SEO plugin v26.2 - https:\/\/yoast.com\/wordpress\/plugins\/seo\/ -->\n<title>Boarderlines &#8211; Reiseshop Travel-du.de<\/title>\n<meta name=\"robots\" content=\"index, follow, max-snippet:-1, max-image-preview:large, max-video-preview:-1\" \/>\n<link rel=\"canonical\" href=\"https:\/\/travel-du.de\/reiseshop\/produkt\/boarderlines\/\" \/>\n<meta property=\"og:locale\" content=\"de_DE\" \/>\n<meta property=\"og:type\" content=\"article\" \/>\n<meta property=\"og:title\" content=\"Boarderlines &#8211; Reiseshop Travel-du.de\" \/>\n<meta property=\"og:description\" content=\"Der geb\u00fcrtige K\u00f6lner Andreas Brendt ist leidenschaftlicher Surfer und Weltenbummler. Im\u00a0auto-biografischen Buch\u00a0\u201eBoarderlines\u201c berichtet er von seinem nicht ganz geradlinigem Leben und von 10 Jahren Reisen in der ganzen Welt. Dabei erlebt er viele kuriose Abenteuer, begegnet faszinierenden Menschen und ger\u00e4t auch hin und wieder in nicht ganz ungef\u00e4hrliche Situationen. &nbsp; Das Lesen l\u00f6st garantiert Fernweh aus.  \u21d2 Direkt bei Amazon bestellen.\" \/>\n<meta property=\"og:url\" content=\"https:\/\/travel-du.de\/reiseshop\/produkt\/boarderlines\/\" \/>\n<meta property=\"og:site_name\" content=\"Reiseshop Travel-du.de\" \/>\n<meta property=\"article:modified_time\" content=\"2024-07-07T20:45:42+00:00\" \/>\n<meta property=\"og:image\" content=\"https:\/\/travel-du.de\/reiseshop\/wp-content\/uploads\/2016\/12\/Boarderlines-0.jpg\" \/>\n\t<meta property=\"og:image:width\" content=\"337\" \/>\n\t<meta property=\"og:image:height\" content=\"500\" \/>\n\t<meta property=\"og:image:type\" content=\"image\/jpeg\" \/>\n<meta name=\"twitter:card\" content=\"summary_large_image\" \/>\n<meta name=\"twitter:label1\" content=\"Gesch\u00e4tzte Lesezeit\" \/>\n\t<meta name=\"twitter:data1\" content=\"1\u00a0Minute\" \/>\n<script type=\"application\/ld+json\" class=\"yoast-schema-graph\">{\"@context\":\"https:\/\/schema.org\",\"@graph\":[{\"@type\":\"WebPage\",\"@id\":\"https:\/\/travel-du.de\/reiseshop\/produkt\/boarderlines\/\",\"url\":\"https:\/\/travel-du.de\/reiseshop\/produkt\/boarderlines\/\",\"name\":\"Boarderlines &#8211; Reiseshop Travel-du.de\",\"isPartOf\":{\"@id\":\"https:\/\/travel-du.de\/reiseshop\/#website\"},\"primaryImageOfPage\":{\"@id\":\"https:\/\/travel-du.de\/reiseshop\/produkt\/boarderlines\/#primaryimage\"},\"image\":{\"@id\":\"https:\/\/travel-du.de\/reiseshop\/produkt\/boarderlines\/#primaryimage\"},\"thumbnailUrl\":\"https:\/\/travel-du.de\/reiseshop\/wp-content\/uploads\/2016\/12\/Boarderlines-0.jpg\",\"datePublished\":\"2016-12-24T16:12:36+00:00\",\"dateModified\":\"2024-07-07T20:45:42+00:00\",\"breadcrumb\":{\"@id\":\"https:\/\/travel-du.de\/reiseshop\/produkt\/boarderlines\/#breadcrumb\"},\"inLanguage\":\"de\",\"potentialAction\":[{\"@type\":\"ReadAction\",\"target\":[\"https:\/\/travel-du.de\/reiseshop\/produkt\/boarderlines\/\"]}]},{\"@type\":\"ImageObject\",\"inLanguage\":\"de\",\"@id\":\"https:\/\/travel-du.de\/reiseshop\/produkt\/boarderlines\/#primaryimage\",\"url\":\"https:\/\/travel-du.de\/reiseshop\/wp-content\/uploads\/2016\/12\/Boarderlines-0.jpg\",\"contentUrl\":\"https:\/\/travel-du.de\/reiseshop\/wp-content\/uploads\/2016\/12\/Boarderlines-0.jpg\",\"width\":337,\"height\":500},{\"@type\":\"BreadcrumbList\",\"@id\":\"https:\/\/travel-du.de\/reiseshop\/produkt\/boarderlines\/#breadcrumb\",\"itemListElement\":[{\"@type\":\"ListItem\",\"position\":1,\"name\":\"Startseite\",\"item\":\"https:\/\/travel-du.de\/reiseshop\/\"},{\"@type\":\"ListItem\",\"position\":2,\"name\":\"Shop\",\"item\":\"https:\/\/travel-du.de\/reiseshop\/shop\/\"},{\"@type\":\"ListItem\",\"position\":3,\"name\":\"Boarderlines\"}]},{\"@type\":\"WebSite\",\"@id\":\"https:\/\/travel-du.de\/reiseshop\/#website\",\"url\":\"https:\/\/travel-du.de\/reiseshop\/\",\"name\":\"Reiseshop Travel-du.de\",\"description\":\"Der Shop f\u00fcr Reisende, Weltenbummler und Abenteurer\",\"potentialAction\":[{\"@type\":\"SearchAction\",\"target\":{\"@type\":\"EntryPoint\",\"urlTemplate\":\"https:\/\/travel-du.de\/reiseshop\/?s={search_term_string}\"},\"query-input\":{\"@type\":\"PropertyValueSpecification\",\"valueRequired\":true,\"valueName\":\"search_term_string\"}}],\"inLanguage\":\"de\"}]}<\/script>\n<!-- \/ Yoast SEO plugin. -->","yoast_head_json":{"title":"Boarderlines &#8211; Reiseshop Travel-du.de","robots":{"index":"index","follow":"follow","max-snippet":"max-snippet:-1","max-image-preview":"max-image-preview:large","max-video-preview":"max-video-preview:-1"},"canonical":"https:\/\/travel-du.de\/reiseshop\/produkt\/boarderlines\/","og_locale":"de_DE","og_type":"article","og_title":"Boarderlines &#8211; Reiseshop Travel-du.de","og_description":"Der geb\u00fcrtige K\u00f6lner Andreas Brendt ist leidenschaftlicher Surfer und Weltenbummler. Im\u00a0auto-biografischen Buch\u00a0\u201eBoarderlines\u201c berichtet er von seinem nicht ganz geradlinigem Leben und von 10 Jahren Reisen in der ganzen Welt. Dabei erlebt er viele kuriose Abenteuer, begegnet faszinierenden Menschen und ger\u00e4t auch hin und wieder in nicht ganz ungef\u00e4hrliche Situationen. &nbsp; Das Lesen l\u00f6st garantiert Fernweh aus.  \u21d2 Direkt bei Amazon bestellen.","og_url":"https:\/\/travel-du.de\/reiseshop\/produkt\/boarderlines\/","og_site_name":"Reiseshop Travel-du.de","article_modified_time":"2024-07-07T20:45:42+00:00","og_image":[{"width":337,"height":500,"url":"https:\/\/travel-du.de\/reiseshop\/wp-content\/uploads\/2016\/12\/Boarderlines-0.jpg","type":"image\/jpeg"}],"twitter_card":"summary_large_image","twitter_misc":{"Gesch\u00e4tzte Lesezeit":"1\u00a0Minute"},"schema":{"@context":"https:\/\/schema.org","@graph":[{"@type":"WebPage","@id":"https:\/\/travel-du.de\/reiseshop\/produkt\/boarderlines\/","url":"https:\/\/travel-du.de\/reiseshop\/produkt\/boarderlines\/","name":"Boarderlines &#8211; Reiseshop Travel-du.de","isPartOf":{"@id":"https:\/\/travel-du.de\/reiseshop\/#website"},"primaryImageOfPage":{"@id":"https:\/\/travel-du.de\/reiseshop\/produkt\/boarderlines\/#primaryimage"},"image":{"@id":"https:\/\/travel-du.de\/reiseshop\/produkt\/boarderlines\/#primaryimage"},"thumbnailUrl":"https:\/\/travel-du.de\/reiseshop\/wp-content\/uploads\/2016\/12\/Boarderlines-0.jpg","datePublished":"2016-12-24T16:12:36+00:00","dateModified":"2024-07-07T20:45:42+00:00","breadcrumb":{"@id":"https:\/\/travel-du.de\/reiseshop\/produkt\/boarderlines\/#breadcrumb"},"inLanguage":"de","potentialAction":[{"@type":"ReadAction","target":["https:\/\/travel-du.de\/reiseshop\/produkt\/boarderlines\/"]}]},{"@type":"ImageObject","inLanguage":"de","@id":"https:\/\/travel-du.de\/reiseshop\/produkt\/boarderlines\/#primaryimage","url":"https:\/\/travel-du.de\/reiseshop\/wp-content\/uploads\/2016\/12\/Boarderlines-0.jpg","contentUrl":"https:\/\/travel-du.de\/reiseshop\/wp-content\/uploads\/2016\/12\/Boarderlines-0.jpg","width":337,"height":500},{"@type":"BreadcrumbList","@id":"https:\/\/travel-du.de\/reiseshop\/produkt\/boarderlines\/#breadcrumb","itemListElement":[{"@type":"ListItem","position":1,"name":"Startseite","item":"https:\/\/travel-du.de\/reiseshop\/"},{"@type":"ListItem","position":2,"name":"Shop","item":"https:\/\/travel-du.de\/reiseshop\/shop\/"},{"@type":"ListItem","position":3,"name":"Boarderlines"}]},{"@type":"WebSite","@id":"https:\/\/travel-du.de\/reiseshop\/#website","url":"https:\/\/travel-du.de\/reiseshop\/","name":"Reiseshop Travel-du.de","description":"Der Shop f\u00fcr Reisende, Weltenbummler und Abenteurer","potentialAction":[{"@type":"SearchAction","target":{"@type":"EntryPoint","urlTemplate":"https:\/\/travel-du.de\/reiseshop\/?s={search_term_string}"},"query-input":{"@type":"PropertyValueSpecification","valueRequired":true,"valueName":"search_term_string"}}],"inLanguage":"de"}]}},"_links":{"self":[{"href":"https:\/\/travel-du.de\/reiseshop\/wp-json\/wp\/v2\/product\/217","targetHints":{"allow":["GET"]}}],"collection":[{"href":"https:\/\/travel-du.de\/reiseshop\/wp-json\/wp\/v2\/product"}],"about":[{"href":"https:\/\/travel-du.de\/reiseshop\/wp-json\/wp\/v2\/types\/product"}],"replies":[{"embeddable":true,"href":"https:\/\/travel-du.de\/reiseshop\/wp-json\/wp\/v2\/comments?post=217"}],"wp:featuredmedia":[{"embeddable":true,"href":"https:\/\/travel-du.de\/reiseshop\/wp-json\/wp\/v2\/media\/218"}],"wp:attachment":[{"href":"https:\/\/travel-du.de\/reiseshop\/wp-json\/wp\/v2\/media?parent=217"}],"wp:term":[{"taxonomy":"product_brand","embeddable":true,"href":"https:\/\/travel-du.de\/reiseshop\/wp-json\/wp\/v2\/product_brand?post=217"},{"taxonomy":"product_cat","embeddable":true,"href":"https:\/\/travel-du.de\/reiseshop\/wp-json\/wp\/v2\/product_cat?post=217"},{"taxonomy":"product_tag","embeddable":true,"href":"https:\/\/travel-du.de\/reiseshop\/wp-json\/wp\/v2\/product_tag?post=217"}],"curies":[{"name":"wp","href":"https:\/\/api.w.org\/{rel}","templated":true}]}}