{"id":1727,"date":"2020-01-11T12:22:24","date_gmt":"2020-01-11T11:22:24","guid":{"rendered":"https:\/\/travel-du.de\/reiseshop\/produkt\/kakadu-traders-lederhut-bullet\/"},"modified":"2020-02-02T22:12:53","modified_gmt":"2020-02-02T21:12:53","slug":"australien-hut-leder","status":"publish","type":"product","link":"https:\/\/travel-du.de\/reiseshop\/produkt\/australien-hut-leder\/","title":{"rendered":"authentischer Australien Lederhut f\u00fcr Outdoor"},"content":{"rendered":"<p>Genauso rumlaufen wie Crockodile Dundee kannst du in Australien mit dem Lederhut &#8222;The Croc&#8220; von &#8222;Kakadu Traders Australia&#8220;. Perfekt f\u00fcr Outdoor und Freizeit.<\/p>\n<ul>\n<li>Hutband aus falschem Krokodil und Lederband<\/li>\n<li>Hut Bullet mit Hutband aus Leder mit Patronen-Attrappen aus Metall und Baumwollkordel<\/li>\n<li>Freizeithut, australischer Style<\/li>\n<li>Gr\u00f6\u00dfe S: 55 cm | M: 57 cm | L: 59 cm | XL: 61 cm | XXL: 63 cm (Welche Gr\u00f6\u00dfe brauchst du? Nimm ein Ma\u00dfband oder einen Faden und lege ihn einmal um deinen Kopf, so dass er \u00fcber den Augenbrauen und ca. 1 cm \u00fcber den Ohren liegt.)<\/li>\n<\/ul>\n","protected":false},"excerpt":{"rendered":"<p>Genauso rumlaufen wie Crockodile Dundee kannst du in Australien mit dem Lederhut &#8222;The Croc&#8220; von &#8222;Kakadu Traders Australia&#8220;. Perfekt f\u00fcr Outdoor und Freizeit.<\/p>\n<ul>\n<li>Hutband aus falschem Krokodil und Lederband<\/li>\n<li>Hut Bullet mit Hutband aus Leder mit Patronen-Attrappen aus Metall und Baumwollkordel<\/li>\n<li>Freizeithut, australischer Style<\/li>\n<li>Gr\u00f6\u00dfe S: 55 cm | M: 57 cm | L: 59 cm | XL: 61 cm | XXL: 63 cm (Welche Gr\u00f6\u00dfe brauchst du? Nimm ein Ma\u00dfband oder einen Faden und lege ihn einmal um deinen Kopf, so dass er \u00fcber den Augenbrauen und ca. 1 cm \u00fcber den Ohren liegt.)<\/li>\n<\/ul>\n","protected":false},"featured_media":1733,"comment_status":"open","ping_status":"closed","template":"","meta":[],"product_brand":[],"product_cat":[121],"product_tag":[],"class_list":{"0":"post-1727","1":"product","2":"type-product","3":"status-publish","4":"has-post-thumbnail","6":"product_cat-australien-geschenk","8":"first","9":"instock","10":"shipping-taxable","11":"product-type-external"},"yoast_head":"<!-- This site is optimized with the Yoast SEO plugin v26.2 - https:\/\/yoast.com\/wordpress\/plugins\/seo\/ -->\n<title>authentischer Australien Lederhut f\u00fcr Outdoor &#8211; Reiseshop Travel-du.de<\/title>\n<meta name=\"description\" content=\"Genauso rumlaufen wie Crockodile Dundee kannst du in Australien mit dem Lederhut &quot;The Croc&quot; von &quot;Kakadu Traders Australia&quot;. Perfekt f\u00fcr Outdoor und Freizeit.\" \/>\n<meta name=\"robots\" content=\"index, follow, max-snippet:-1, max-image-preview:large, max-video-preview:-1\" \/>\n<link rel=\"canonical\" href=\"https:\/\/travel-du.de\/reiseshop\/produkt\/australien-hut-leder\/\" \/>\n<meta property=\"og:locale\" content=\"de_DE\" \/>\n<meta property=\"og:type\" content=\"article\" \/>\n<meta property=\"og:title\" content=\"authentischer Australien Lederhut f\u00fcr Outdoor &#8211; Reiseshop Travel-du.de\" \/>\n<meta property=\"og:description\" content=\"Genauso rumlaufen wie Crockodile Dundee kannst du in Australien mit dem Lederhut &quot;The Croc&quot; von &quot;Kakadu Traders Australia&quot;. Perfekt f\u00fcr Outdoor und Freizeit.\" \/>\n<meta property=\"og:url\" content=\"https:\/\/travel-du.de\/reiseshop\/produkt\/australien-hut-leder\/\" \/>\n<meta property=\"og:site_name\" content=\"Reiseshop Travel-du.de\" \/>\n<meta property=\"article:modified_time\" content=\"2020-02-02T21:12:53+00:00\" \/>\n<meta property=\"og:image\" content=\"https:\/\/travel-du.de\/reiseshop\/wp-content\/uploads\/2020\/01\/Kakadu-Traders-Lederhut-Bullet-0.jpg\" \/>\n\t<meta property=\"og:image:width\" content=\"500\" \/>\n\t<meta property=\"og:image:height\" content=\"500\" \/>\n\t<meta property=\"og:image:type\" content=\"image\/jpeg\" \/>\n<meta name=\"twitter:card\" content=\"summary_large_image\" \/>\n<script type=\"application\/ld+json\" class=\"yoast-schema-graph\">{\"@context\":\"https:\/\/schema.org\",\"@graph\":[{\"@type\":\"WebPage\",\"@id\":\"https:\/\/travel-du.de\/reiseshop\/produkt\/australien-hut-leder\/\",\"url\":\"https:\/\/travel-du.de\/reiseshop\/produkt\/australien-hut-leder\/\",\"name\":\"authentischer Australien Lederhut f\u00fcr Outdoor &#8211; Reiseshop Travel-du.de\",\"isPartOf\":{\"@id\":\"https:\/\/travel-du.de\/reiseshop\/#website\"},\"primaryImageOfPage\":{\"@id\":\"https:\/\/travel-du.de\/reiseshop\/produkt\/australien-hut-leder\/#primaryimage\"},\"image\":{\"@id\":\"https:\/\/travel-du.de\/reiseshop\/produkt\/australien-hut-leder\/#primaryimage\"},\"thumbnailUrl\":\"https:\/\/travel-du.de\/reiseshop\/wp-content\/uploads\/2020\/01\/Kakadu-Traders-Lederhut-Bullet-0.jpg\",\"datePublished\":\"2020-01-11T11:22:24+00:00\",\"dateModified\":\"2020-02-02T21:12:53+00:00\",\"description\":\"Genauso rumlaufen wie Crockodile Dundee kannst du in Australien mit dem Lederhut \\\"The Croc\\\" von \\\"Kakadu Traders Australia\\\". Perfekt f\u00fcr Outdoor und Freizeit.\",\"breadcrumb\":{\"@id\":\"https:\/\/travel-du.de\/reiseshop\/produkt\/australien-hut-leder\/#breadcrumb\"},\"inLanguage\":\"de\",\"potentialAction\":[{\"@type\":\"ReadAction\",\"target\":[\"https:\/\/travel-du.de\/reiseshop\/produkt\/australien-hut-leder\/\"]}]},{\"@type\":\"ImageObject\",\"inLanguage\":\"de\",\"@id\":\"https:\/\/travel-du.de\/reiseshop\/produkt\/australien-hut-leder\/#primaryimage\",\"url\":\"https:\/\/travel-du.de\/reiseshop\/wp-content\/uploads\/2020\/01\/Kakadu-Traders-Lederhut-Bullet-0.jpg\",\"contentUrl\":\"https:\/\/travel-du.de\/reiseshop\/wp-content\/uploads\/2020\/01\/Kakadu-Traders-Lederhut-Bullet-0.jpg\",\"width\":500,\"height\":500},{\"@type\":\"BreadcrumbList\",\"@id\":\"https:\/\/travel-du.de\/reiseshop\/produkt\/australien-hut-leder\/#breadcrumb\",\"itemListElement\":[{\"@type\":\"ListItem\",\"position\":1,\"name\":\"Startseite\",\"item\":\"https:\/\/travel-du.de\/reiseshop\/\"},{\"@type\":\"ListItem\",\"position\":2,\"name\":\"Shop\",\"item\":\"https:\/\/travel-du.de\/reiseshop\/shop\/\"},{\"@type\":\"ListItem\",\"position\":3,\"name\":\"authentischer Australien Lederhut f\u00fcr Outdoor\"}]},{\"@type\":\"WebSite\",\"@id\":\"https:\/\/travel-du.de\/reiseshop\/#website\",\"url\":\"https:\/\/travel-du.de\/reiseshop\/\",\"name\":\"Reiseshop Travel-du.de\",\"description\":\"Der Shop f\u00fcr Reisende, Weltenbummler und Abenteurer\",\"potentialAction\":[{\"@type\":\"SearchAction\",\"target\":{\"@type\":\"EntryPoint\",\"urlTemplate\":\"https:\/\/travel-du.de\/reiseshop\/?s={search_term_string}\"},\"query-input\":{\"@type\":\"PropertyValueSpecification\",\"valueRequired\":true,\"valueName\":\"search_term_string\"}}],\"inLanguage\":\"de\"}]}<\/script>\n<!-- \/ Yoast SEO plugin. -->","yoast_head_json":{"title":"authentischer Australien Lederhut f\u00fcr Outdoor &#8211; Reiseshop Travel-du.de","description":"Genauso rumlaufen wie Crockodile Dundee kannst du in Australien mit dem Lederhut \"The Croc\" von \"Kakadu Traders Australia\". Perfekt f\u00fcr Outdoor und Freizeit.","robots":{"index":"index","follow":"follow","max-snippet":"max-snippet:-1","max-image-preview":"max-image-preview:large","max-video-preview":"max-video-preview:-1"},"canonical":"https:\/\/travel-du.de\/reiseshop\/produkt\/australien-hut-leder\/","og_locale":"de_DE","og_type":"article","og_title":"authentischer Australien Lederhut f\u00fcr Outdoor &#8211; Reiseshop Travel-du.de","og_description":"Genauso rumlaufen wie Crockodile Dundee kannst du in Australien mit dem Lederhut \"The Croc\" von \"Kakadu Traders Australia\". Perfekt f\u00fcr Outdoor und Freizeit.","og_url":"https:\/\/travel-du.de\/reiseshop\/produkt\/australien-hut-leder\/","og_site_name":"Reiseshop Travel-du.de","article_modified_time":"2020-02-02T21:12:53+00:00","og_image":[{"width":500,"height":500,"url":"https:\/\/travel-du.de\/reiseshop\/wp-content\/uploads\/2020\/01\/Kakadu-Traders-Lederhut-Bullet-0.jpg","type":"image\/jpeg"}],"twitter_card":"summary_large_image","schema":{"@context":"https:\/\/schema.org","@graph":[{"@type":"WebPage","@id":"https:\/\/travel-du.de\/reiseshop\/produkt\/australien-hut-leder\/","url":"https:\/\/travel-du.de\/reiseshop\/produkt\/australien-hut-leder\/","name":"authentischer Australien Lederhut f\u00fcr Outdoor &#8211; Reiseshop Travel-du.de","isPartOf":{"@id":"https:\/\/travel-du.de\/reiseshop\/#website"},"primaryImageOfPage":{"@id":"https:\/\/travel-du.de\/reiseshop\/produkt\/australien-hut-leder\/#primaryimage"},"image":{"@id":"https:\/\/travel-du.de\/reiseshop\/produkt\/australien-hut-leder\/#primaryimage"},"thumbnailUrl":"https:\/\/travel-du.de\/reiseshop\/wp-content\/uploads\/2020\/01\/Kakadu-Traders-Lederhut-Bullet-0.jpg","datePublished":"2020-01-11T11:22:24+00:00","dateModified":"2020-02-02T21:12:53+00:00","description":"Genauso rumlaufen wie Crockodile Dundee kannst du in Australien mit dem Lederhut \"The Croc\" von \"Kakadu Traders Australia\". Perfekt f\u00fcr Outdoor und Freizeit.","breadcrumb":{"@id":"https:\/\/travel-du.de\/reiseshop\/produkt\/australien-hut-leder\/#breadcrumb"},"inLanguage":"de","potentialAction":[{"@type":"ReadAction","target":["https:\/\/travel-du.de\/reiseshop\/produkt\/australien-hut-leder\/"]}]},{"@type":"ImageObject","inLanguage":"de","@id":"https:\/\/travel-du.de\/reiseshop\/produkt\/australien-hut-leder\/#primaryimage","url":"https:\/\/travel-du.de\/reiseshop\/wp-content\/uploads\/2020\/01\/Kakadu-Traders-Lederhut-Bullet-0.jpg","contentUrl":"https:\/\/travel-du.de\/reiseshop\/wp-content\/uploads\/2020\/01\/Kakadu-Traders-Lederhut-Bullet-0.jpg","width":500,"height":500},{"@type":"BreadcrumbList","@id":"https:\/\/travel-du.de\/reiseshop\/produkt\/australien-hut-leder\/#breadcrumb","itemListElement":[{"@type":"ListItem","position":1,"name":"Startseite","item":"https:\/\/travel-du.de\/reiseshop\/"},{"@type":"ListItem","position":2,"name":"Shop","item":"https:\/\/travel-du.de\/reiseshop\/shop\/"},{"@type":"ListItem","position":3,"name":"authentischer Australien Lederhut f\u00fcr Outdoor"}]},{"@type":"WebSite","@id":"https:\/\/travel-du.de\/reiseshop\/#website","url":"https:\/\/travel-du.de\/reiseshop\/","name":"Reiseshop Travel-du.de","description":"Der Shop f\u00fcr Reisende, Weltenbummler und Abenteurer","potentialAction":[{"@type":"SearchAction","target":{"@type":"EntryPoint","urlTemplate":"https:\/\/travel-du.de\/reiseshop\/?s={search_term_string}"},"query-input":{"@type":"PropertyValueSpecification","valueRequired":true,"valueName":"search_term_string"}}],"inLanguage":"de"}]}},"_links":{"self":[{"href":"https:\/\/travel-du.de\/reiseshop\/wp-json\/wp\/v2\/product\/1727","targetHints":{"allow":["GET"]}}],"collection":[{"href":"https:\/\/travel-du.de\/reiseshop\/wp-json\/wp\/v2\/product"}],"about":[{"href":"https:\/\/travel-du.de\/reiseshop\/wp-json\/wp\/v2\/types\/product"}],"replies":[{"embeddable":true,"href":"https:\/\/travel-du.de\/reiseshop\/wp-json\/wp\/v2\/comments?post=1727"}],"wp:featuredmedia":[{"embeddable":true,"href":"https:\/\/travel-du.de\/reiseshop\/wp-json\/wp\/v2\/media\/1733"}],"wp:attachment":[{"href":"https:\/\/travel-du.de\/reiseshop\/wp-json\/wp\/v2\/media?parent=1727"}],"wp:term":[{"taxonomy":"product_brand","embeddable":true,"href":"https:\/\/travel-du.de\/reiseshop\/wp-json\/wp\/v2\/product_brand?post=1727"},{"taxonomy":"product_cat","embeddable":true,"href":"https:\/\/travel-du.de\/reiseshop\/wp-json\/wp\/v2\/product_cat?post=1727"},{"taxonomy":"product_tag","embeddable":true,"href":"https:\/\/travel-du.de\/reiseshop\/wp-json\/wp\/v2\/product_tag?post=1727"}],"curies":[{"name":"wp","href":"https:\/\/api.w.org\/{rel}","templated":true}]}}