{"id":155,"date":"2016-12-24T16:33:30","date_gmt":"2016-12-24T15:33:30","guid":{"rendered":"http:\/\/travel-du.de\/reiseshop\/produkt\/flagge-australien-150-x-90-cm-australische-flagge-90-x-150-cm-flaggen-az-flag\/"},"modified":"2021-03-28T11:54:50","modified_gmt":"2021-03-28T09:54:50","slug":"flagge-australien-150-x-90-cm-australische-flagge-90-x-150-cm-flaggen-az-flag","status":"publish","type":"product","link":"https:\/\/travel-du.de\/reiseshop\/produkt\/flagge-australien-150-x-90-cm-australische-flagge-90-x-150-cm-flaggen-az-flag\/","title":{"rendered":"Flagge Australien 150\u00a0x 90\u00a0cm"},"content":{"rendered":"<p>Nichts spiegelt die Liebe zu einem Land so sehr wider, wie die Nationalflagge aufzuh\u00e4ngen. Diese Flagge hier ist mit 150 mal 90 cm auch gro\u00df genug, um sie sich umzubinden. Das Material ist hochwertig. Kurz: Ein tolles Geschenk, f\u00fcr jemanden der nach Australien reist.<br \/>\n<div class=\"main-cross-sell\" data-asin=\"B00AK8RNQQ\">\n\n\t<div class=\"WooZone-cross-sell-loader\">\n\t\t<div>\n\t\t\t<div id=\"floatingBarsG\">\n\t\t\t\t<div class=\"blockG\" id=\"rotateG_01\"><\/div>\n\t\t\t\t<div class=\"blockG\" id=\"rotateG_02\"><\/div>\n\t\t\t\t<div class=\"blockG\" id=\"rotateG_03\"><\/div>\n\t\t\t\t<div class=\"blockG\" id=\"rotateG_04\"><\/div>\n\t\t\t\t<div class=\"blockG\" id=\"rotateG_05\"><\/div>\n\t\t\t\t<div class=\"blockG\" id=\"rotateG_06\"><\/div>\n\t\t\t\t<div class=\"blockG\" id=\"rotateG_07\"><\/div>\n\t\t\t\t<div class=\"blockG\" id=\"rotateG_08\"><\/div>\n\t\t\t<\/div>\n\t\t\t<div class=\"WooZone-cross-sell-loader-text\"><\/div>\n\t\t<\/div>\n\t<\/div>\n\n\t\t\n<\/div>\n<div style=\"clear:both;\"><\/div><\/p>\n","protected":false},"excerpt":{"rendered":"<p>Nichts spiegelt die Liebe zu einem Land so sehr wider, wie die Nationalflagge aufzuh\u00e4ngen. Diese Flagge hier ist mit 150 mal 90 cm auch gro\u00df genug, um sie sich umzubinden. Das Material ist hochwertig. Kurz: Ein tolles Geschenk, f\u00fcr jemanden der nach Australien reist.<\/p>\n<p>&nbsp;<\/p>\n","protected":false},"featured_media":156,"comment_status":"open","ping_status":"closed","template":"","meta":[],"product_brand":[],"product_cat":[121],"product_tag":[],"class_list":{"0":"post-155","1":"product","2":"type-product","3":"status-publish","4":"has-post-thumbnail","6":"product_cat-australien-geschenk","8":"first","9":"instock","10":"shipping-taxable","11":"product-type-external"},"yoast_head":"<!-- This site is optimized with the Yoast SEO plugin v27.4 - https:\/\/yoast.com\/product\/yoast-seo-wordpress\/ -->\n<title>Flagge Australien 150\u00a0x 90\u00a0cm &#8211; Reiseshop Travel-du.de<\/title>\n<meta name=\"description\" content=\"Nichts spiegelt die Liebe zu einem Land so sehr wider, wie die Nationalflagge aufzuh\u00e4ngen. Diese Flagge hier ist mit 150 mal 90 cm auch gro\u00df genug, um sie sich umzubinden.\" \/>\n<meta name=\"robots\" content=\"index, follow, max-snippet:-1, max-image-preview:large, max-video-preview:-1\" \/>\n<link rel=\"canonical\" href=\"https:\/\/travel-du.de\/reiseshop\/produkt\/flagge-australien-150-x-90-cm-australische-flagge-90-x-150-cm-flaggen-az-flag\/\" \/>\n<meta property=\"og:locale\" content=\"de_DE\" \/>\n<meta property=\"og:type\" content=\"article\" \/>\n<meta property=\"og:title\" content=\"Flagge Australien 150\u00a0x 90\u00a0cm &#8211; Reiseshop Travel-du.de\" \/>\n<meta property=\"og:description\" content=\"Nichts spiegelt die Liebe zu einem Land so sehr wider, wie die Nationalflagge aufzuh\u00e4ngen. Diese Flagge hier ist mit 150 mal 90 cm auch gro\u00df genug, um sie sich umzubinden.\" \/>\n<meta property=\"og:url\" content=\"https:\/\/travel-du.de\/reiseshop\/produkt\/flagge-australien-150-x-90-cm-australische-flagge-90-x-150-cm-flaggen-az-flag\/\" \/>\n<meta property=\"og:site_name\" content=\"Reiseshop Travel-du.de\" \/>\n<meta property=\"article:modified_time\" content=\"2021-03-28T09:54:50+00:00\" \/>\n<meta property=\"og:image\" content=\"https:\/\/travel-du.de\/reiseshop\/wp-content\/uploads\/2016\/12\/Flagge-Australien-150-x-90-cm--australische-Flagge-90-x-150-cm--Flaggen--AZ-Flag-0.jpg\" \/>\n\t<meta property=\"og:image:width\" content=\"500\" \/>\n\t<meta property=\"og:image:height\" content=\"333\" \/>\n\t<meta property=\"og:image:type\" content=\"image\/jpeg\" \/>\n<meta name=\"twitter:card\" content=\"summary_large_image\" \/>\n<script type=\"application\/ld+json\" class=\"yoast-schema-graph\">{\"@context\":\"https:\\\/\\\/schema.org\",\"@graph\":[{\"@type\":\"WebPage\",\"@id\":\"https:\\\/\\\/travel-du.de\\\/reiseshop\\\/produkt\\\/flagge-australien-150-x-90-cm-australische-flagge-90-x-150-cm-flaggen-az-flag\\\/\",\"url\":\"https:\\\/\\\/travel-du.de\\\/reiseshop\\\/produkt\\\/flagge-australien-150-x-90-cm-australische-flagge-90-x-150-cm-flaggen-az-flag\\\/\",\"name\":\"Flagge Australien 150\u00a0x 90\u00a0cm &#8211; Reiseshop Travel-du.de\",\"isPartOf\":{\"@id\":\"https:\\\/\\\/travel-du.de\\\/reiseshop\\\/#website\"},\"primaryImageOfPage\":{\"@id\":\"https:\\\/\\\/travel-du.de\\\/reiseshop\\\/produkt\\\/flagge-australien-150-x-90-cm-australische-flagge-90-x-150-cm-flaggen-az-flag\\\/#primaryimage\"},\"image\":{\"@id\":\"https:\\\/\\\/travel-du.de\\\/reiseshop\\\/produkt\\\/flagge-australien-150-x-90-cm-australische-flagge-90-x-150-cm-flaggen-az-flag\\\/#primaryimage\"},\"thumbnailUrl\":\"https:\\\/\\\/travel-du.de\\\/reiseshop\\\/wp-content\\\/uploads\\\/2016\\\/12\\\/Flagge-Australien-150-x-90-cm--australische-Flagge-90-x-150-cm--Flaggen--AZ-Flag-0.jpg\",\"datePublished\":\"2016-12-24T15:33:30+00:00\",\"dateModified\":\"2021-03-28T09:54:50+00:00\",\"description\":\"Nichts spiegelt die Liebe zu einem Land so sehr wider, wie die Nationalflagge aufzuh\u00e4ngen. Diese Flagge hier ist mit 150 mal 90 cm auch gro\u00df genug, um sie sich umzubinden.\",\"breadcrumb\":{\"@id\":\"https:\\\/\\\/travel-du.de\\\/reiseshop\\\/produkt\\\/flagge-australien-150-x-90-cm-australische-flagge-90-x-150-cm-flaggen-az-flag\\\/#breadcrumb\"},\"inLanguage\":\"de\",\"potentialAction\":[{\"@type\":\"ReadAction\",\"target\":[\"https:\\\/\\\/travel-du.de\\\/reiseshop\\\/produkt\\\/flagge-australien-150-x-90-cm-australische-flagge-90-x-150-cm-flaggen-az-flag\\\/\"]}]},{\"@type\":\"ImageObject\",\"inLanguage\":\"de\",\"@id\":\"https:\\\/\\\/travel-du.de\\\/reiseshop\\\/produkt\\\/flagge-australien-150-x-90-cm-australische-flagge-90-x-150-cm-flaggen-az-flag\\\/#primaryimage\",\"url\":\"https:\\\/\\\/travel-du.de\\\/reiseshop\\\/wp-content\\\/uploads\\\/2016\\\/12\\\/Flagge-Australien-150-x-90-cm--australische-Flagge-90-x-150-cm--Flaggen--AZ-Flag-0.jpg\",\"contentUrl\":\"https:\\\/\\\/travel-du.de\\\/reiseshop\\\/wp-content\\\/uploads\\\/2016\\\/12\\\/Flagge-Australien-150-x-90-cm--australische-Flagge-90-x-150-cm--Flaggen--AZ-Flag-0.jpg\",\"width\":500,\"height\":333},{\"@type\":\"BreadcrumbList\",\"@id\":\"https:\\\/\\\/travel-du.de\\\/reiseshop\\\/produkt\\\/flagge-australien-150-x-90-cm-australische-flagge-90-x-150-cm-flaggen-az-flag\\\/#breadcrumb\",\"itemListElement\":[{\"@type\":\"ListItem\",\"position\":1,\"name\":\"Startseite\",\"item\":\"https:\\\/\\\/travel-du.de\\\/reiseshop\\\/\"},{\"@type\":\"ListItem\",\"position\":2,\"name\":\"Shop\",\"item\":\"https:\\\/\\\/travel-du.de\\\/reiseshop\\\/shop\\\/\"},{\"@type\":\"ListItem\",\"position\":3,\"name\":\"Flagge Australien 150\u00a0x 90\u00a0cm\"}]},{\"@type\":\"WebSite\",\"@id\":\"https:\\\/\\\/travel-du.de\\\/reiseshop\\\/#website\",\"url\":\"https:\\\/\\\/travel-du.de\\\/reiseshop\\\/\",\"name\":\"Reiseshop Travel-du.de\",\"description\":\"Der Shop f\u00fcr Reisende, Weltenbummler und Abenteurer\",\"potentialAction\":[{\"@type\":\"SearchAction\",\"target\":{\"@type\":\"EntryPoint\",\"urlTemplate\":\"https:\\\/\\\/travel-du.de\\\/reiseshop\\\/?s={search_term_string}\"},\"query-input\":{\"@type\":\"PropertyValueSpecification\",\"valueRequired\":true,\"valueName\":\"search_term_string\"}}],\"inLanguage\":\"de\"}]}<\/script>\n<!-- \/ Yoast SEO plugin. -->","yoast_head_json":{"title":"Flagge Australien 150\u00a0x 90\u00a0cm &#8211; Reiseshop Travel-du.de","description":"Nichts spiegelt die Liebe zu einem Land so sehr wider, wie die Nationalflagge aufzuh\u00e4ngen. Diese Flagge hier ist mit 150 mal 90 cm auch gro\u00df genug, um sie sich umzubinden.","robots":{"index":"index","follow":"follow","max-snippet":"max-snippet:-1","max-image-preview":"max-image-preview:large","max-video-preview":"max-video-preview:-1"},"canonical":"https:\/\/travel-du.de\/reiseshop\/produkt\/flagge-australien-150-x-90-cm-australische-flagge-90-x-150-cm-flaggen-az-flag\/","og_locale":"de_DE","og_type":"article","og_title":"Flagge Australien 150\u00a0x 90\u00a0cm &#8211; Reiseshop Travel-du.de","og_description":"Nichts spiegelt die Liebe zu einem Land so sehr wider, wie die Nationalflagge aufzuh\u00e4ngen. Diese Flagge hier ist mit 150 mal 90 cm auch gro\u00df genug, um sie sich umzubinden.","og_url":"https:\/\/travel-du.de\/reiseshop\/produkt\/flagge-australien-150-x-90-cm-australische-flagge-90-x-150-cm-flaggen-az-flag\/","og_site_name":"Reiseshop Travel-du.de","article_modified_time":"2021-03-28T09:54:50+00:00","og_image":[{"width":500,"height":333,"url":"https:\/\/travel-du.de\/reiseshop\/wp-content\/uploads\/2016\/12\/Flagge-Australien-150-x-90-cm--australische-Flagge-90-x-150-cm--Flaggen--AZ-Flag-0.jpg","type":"image\/jpeg"}],"twitter_card":"summary_large_image","schema":{"@context":"https:\/\/schema.org","@graph":[{"@type":"WebPage","@id":"https:\/\/travel-du.de\/reiseshop\/produkt\/flagge-australien-150-x-90-cm-australische-flagge-90-x-150-cm-flaggen-az-flag\/","url":"https:\/\/travel-du.de\/reiseshop\/produkt\/flagge-australien-150-x-90-cm-australische-flagge-90-x-150-cm-flaggen-az-flag\/","name":"Flagge Australien 150\u00a0x 90\u00a0cm &#8211; Reiseshop Travel-du.de","isPartOf":{"@id":"https:\/\/travel-du.de\/reiseshop\/#website"},"primaryImageOfPage":{"@id":"https:\/\/travel-du.de\/reiseshop\/produkt\/flagge-australien-150-x-90-cm-australische-flagge-90-x-150-cm-flaggen-az-flag\/#primaryimage"},"image":{"@id":"https:\/\/travel-du.de\/reiseshop\/produkt\/flagge-australien-150-x-90-cm-australische-flagge-90-x-150-cm-flaggen-az-flag\/#primaryimage"},"thumbnailUrl":"https:\/\/travel-du.de\/reiseshop\/wp-content\/uploads\/2016\/12\/Flagge-Australien-150-x-90-cm--australische-Flagge-90-x-150-cm--Flaggen--AZ-Flag-0.jpg","datePublished":"2016-12-24T15:33:30+00:00","dateModified":"2021-03-28T09:54:50+00:00","description":"Nichts spiegelt die Liebe zu einem Land so sehr wider, wie die Nationalflagge aufzuh\u00e4ngen. Diese Flagge hier ist mit 150 mal 90 cm auch gro\u00df genug, um sie sich umzubinden.","breadcrumb":{"@id":"https:\/\/travel-du.de\/reiseshop\/produkt\/flagge-australien-150-x-90-cm-australische-flagge-90-x-150-cm-flaggen-az-flag\/#breadcrumb"},"inLanguage":"de","potentialAction":[{"@type":"ReadAction","target":["https:\/\/travel-du.de\/reiseshop\/produkt\/flagge-australien-150-x-90-cm-australische-flagge-90-x-150-cm-flaggen-az-flag\/"]}]},{"@type":"ImageObject","inLanguage":"de","@id":"https:\/\/travel-du.de\/reiseshop\/produkt\/flagge-australien-150-x-90-cm-australische-flagge-90-x-150-cm-flaggen-az-flag\/#primaryimage","url":"https:\/\/travel-du.de\/reiseshop\/wp-content\/uploads\/2016\/12\/Flagge-Australien-150-x-90-cm--australische-Flagge-90-x-150-cm--Flaggen--AZ-Flag-0.jpg","contentUrl":"https:\/\/travel-du.de\/reiseshop\/wp-content\/uploads\/2016\/12\/Flagge-Australien-150-x-90-cm--australische-Flagge-90-x-150-cm--Flaggen--AZ-Flag-0.jpg","width":500,"height":333},{"@type":"BreadcrumbList","@id":"https:\/\/travel-du.de\/reiseshop\/produkt\/flagge-australien-150-x-90-cm-australische-flagge-90-x-150-cm-flaggen-az-flag\/#breadcrumb","itemListElement":[{"@type":"ListItem","position":1,"name":"Startseite","item":"https:\/\/travel-du.de\/reiseshop\/"},{"@type":"ListItem","position":2,"name":"Shop","item":"https:\/\/travel-du.de\/reiseshop\/shop\/"},{"@type":"ListItem","position":3,"name":"Flagge Australien 150\u00a0x 90\u00a0cm"}]},{"@type":"WebSite","@id":"https:\/\/travel-du.de\/reiseshop\/#website","url":"https:\/\/travel-du.de\/reiseshop\/","name":"Reiseshop Travel-du.de","description":"Der Shop f\u00fcr Reisende, Weltenbummler und Abenteurer","potentialAction":[{"@type":"SearchAction","target":{"@type":"EntryPoint","urlTemplate":"https:\/\/travel-du.de\/reiseshop\/?s={search_term_string}"},"query-input":{"@type":"PropertyValueSpecification","valueRequired":true,"valueName":"search_term_string"}}],"inLanguage":"de"}]}},"_links":{"self":[{"href":"https:\/\/travel-du.de\/reiseshop\/wp-json\/wp\/v2\/product\/155","targetHints":{"allow":["GET"]}}],"collection":[{"href":"https:\/\/travel-du.de\/reiseshop\/wp-json\/wp\/v2\/product"}],"about":[{"href":"https:\/\/travel-du.de\/reiseshop\/wp-json\/wp\/v2\/types\/product"}],"replies":[{"embeddable":true,"href":"https:\/\/travel-du.de\/reiseshop\/wp-json\/wp\/v2\/comments?post=155"}],"wp:featuredmedia":[{"embeddable":true,"href":"https:\/\/travel-du.de\/reiseshop\/wp-json\/wp\/v2\/media\/156"}],"wp:attachment":[{"href":"https:\/\/travel-du.de\/reiseshop\/wp-json\/wp\/v2\/media?parent=155"}],"wp:term":[{"taxonomy":"product_brand","embeddable":true,"href":"https:\/\/travel-du.de\/reiseshop\/wp-json\/wp\/v2\/product_brand?post=155"},{"taxonomy":"product_cat","embeddable":true,"href":"https:\/\/travel-du.de\/reiseshop\/wp-json\/wp\/v2\/product_cat?post=155"},{"taxonomy":"product_tag","embeddable":true,"href":"https:\/\/travel-du.de\/reiseshop\/wp-json\/wp\/v2\/product_tag?post=155"}],"curies":[{"name":"wp","href":"https:\/\/api.w.org\/{rel}","templated":true}]}}