{"id":129,"date":"2016-12-21T17:53:24","date_gmt":"2016-12-21T16:53:24","guid":{"rendered":"http:\/\/travel-du.de\/reiseshop\/produkt\/the-travel-episodes-geschichten-von-fernweh-und-freiheit\/"},"modified":"2016-12-26T17:03:09","modified_gmt":"2016-12-26T16:03:09","slug":"the-travel-episodes-geschichten-von-fernweh-und-freiheit","status":"publish","type":"product","link":"https:\/\/travel-du.de\/reiseshop\/produkt\/the-travel-episodes-geschichten-von-fernweh-und-freiheit\/","title":{"rendered":"The Travel Episodes: Geschichten von Fernweh und Freiheit"},"content":{"rendered":"<p>Mit seinem Reiseblog \u201eReisedepesche\u201c gewann Johannes Klaus 2011 den Grimme Online Award. Auf seiner neuen, interaktiven Multimedia-Storytelling-Website <a href=\"http:\/\/www.travelepisodes.com\/\" target=\"_blank\">The Travel Episodes<\/a> ver\u00f6ffentlichen einige handverlesene Autoren, darunter viele Reiseblogger und Journalisten, ihre Reisereportagen aus\u00a0fernen L\u00e4ndern.<\/p>\n<p>Diese gibt es nun auch in Buchform <em>\u201eThe Travel Episodes: Geschichten von Fernweh und Freiheit\u201c<\/em>. Dabei werden Reiseziele beleuchtet, die nicht unbedingt auf der Pauschalurlaubs-Liste der meisten Touristen stehen. Ob per Anhalter durch Pakistan, auf einer nicht ganz ungef\u00e4hrlichen Reise durch Somaliland oder mit der MS Bremen Richtung Antarktis \u2013\u00a0stets \u00e4u\u00dferst mitrei\u00dfend\u00a0geschrieben und aufbereitet \u2013 entfachen die einzelnen Episoden das Reisefieber im Kopf und machen garantiert aus jedem Couchpotato einen abenteuerlustigen Indiana Jones. Und dabei gibt es immer auch noch die ein oder andere Erkenntnis zu gewinnen.<\/p>\n<p><strong>Am besten geeignet f\u00fcr:<\/strong><\/p>\n<ul>\n<li>Daheimgebliebene, die sich von den Abenteurern anderer inspirieren lassen wollen und zwischen Ihren eigenen Reisen die Sehnsucht nach der Ferne stillen m\u00fcssen.<\/li>\n<li>Leser, die kurze Geschichten lieben<\/li>\n<\/ul>\n<p><strong>Daten:\u00a0<\/strong><\/p>\n<ul>\n<li>30 fesselnde Kurzreportagen<\/li>\n<li>348 Seiten inklusive mehrerer Schwarzwei\u00dffotos und Farbbildteile<\/li>\n<\/ul>\n<div class=\"main-cross-sell\" data-asin=\"3492405924\">\n\n\t<div class=\"WooZone-cross-sell-loader\">\n\t\t<div>\n\t\t\t<div id=\"floatingBarsG\">\n\t\t\t\t<div class=\"blockG\" id=\"rotateG_01\"><\/div>\n\t\t\t\t<div class=\"blockG\" id=\"rotateG_02\"><\/div>\n\t\t\t\t<div class=\"blockG\" id=\"rotateG_03\"><\/div>\n\t\t\t\t<div class=\"blockG\" id=\"rotateG_04\"><\/div>\n\t\t\t\t<div class=\"blockG\" id=\"rotateG_05\"><\/div>\n\t\t\t\t<div class=\"blockG\" id=\"rotateG_06\"><\/div>\n\t\t\t\t<div class=\"blockG\" id=\"rotateG_07\"><\/div>\n\t\t\t\t<div class=\"blockG\" id=\"rotateG_08\"><\/div>\n\t\t\t<\/div>\n\t\t\t<div class=\"WooZone-cross-sell-loader-text\"><\/div>\n\t\t<\/div>\n\t<\/div>\n\n\t\t\n<\/div>\n<div style=\"clear:both;\"><\/div>\n","protected":false},"excerpt":{"rendered":"<p>Mit seinem Reiseblog \u201eReisedepesche\u201c gewann Johannes Klaus 2011 den Grimme Online Award. Auf seiner neuen, interaktiven Multimedia-Storytelling-Website <a href=\"http:\/\/www.travelepisodes.com\/\" target=\"_blank\">The Travel Episodes<\/a> ver\u00f6ffentlichen einige handverlesene Autoren, darunter viele Reiseblogger und Journalisten, ihre Reisereportagen aus\u00a0fernen L\u00e4ndern.<\/p>\n<p>Diese gibt es nun auch in Buchform <em>\u201eThe Travel Episodes: Geschichten von Fernweh und Freiheit\u201c<\/em>. Dabei werden Reiseziele beleuchtet, die nicht unbedingt auf der Pauschalurlaubs-Liste der meisten Touristen stehen. Ob per Anhalter durch Pakistan, auf einer nicht ganz ungef\u00e4hrlichen Reise durch Somaliland oder mit der MS Bremen Richtung Antarktis \u2013\u00a0stets \u00e4u\u00dferst mitrei\u00dfend\u00a0geschrieben und aufbereitet \u2013 entfachen die einzelnen Episoden das Reisefieber im Kopf und machen garantiert aus jedem Couchpotato einen abenteuerlustigen Indiana Jones. Und dabei gibt es immer auch noch die ein oder andere Erkenntnis zu gewinnen.<br \/>\n<a href=\"https:\/\/www.amazon.de\/Travel-Episodes-Geschichten-Fernweh-Freiheit\/dp\/3492405924\/ref=as_li_ss_tl?ie=UTF8&#038;linkCode=ll1&#038;tag=wwwtraveldude-21&#038;linkId=a0e481f97cedba4f14fc54df42549a65\" target=\"_blank\"><\/p>\n<div class=\"amazon-button\" style=\"text-align: center;\">\u21d2 Direkt bei Amazon bestellen.<\/div>\n<p><\/a><\/p>\n","protected":false},"featured_media":130,"comment_status":"open","ping_status":"closed","template":"","meta":[],"product_brand":[],"product_cat":[86,101],"product_tag":[],"class_list":{"0":"post-129","1":"product","2":"type-product","3":"status-publish","4":"has-post-thumbnail","6":"product_cat-unterwegs","7":"product_cat-reiseliteratur","9":"first","10":"instock","11":"shipping-taxable","12":"product-type-external"},"yoast_head":"<!-- This site is optimized with the Yoast SEO plugin v26.2 - https:\/\/yoast.com\/wordpress\/plugins\/seo\/ -->\n<title>The Travel Episodes: Geschichten von Fernweh und Freiheit &#8211; Reiseshop Travel-du.de<\/title>\n<meta name=\"robots\" content=\"index, follow, max-snippet:-1, max-image-preview:large, max-video-preview:-1\" \/>\n<link rel=\"canonical\" href=\"https:\/\/travel-du.de\/reiseshop\/produkt\/the-travel-episodes-geschichten-von-fernweh-und-freiheit\/\" \/>\n<meta property=\"og:locale\" content=\"de_DE\" \/>\n<meta property=\"og:type\" content=\"article\" \/>\n<meta property=\"og:title\" content=\"The Travel Episodes: Geschichten von Fernweh und Freiheit &#8211; Reiseshop Travel-du.de\" \/>\n<meta property=\"og:description\" content=\"Mit seinem Reiseblog \u201eReisedepesche\u201c gewann Johannes Klaus 2011 den Grimme Online Award. Auf seiner neuen, interaktiven Multimedia-Storytelling-Website The Travel Episodes ver\u00f6ffentlichen einige handverlesene Autoren, darunter viele Reiseblogger und Journalisten, ihre Reisereportagen aus\u00a0fernen L\u00e4ndern.  Diese gibt es nun auch in Buchform \u201eThe Travel Episodes: Geschichten von Fernweh und Freiheit\u201c. Dabei werden Reiseziele beleuchtet, die nicht unbedingt auf der Pauschalurlaubs-Liste der meisten Touristen stehen. Ob per Anhalter durch Pakistan, auf einer nicht ganz ungef\u00e4hrlichen Reise durch Somaliland oder mit der MS Bremen Richtung Antarktis \u2013\u00a0stets \u00e4u\u00dferst mitrei\u00dfend\u00a0geschrieben und aufbereitet \u2013 entfachen die einzelnen Episoden das Reisefieber im Kopf und machen garantiert aus jedem Couchpotato einen abenteuerlustigen Indiana Jones. Und dabei gibt es immer auch noch die ein oder andere Erkenntnis zu gewinnen.  \u21d2 Direkt bei Amazon bestellen.\" \/>\n<meta property=\"og:url\" content=\"https:\/\/travel-du.de\/reiseshop\/produkt\/the-travel-episodes-geschichten-von-fernweh-und-freiheit\/\" \/>\n<meta property=\"og:site_name\" content=\"Reiseshop Travel-du.de\" \/>\n<meta property=\"article:modified_time\" content=\"2016-12-26T16:03:09+00:00\" \/>\n<meta property=\"og:image\" content=\"https:\/\/travel-du.de\/reiseshop\/wp-content\/uploads\/2016\/12\/The-Travel-Episodes-Geschichten-von-Fernweh-und-Freiheit-0.jpg\" \/>\n\t<meta property=\"og:image:width\" content=\"337\" \/>\n\t<meta property=\"og:image:height\" content=\"500\" \/>\n\t<meta property=\"og:image:type\" content=\"image\/jpeg\" \/>\n<meta name=\"twitter:card\" content=\"summary_large_image\" \/>\n<meta name=\"twitter:label1\" content=\"Gesch\u00e4tzte Lesezeit\" \/>\n\t<meta name=\"twitter:data1\" content=\"1\u00a0Minute\" \/>\n<script type=\"application\/ld+json\" class=\"yoast-schema-graph\">{\"@context\":\"https:\/\/schema.org\",\"@graph\":[{\"@type\":\"WebPage\",\"@id\":\"https:\/\/travel-du.de\/reiseshop\/produkt\/the-travel-episodes-geschichten-von-fernweh-und-freiheit\/\",\"url\":\"https:\/\/travel-du.de\/reiseshop\/produkt\/the-travel-episodes-geschichten-von-fernweh-und-freiheit\/\",\"name\":\"The Travel Episodes: Geschichten von Fernweh und Freiheit &#8211; Reiseshop Travel-du.de\",\"isPartOf\":{\"@id\":\"https:\/\/travel-du.de\/reiseshop\/#website\"},\"primaryImageOfPage\":{\"@id\":\"https:\/\/travel-du.de\/reiseshop\/produkt\/the-travel-episodes-geschichten-von-fernweh-und-freiheit\/#primaryimage\"},\"image\":{\"@id\":\"https:\/\/travel-du.de\/reiseshop\/produkt\/the-travel-episodes-geschichten-von-fernweh-und-freiheit\/#primaryimage\"},\"thumbnailUrl\":\"https:\/\/travel-du.de\/reiseshop\/wp-content\/uploads\/2016\/12\/The-Travel-Episodes-Geschichten-von-Fernweh-und-Freiheit-0.jpg\",\"datePublished\":\"2016-12-21T16:53:24+00:00\",\"dateModified\":\"2016-12-26T16:03:09+00:00\",\"breadcrumb\":{\"@id\":\"https:\/\/travel-du.de\/reiseshop\/produkt\/the-travel-episodes-geschichten-von-fernweh-und-freiheit\/#breadcrumb\"},\"inLanguage\":\"de\",\"potentialAction\":[{\"@type\":\"ReadAction\",\"target\":[\"https:\/\/travel-du.de\/reiseshop\/produkt\/the-travel-episodes-geschichten-von-fernweh-und-freiheit\/\"]}]},{\"@type\":\"ImageObject\",\"inLanguage\":\"de\",\"@id\":\"https:\/\/travel-du.de\/reiseshop\/produkt\/the-travel-episodes-geschichten-von-fernweh-und-freiheit\/#primaryimage\",\"url\":\"https:\/\/travel-du.de\/reiseshop\/wp-content\/uploads\/2016\/12\/The-Travel-Episodes-Geschichten-von-Fernweh-und-Freiheit-0.jpg\",\"contentUrl\":\"https:\/\/travel-du.de\/reiseshop\/wp-content\/uploads\/2016\/12\/The-Travel-Episodes-Geschichten-von-Fernweh-und-Freiheit-0.jpg\",\"width\":337,\"height\":500},{\"@type\":\"BreadcrumbList\",\"@id\":\"https:\/\/travel-du.de\/reiseshop\/produkt\/the-travel-episodes-geschichten-von-fernweh-und-freiheit\/#breadcrumb\",\"itemListElement\":[{\"@type\":\"ListItem\",\"position\":1,\"name\":\"Startseite\",\"item\":\"https:\/\/travel-du.de\/reiseshop\/\"},{\"@type\":\"ListItem\",\"position\":2,\"name\":\"Shop\",\"item\":\"https:\/\/travel-du.de\/reiseshop\/shop\/\"},{\"@type\":\"ListItem\",\"position\":3,\"name\":\"The Travel Episodes: Geschichten von Fernweh und Freiheit\"}]},{\"@type\":\"WebSite\",\"@id\":\"https:\/\/travel-du.de\/reiseshop\/#website\",\"url\":\"https:\/\/travel-du.de\/reiseshop\/\",\"name\":\"Reiseshop Travel-du.de\",\"description\":\"Der Shop f\u00fcr Reisende, Weltenbummler und Abenteurer\",\"potentialAction\":[{\"@type\":\"SearchAction\",\"target\":{\"@type\":\"EntryPoint\",\"urlTemplate\":\"https:\/\/travel-du.de\/reiseshop\/?s={search_term_string}\"},\"query-input\":{\"@type\":\"PropertyValueSpecification\",\"valueRequired\":true,\"valueName\":\"search_term_string\"}}],\"inLanguage\":\"de\"}]}<\/script>\n<!-- \/ Yoast SEO plugin. -->","yoast_head_json":{"title":"The Travel Episodes: Geschichten von Fernweh und Freiheit &#8211; Reiseshop Travel-du.de","robots":{"index":"index","follow":"follow","max-snippet":"max-snippet:-1","max-image-preview":"max-image-preview:large","max-video-preview":"max-video-preview:-1"},"canonical":"https:\/\/travel-du.de\/reiseshop\/produkt\/the-travel-episodes-geschichten-von-fernweh-und-freiheit\/","og_locale":"de_DE","og_type":"article","og_title":"The Travel Episodes: Geschichten von Fernweh und Freiheit &#8211; Reiseshop Travel-du.de","og_description":"Mit seinem Reiseblog \u201eReisedepesche\u201c gewann Johannes Klaus 2011 den Grimme Online Award. Auf seiner neuen, interaktiven Multimedia-Storytelling-Website The Travel Episodes ver\u00f6ffentlichen einige handverlesene Autoren, darunter viele Reiseblogger und Journalisten, ihre Reisereportagen aus\u00a0fernen L\u00e4ndern.  Diese gibt es nun auch in Buchform \u201eThe Travel Episodes: Geschichten von Fernweh und Freiheit\u201c. Dabei werden Reiseziele beleuchtet, die nicht unbedingt auf der Pauschalurlaubs-Liste der meisten Touristen stehen. Ob per Anhalter durch Pakistan, auf einer nicht ganz ungef\u00e4hrlichen Reise durch Somaliland oder mit der MS Bremen Richtung Antarktis \u2013\u00a0stets \u00e4u\u00dferst mitrei\u00dfend\u00a0geschrieben und aufbereitet \u2013 entfachen die einzelnen Episoden das Reisefieber im Kopf und machen garantiert aus jedem Couchpotato einen abenteuerlustigen Indiana Jones. Und dabei gibt es immer auch noch die ein oder andere Erkenntnis zu gewinnen.  \u21d2 Direkt bei Amazon bestellen.","og_url":"https:\/\/travel-du.de\/reiseshop\/produkt\/the-travel-episodes-geschichten-von-fernweh-und-freiheit\/","og_site_name":"Reiseshop Travel-du.de","article_modified_time":"2016-12-26T16:03:09+00:00","og_image":[{"width":337,"height":500,"url":"https:\/\/travel-du.de\/reiseshop\/wp-content\/uploads\/2016\/12\/The-Travel-Episodes-Geschichten-von-Fernweh-und-Freiheit-0.jpg","type":"image\/jpeg"}],"twitter_card":"summary_large_image","twitter_misc":{"Gesch\u00e4tzte Lesezeit":"1\u00a0Minute"},"schema":{"@context":"https:\/\/schema.org","@graph":[{"@type":"WebPage","@id":"https:\/\/travel-du.de\/reiseshop\/produkt\/the-travel-episodes-geschichten-von-fernweh-und-freiheit\/","url":"https:\/\/travel-du.de\/reiseshop\/produkt\/the-travel-episodes-geschichten-von-fernweh-und-freiheit\/","name":"The Travel Episodes: Geschichten von Fernweh und Freiheit &#8211; Reiseshop Travel-du.de","isPartOf":{"@id":"https:\/\/travel-du.de\/reiseshop\/#website"},"primaryImageOfPage":{"@id":"https:\/\/travel-du.de\/reiseshop\/produkt\/the-travel-episodes-geschichten-von-fernweh-und-freiheit\/#primaryimage"},"image":{"@id":"https:\/\/travel-du.de\/reiseshop\/produkt\/the-travel-episodes-geschichten-von-fernweh-und-freiheit\/#primaryimage"},"thumbnailUrl":"https:\/\/travel-du.de\/reiseshop\/wp-content\/uploads\/2016\/12\/The-Travel-Episodes-Geschichten-von-Fernweh-und-Freiheit-0.jpg","datePublished":"2016-12-21T16:53:24+00:00","dateModified":"2016-12-26T16:03:09+00:00","breadcrumb":{"@id":"https:\/\/travel-du.de\/reiseshop\/produkt\/the-travel-episodes-geschichten-von-fernweh-und-freiheit\/#breadcrumb"},"inLanguage":"de","potentialAction":[{"@type":"ReadAction","target":["https:\/\/travel-du.de\/reiseshop\/produkt\/the-travel-episodes-geschichten-von-fernweh-und-freiheit\/"]}]},{"@type":"ImageObject","inLanguage":"de","@id":"https:\/\/travel-du.de\/reiseshop\/produkt\/the-travel-episodes-geschichten-von-fernweh-und-freiheit\/#primaryimage","url":"https:\/\/travel-du.de\/reiseshop\/wp-content\/uploads\/2016\/12\/The-Travel-Episodes-Geschichten-von-Fernweh-und-Freiheit-0.jpg","contentUrl":"https:\/\/travel-du.de\/reiseshop\/wp-content\/uploads\/2016\/12\/The-Travel-Episodes-Geschichten-von-Fernweh-und-Freiheit-0.jpg","width":337,"height":500},{"@type":"BreadcrumbList","@id":"https:\/\/travel-du.de\/reiseshop\/produkt\/the-travel-episodes-geschichten-von-fernweh-und-freiheit\/#breadcrumb","itemListElement":[{"@type":"ListItem","position":1,"name":"Startseite","item":"https:\/\/travel-du.de\/reiseshop\/"},{"@type":"ListItem","position":2,"name":"Shop","item":"https:\/\/travel-du.de\/reiseshop\/shop\/"},{"@type":"ListItem","position":3,"name":"The Travel Episodes: Geschichten von Fernweh und Freiheit"}]},{"@type":"WebSite","@id":"https:\/\/travel-du.de\/reiseshop\/#website","url":"https:\/\/travel-du.de\/reiseshop\/","name":"Reiseshop Travel-du.de","description":"Der Shop f\u00fcr Reisende, Weltenbummler und Abenteurer","potentialAction":[{"@type":"SearchAction","target":{"@type":"EntryPoint","urlTemplate":"https:\/\/travel-du.de\/reiseshop\/?s={search_term_string}"},"query-input":{"@type":"PropertyValueSpecification","valueRequired":true,"valueName":"search_term_string"}}],"inLanguage":"de"}]}},"_links":{"self":[{"href":"https:\/\/travel-du.de\/reiseshop\/wp-json\/wp\/v2\/product\/129","targetHints":{"allow":["GET"]}}],"collection":[{"href":"https:\/\/travel-du.de\/reiseshop\/wp-json\/wp\/v2\/product"}],"about":[{"href":"https:\/\/travel-du.de\/reiseshop\/wp-json\/wp\/v2\/types\/product"}],"replies":[{"embeddable":true,"href":"https:\/\/travel-du.de\/reiseshop\/wp-json\/wp\/v2\/comments?post=129"}],"wp:featuredmedia":[{"embeddable":true,"href":"https:\/\/travel-du.de\/reiseshop\/wp-json\/wp\/v2\/media\/130"}],"wp:attachment":[{"href":"https:\/\/travel-du.de\/reiseshop\/wp-json\/wp\/v2\/media?parent=129"}],"wp:term":[{"taxonomy":"product_brand","embeddable":true,"href":"https:\/\/travel-du.de\/reiseshop\/wp-json\/wp\/v2\/product_brand?post=129"},{"taxonomy":"product_cat","embeddable":true,"href":"https:\/\/travel-du.de\/reiseshop\/wp-json\/wp\/v2\/product_cat?post=129"},{"taxonomy":"product_tag","embeddable":true,"href":"https:\/\/travel-du.de\/reiseshop\/wp-json\/wp\/v2\/product_tag?post=129"}],"curies":[{"name":"wp","href":"https:\/\/api.w.org\/{rel}","templated":true}]}}